{"id":988743,"date":"2024-09-23T11:06:33","date_gmt":"2024-09-23T11:06:33","guid":{"rendered":"https:\/\/rubberautoparts.com\/?post_type=product&#038;p=988743"},"modified":"2025-01-30T13:39:17","modified_gmt":"2025-01-30T13:39:17","slug":"steering-rack-boot-ghsrb0004","status":"publish","type":"product","link":"https:\/\/rubberautoparts.com\/es\/producto\/fuelle-de-cremallera-de-direccion-ghsrb0004\/","title":{"rendered":"Fuelle de cremallera de direcci\u00f3n GHSRB0004 \/ OEM: 45535-26030"},"content":{"rendered":"<div class=\"vgblk-rw-wrapper limit-wrapper\"><strong>Fuelle de direcci\u00f3n de caucho de primera calidad<\/strong>:Fabricada con compuestos de caucho de alta calidad, esta funda de cremallera de direcci\u00f3n ofrece mayor flexibilidad y durabilidad, lo que garantiza un rendimiento confiable a lo largo del tiempo.<\/p>\n<div class=\"elementor-column elementor-col-33 elementor-top-column elementor-element elementor-element-6c16cf5\" data-id=\"6c16cf5\" data-element_type=\"column\">\n<div class=\"elementor-widget-wrap elementor-element-populated\">\n<div class=\"elementor-element elementor-element-1096d9c elementor-widget elementor-widget-text-editor animated fadeIn\" data-id=\"1096d9c\" data-element_type=\"widget\" data-settings=\"{&quot;_animation&quot;:&quot;fadeIn&quot;,&quot;_animation_tablet&quot;:&quot;none&quot;,&quot;_animation_mobile&quot;:&quot;none&quot;,&quot;_animation_delay&quot;:200}\" data-widget_type=\"text-editor.default\">\n<div class=\"elementor-widget-container\">\n<p><strong><a href=\"https:\/\/rubberautoparts.com\/es\/\">F\u00e1brica de productos de caucho Guanghua de Hebei Xingtai Renxian (abreviatura de F\u00e1brica de productos de caucho Guanghua).<\/a><\/strong>F\u00e1brica de piezas de caucho para autom\u00f3viles profesional fundada en 2013, especializada en la producci\u00f3n de piezas de caucho para autom\u00f3viles de alta calidad. Ubicada en la ciudad de Tiankou, condado de Renxian, ciudad de Xingtai, provincia de Hebei.<\/p>\n<p>Nuestra f\u00e1brica est\u00e1 equipada con maquinaria de producci\u00f3n avanzada, como m\u00e1quinas de inyecci\u00f3n de caucho, m\u00e1quinas de vulcanizaci\u00f3n y m\u00e1quinas de moldeo por inyecci\u00f3n. Tambi\u00e9n contamos con un equipo t\u00e9cnico y de producci\u00f3n estable y experimentado.<\/p>\n<p>Nuestros productos principales incluyen\u00a0<strong><a href=\"https:\/\/rubberautoparts.com\/es\/product-category\/CV-joint-boot\/\">Funda de junta homocin\u00e9tica<\/a>,<a href=\"https:\/\/rubberautoparts.com\/es\/product-category\/steering-rack-boot\/\">Fuelle de cremallera de direcci\u00f3n<\/a>,<a href=\"https:\/\/rubberautoparts.com\/es\/product-category\/Shock-absorber-boot\/\">Fuelle del amortiguador<\/a>,<a href=\"https:\/\/rubberautoparts.com\/es\/product-category\/Stabilizer-bar-bushing\/\">Buje de barra estabilizadora<\/a>,<a href=\"https:\/\/rubberautoparts.com\/es\/product-category\/Valve-cover-gasket\/\">Junta de tapa de v\u00e1lvulas<\/a>,<a href=\"https:\/\/rubberautoparts.com\/es\/product-category\/O-Ring\/\">Juntas t\u00f3ricas<\/a>.<\/strong>\u00a0Adem\u00e1s, ofrecemos productos de caucho personalizados adaptados a las especificaciones del cliente y proporcionamos productos listos para usar y servicios OEM para el mercado global.<\/p>\n<\/div>\n<\/div>\n<\/div>\n<\/div>\n<div class=\"elementor-column elementor-col-33 elementor-top-column elementor-element elementor-element-75e1a3f elementor-hidden-phone\" data-id=\"75e1a3f\" data-element_type=\"column\">\n<div class=\"elementor-widget-wrap\"><\/div>\n<\/div>\n<div class=\"elementor-column elementor-col-33 elementor-top-column elementor-element elementor-element-d2c34b6\" data-id=\"d2c34b6\" data-element_type=\"column\">\n<div class=\"elementor-widget-wrap elementor-element-populated\">\n<div class=\"elementor-element elementor-element-326278b elementor-widget elementor-widget-text-editor animated fadeIn\" data-id=\"326278b\" data-element_type=\"widget\" data-settings=\"{&quot;_animation&quot;:&quot;fadeIn&quot;,&quot;_animation_tablet&quot;:&quot;none&quot;,&quot;_animation_mobile&quot;:&quot;none&quot;,&quot;_animation_delay&quot;:400}\" data-widget_type=\"text-editor.default\">\n<div class=\"elementor-widget-container\">\n<p>Con una amplia experiencia en la industria y un estricto sistema de control de calidad, nuestros productos se exportan a regiones como\u00a0<strong>Sudamerica<\/strong>,\u00a0<strong>Asia occidental<\/strong>,\u00a0<strong>Sudeste asi\u00e1tico<\/strong>, y\u00a0<strong>\u00c1frica<\/strong>, obteniendo un amplio reconocimiento por parte de nuestros clientes.<\/p>\n<p>Para expandir a\u00fan m\u00e1s nuestra presencia en el mercado internacional, establecimos\u00a0<strong>Empresa comercial Co., Ltd de Yiwu Changlu<\/strong>. en Yiwu en 2021 como nuestra sucursal de ventas internacionales.<\/p>\n<p>Nos comprometemos a satisfacer las expectativas y demandas de nuestros clientes entregando productos y servicios de calidad garantizada.<\/p>\n<\/div>\n<\/div>\n<\/div>\n<\/div>\n<\/div>\n<p><!-- .vgblk-rw-wrapper --><\/p>","protected":false},"excerpt":{"rendered":"<p>Fuelle de cremallera de direcci\u00f3n de caucho premium: Fabricado con compuestos de caucho de alta calidad, este fuelle de cremallera de direcci\u00f3n ofrece mayor flexibilidad y durabilidad, garantizando un rendimiento confiable a largo plazo. F\u00e1brica de productos de caucho Guanghua de Hebei Xingtai Renxian (abreviatura de F\u00e1brica de productos de caucho Guanghua). Una f\u00e1brica profesional de piezas de caucho para autom\u00f3viles, fundada en 2013, especializada en la producci\u00f3n de piezas de caucho de alta calidad. Ubicada en la ciudad de Tiankou,\u2026<\/p>","protected":false},"featured_media":989361,"template":"","meta":[],"product_brand":[],"product_cat":[61],"product_tag":[80,78,75],"class_list":{"0":"post-988743","1":"product","2":"type-product","3":"status-publish","4":"has-post-thumbnail","6":"product_cat-steering-rack-boot","7":"product_tag-daihatsu","8":"product_tag-hyundai-kia","9":"product_tag-toyota","11":"first","12":"instock","13":"shipping-taxable","14":"purchasable","15":"product-type-simple"},"aioseo_notices":[],"_links":{"self":[{"href":"https:\/\/rubberautoparts.com\/es\/wp-json\/wp\/v2\/product\/988743","targetHints":{"allow":["GET"]}}],"collection":[{"href":"https:\/\/rubberautoparts.com\/es\/wp-json\/wp\/v2\/product"}],"about":[{"href":"https:\/\/rubberautoparts.com\/es\/wp-json\/wp\/v2\/types\/product"}],"wp:featuredmedia":[{"embeddable":true,"href":"https:\/\/rubberautoparts.com\/es\/wp-json\/wp\/v2\/media\/989361"}],"wp:attachment":[{"href":"https:\/\/rubberautoparts.com\/es\/wp-json\/wp\/v2\/media?parent=988743"}],"wp:term":[{"taxonomy":"product_brand","embeddable":true,"href":"https:\/\/rubberautoparts.com\/es\/wp-json\/wp\/v2\/product_brand?post=988743"},{"taxonomy":"product_cat","embeddable":true,"href":"https:\/\/rubberautoparts.com\/es\/wp-json\/wp\/v2\/product_cat?post=988743"},{"taxonomy":"product_tag","embeddable":true,"href":"https:\/\/rubberautoparts.com\/es\/wp-json\/wp\/v2\/product_tag?post=988743"}],"curies":[{"name":"wp","href":"https:\/\/api.w.org\/{rel}","templated":true}]}}