{"id":988744,"date":"2024-09-23T11:06:34","date_gmt":"2024-09-23T11:06:34","guid":{"rendered":"https:\/\/rubberautoparts.com\/?post_type=product&#038;p=988744"},"modified":"2025-01-27T04:11:25","modified_gmt":"2025-01-27T04:11:25","slug":"steering-rack-boot-ghsrb0005","status":"publish","type":"product","link":"https:\/\/rubberautoparts.com\/es\/producto\/fuelle-de-cremallera-de-direccion-ghsrb0005\/","title":{"rendered":"Fuelle de cremallera de direcci\u00f3n GHSRB0005 \/ OEM: 45535-52050,45535-13010"},"content":{"rendered":"<div class=\"vgblk-rw-wrapper limit-wrapper\"><strong>Fuelle de cremallera de direcci\u00f3n ligero<\/strong>:Esta funda de cremallera de direcci\u00f3n liviana proporciona una excelente protecci\u00f3n sin agregar peso innecesario al veh\u00edculo, mejorando la capacidad de respuesta de la direcci\u00f3n.<\/div>\n<p><!-- .vgblk-rw-wrapper --><\/p>","protected":false},"excerpt":{"rendered":"<p>Funda de cremallera de direcci\u00f3n liviana: esta funda de cremallera de direcci\u00f3n liviana proporciona una excelente protecci\u00f3n sin agregar peso innecesario al veh\u00edculo, lo que mejora la capacidad de respuesta de la direcci\u00f3n.<\/p>","protected":false},"featured_media":988674,"template":"","meta":[],"product_brand":[],"product_cat":[61],"product_tag":[75],"class_list":{"0":"post-988744","1":"product","2":"type-product","3":"status-publish","4":"has-post-thumbnail","6":"product_cat-steering-rack-boot","7":"product_tag-toyota","9":"first","10":"instock","11":"shipping-taxable","12":"purchasable","13":"product-type-simple"},"aioseo_notices":[],"_links":{"self":[{"href":"https:\/\/rubberautoparts.com\/es\/wp-json\/wp\/v2\/product\/988744","targetHints":{"allow":["GET"]}}],"collection":[{"href":"https:\/\/rubberautoparts.com\/es\/wp-json\/wp\/v2\/product"}],"about":[{"href":"https:\/\/rubberautoparts.com\/es\/wp-json\/wp\/v2\/types\/product"}],"wp:featuredmedia":[{"embeddable":true,"href":"https:\/\/rubberautoparts.com\/es\/wp-json\/wp\/v2\/media\/988674"}],"wp:attachment":[{"href":"https:\/\/rubberautoparts.com\/es\/wp-json\/wp\/v2\/media?parent=988744"}],"wp:term":[{"taxonomy":"product_brand","embeddable":true,"href":"https:\/\/rubberautoparts.com\/es\/wp-json\/wp\/v2\/product_brand?post=988744"},{"taxonomy":"product_cat","embeddable":true,"href":"https:\/\/rubberautoparts.com\/es\/wp-json\/wp\/v2\/product_cat?post=988744"},{"taxonomy":"product_tag","embeddable":true,"href":"https:\/\/rubberautoparts.com\/es\/wp-json\/wp\/v2\/product_tag?post=988744"}],"curies":[{"name":"wp","href":"https:\/\/api.w.org\/{rel}","templated":true}]}}