{"id":988748,"date":"2024-09-23T11:06:37","date_gmt":"2024-09-23T11:06:37","guid":{"rendered":"https:\/\/rubberautoparts.com\/?post_type=product&#038;p=988748"},"modified":"2025-02-13T13:09:40","modified_gmt":"2025-02-13T13:09:40","slug":"steering-rack-boot-ghsrb0009","status":"publish","type":"product","link":"https:\/\/rubberautoparts.com\/es\/producto\/fuelle-de-cremallera-de-direccion-ghsrb0009\/","title":{"rendered":"Fuelle de cremallera de direcci\u00f3n GHSRB0009 \/ OEM: 45535-12100\/45535-24030\/45535-14070"},"content":{"rendered":"<div class=\"vgblk-rw-wrapper limit-wrapper\"><strong>Fuelle de cremallera de direcci\u00f3n con amortiguaci\u00f3n de impactos<\/strong>:Dise\u00f1ada para absorber golpes y vibraciones, esta bota mejora la sensaci\u00f3n y el rendimiento de la direcci\u00f3n, contribuyendo a una mejor experiencia de conducci\u00f3n en general.<\/div>\n<p><!-- .vgblk-rw-wrapper --><\/p>","protected":false},"excerpt":{"rendered":"<p>Fuelle de direcci\u00f3n con absorci\u00f3n de impactos: dise\u00f1ado para absorber impactos y vibraciones, este fuelle mejora la sensaci\u00f3n y el rendimiento de la direcci\u00f3n, lo que contribuye a una mejor experiencia de conducci\u00f3n en general.<\/p>","protected":false},"featured_media":989002,"template":"","meta":[],"product_brand":[],"product_cat":[61],"product_tag":[82,81,75],"class_list":{"0":"post-988748","1":"product","2":"type-product","3":"status-publish","4":"has-post-thumbnail","6":"product_cat-steering-rack-boot","7":"product_tag-general-motors","8":"product_tag-lexus","9":"product_tag-toyota","11":"first","12":"instock","13":"shipping-taxable","14":"purchasable","15":"product-type-simple"},"aioseo_notices":[],"_links":{"self":[{"href":"https:\/\/rubberautoparts.com\/es\/wp-json\/wp\/v2\/product\/988748","targetHints":{"allow":["GET"]}}],"collection":[{"href":"https:\/\/rubberautoparts.com\/es\/wp-json\/wp\/v2\/product"}],"about":[{"href":"https:\/\/rubberautoparts.com\/es\/wp-json\/wp\/v2\/types\/product"}],"wp:featuredmedia":[{"embeddable":true,"href":"https:\/\/rubberautoparts.com\/es\/wp-json\/wp\/v2\/media\/989002"}],"wp:attachment":[{"href":"https:\/\/rubberautoparts.com\/es\/wp-json\/wp\/v2\/media?parent=988748"}],"wp:term":[{"taxonomy":"product_brand","embeddable":true,"href":"https:\/\/rubberautoparts.com\/es\/wp-json\/wp\/v2\/product_brand?post=988748"},{"taxonomy":"product_cat","embeddable":true,"href":"https:\/\/rubberautoparts.com\/es\/wp-json\/wp\/v2\/product_cat?post=988748"},{"taxonomy":"product_tag","embeddable":true,"href":"https:\/\/rubberautoparts.com\/es\/wp-json\/wp\/v2\/product_tag?post=988748"}],"curies":[{"name":"wp","href":"https:\/\/api.w.org\/{rel}","templated":true}]}}