{"id":988751,"date":"2024-09-23T11:06:40","date_gmt":"2024-09-23T11:06:40","guid":{"rendered":"https:\/\/rubberautoparts.com\/?post_type=product&#038;p=988751"},"modified":"2025-01-27T04:01:19","modified_gmt":"2025-01-27T04:01:19","slug":"steering-rack-boot-ghsrb0012","status":"publish","type":"product","link":"https:\/\/rubberautoparts.com\/es\/producto\/fuelle-de-cremallera-de-direccion-ghsrb0012\/","title":{"rendered":"Fuelle de cremallera de direcci\u00f3n GHSRB0012 \/ OEM: 45535-60020,45535-60021"},"content":{"rendered":"<div class=\"vgblk-rw-wrapper limit-wrapper\"><strong>Funda de cremallera de direcci\u00f3n para todo tipo de clima<\/strong>Dise\u00f1ado para soportar condiciones clim\u00e1ticas extremas, este fuelle de direcci\u00f3n mantiene su integridad en condiciones de calor, fr\u00edo y humedad.<\/p>\n<p>&nbsp;<\/p><\/div>\n<p><!-- .vgblk-rw-wrapper --><\/p>","protected":false},"excerpt":{"rendered":"<p>Funda de cremallera de direcci\u00f3n para todo clima: dise\u00f1ada para soportar condiciones clim\u00e1ticas extremas, esta funda de cremallera de direcci\u00f3n mantiene su integridad en condiciones de calor, fr\u00edo y humedad. &nbsp;<\/p>","protected":false},"featured_media":988688,"template":"","meta":[],"product_brand":[],"product_cat":[61],"product_tag":[81,75],"class_list":{"0":"post-988751","1":"product","2":"type-product","3":"status-publish","4":"has-post-thumbnail","6":"product_cat-steering-rack-boot","7":"product_tag-lexus","8":"product_tag-toyota","10":"first","11":"instock","12":"shipping-taxable","13":"purchasable","14":"product-type-simple"},"aioseo_notices":[],"_links":{"self":[{"href":"https:\/\/rubberautoparts.com\/es\/wp-json\/wp\/v2\/product\/988751","targetHints":{"allow":["GET"]}}],"collection":[{"href":"https:\/\/rubberautoparts.com\/es\/wp-json\/wp\/v2\/product"}],"about":[{"href":"https:\/\/rubberautoparts.com\/es\/wp-json\/wp\/v2\/types\/product"}],"wp:featuredmedia":[{"embeddable":true,"href":"https:\/\/rubberautoparts.com\/es\/wp-json\/wp\/v2\/media\/988688"}],"wp:attachment":[{"href":"https:\/\/rubberautoparts.com\/es\/wp-json\/wp\/v2\/media?parent=988751"}],"wp:term":[{"taxonomy":"product_brand","embeddable":true,"href":"https:\/\/rubberautoparts.com\/es\/wp-json\/wp\/v2\/product_brand?post=988751"},{"taxonomy":"product_cat","embeddable":true,"href":"https:\/\/rubberautoparts.com\/es\/wp-json\/wp\/v2\/product_cat?post=988751"},{"taxonomy":"product_tag","embeddable":true,"href":"https:\/\/rubberautoparts.com\/es\/wp-json\/wp\/v2\/product_tag?post=988751"}],"curies":[{"name":"wp","href":"https:\/\/api.w.org\/{rel}","templated":true}]}}