{"id":988953,"date":"2024-10-09T03:23:13","date_gmt":"2024-10-09T03:23:13","guid":{"rendered":"https:\/\/rubberautoparts.com\/?post_type=product&#038;p=988953"},"modified":"2025-05-06T09:05:10","modified_gmt":"2025-05-06T09:05:10","slug":"cv-boot-ghcvjb0001-oem-43448-12040","status":"publish","type":"product","link":"https:\/\/rubberautoparts.com\/es\/producto\/junta-homocinetica-de-arranque-ghcvjb0001\/","title":{"rendered":"Fuelle de junta homocin\u00e9tica de goma para Toyota | Fuelle de junta homocin\u00e9tica GHCVJB0001 \u2013 OEM 43448-12040 \/ 04438-12410 \/ 04438-12161 \/ FB2117"},"content":{"rendered":"<div class=\"vgblk-rw-wrapper limit-wrapper\">\n<p class=\"\" data-start=\"152\" data-end=\"203\"><strong data-start=\"152\" data-end=\"203\">Funda de junta homocin\u00e9tica: duradera, flexible y compatible con fabricantes de equipos originales<\/strong><\/p>\n<p class=\"\" data-start=\"205\" data-end=\"454\"><a href=\"https:\/\/www.facebook.com\/rubberautoparts\">F\u00e1brica de productos de caucho Guanghua<\/a> suministros de alta calidad <strong data-start=\"260\" data-end=\"272\">Botas CV<\/strong> Dise\u00f1ados para un rendimiento constante y una larga vida \u00fatil. Fabricados con caucho de primera calidad, nuestros fuelles de transmisi\u00f3n ofrecen una excelente resistencia al desgaste, las grietas y la exposici\u00f3n a la intemperie.<\/p>\n<p class=\"\" data-start=\"456\" data-end=\"635\">Este modelo (GHCVJB0001) es compatible con m\u00faltiples <a href=\"https:\/\/rubberautoparts.com\/es\/consulta\/\">Fabricante de equipos originales (OEM)<\/a> n\u00fameros de pieza: <strong data-start=\"526\" data-end=\"578\">43448-12040 \/ 04438-12410 \/ 04438-12161 \/ FB2117<\/strong>, ofreciendo un ajuste confiable para varios modelos de veh\u00edculos.<\/p>\n<p class=\"\" data-start=\"639\" data-end=\"813\">\u2714 Adecuado para aplicaciones de posventa y OEM<br data-start=\"686\" data-end=\"689\" \/>\u2714 Suministro estable, embalaje personalizable y soporte para pedidos al por mayor.<br data-start=\"752\" data-end=\"755\" \/>\u2714 Est\u00e1ndares estrictos de control de calidad, con muestras disponibles a pedido<\/p>\n<\/div>\n<p><!-- .vgblk-rw-wrapper --><\/p>","protected":false},"excerpt":{"rendered":"<p>CV Boot \u2013 Durable, Flexible, and OEM-Compatible Guanghua Rubber Products Factory supplies high-quality CV Boots designed for consistent performance and long service life. Manufactured from premium rubber, our CV Boots provide excellent resistance to wear, cracking, and environmental exposure. This model (GHCVJB0001) is compatible with multiple OEM part numbers: 43448-12040 \/ 04438-12410 \/ 04438-12161 \/&#8230;<\/p>","protected":false},"featured_media":989337,"template":"","meta":[],"product_brand":[],"product_cat":[63],"product_tag":[75],"class_list":{"0":"post-988953","1":"product","2":"type-product","3":"status-publish","4":"has-post-thumbnail","6":"product_cat-cv-joint-boot","7":"product_tag-toyota","9":"first","10":"instock","11":"shipping-taxable","12":"purchasable","13":"product-type-simple"},"aioseo_notices":[],"_links":{"self":[{"href":"https:\/\/rubberautoparts.com\/es\/wp-json\/wp\/v2\/product\/988953","targetHints":{"allow":["GET"]}}],"collection":[{"href":"https:\/\/rubberautoparts.com\/es\/wp-json\/wp\/v2\/product"}],"about":[{"href":"https:\/\/rubberautoparts.com\/es\/wp-json\/wp\/v2\/types\/product"}],"wp:featuredmedia":[{"embeddable":true,"href":"https:\/\/rubberautoparts.com\/es\/wp-json\/wp\/v2\/media\/989337"}],"wp:attachment":[{"href":"https:\/\/rubberautoparts.com\/es\/wp-json\/wp\/v2\/media?parent=988953"}],"wp:term":[{"taxonomy":"product_brand","embeddable":true,"href":"https:\/\/rubberautoparts.com\/es\/wp-json\/wp\/v2\/product_brand?post=988953"},{"taxonomy":"product_cat","embeddable":true,"href":"https:\/\/rubberautoparts.com\/es\/wp-json\/wp\/v2\/product_cat?post=988953"},{"taxonomy":"product_tag","embeddable":true,"href":"https:\/\/rubberautoparts.com\/es\/wp-json\/wp\/v2\/product_tag?post=988953"}],"curies":[{"name":"wp","href":"https:\/\/api.w.org\/{rel}","templated":true}]}}