{"id":989070,"date":"2024-11-17T14:30:35","date_gmt":"2024-11-17T14:30:35","guid":{"rendered":"https:\/\/rubberautoparts.com\/?post_type=product&#038;p=989070"},"modified":"2025-01-27T03:17:25","modified_gmt":"2025-01-27T03:17:25","slug":"cv-joint-boot-ghcvjb0004-oem-43447-06120","status":"publish","type":"product","link":"https:\/\/rubberautoparts.com\/es\/producto\/fuelle-de-junta-homocinetica-ghcvjb0004-oem-43447-06120\/","title":{"rendered":"Fuelle de junta homocin\u00e9tica GHCVJB0004 \/ OEM: 43447-06120"},"content":{"rendered":"<div class=\"vgblk-rw-wrapper limit-wrapper\"><strong>Fuelle de junta homocin\u00e9tica duradero<\/strong><\/p>\n<p>Proteja las juntas homocin\u00e9ticas de su veh\u00edculo con las juntas homocin\u00e9ticas de alta calidad de Guanghua Rubber Products Factory. <a href=\"https:\/\/rubberautoparts.com\/es\/product-category\/CV-joint-boot\/\">Funda de junta homocin\u00e9tica<\/a>Fabricada con caucho de primera calidad, nuestra bota proporciona una durabilidad superior y protecci\u00f3n contra la suciedad, el agua y los residuos, lo que garantiza un rendimiento \u00f3ptimo para su transmisi\u00f3n.<\/p>\n<p>Dise\u00f1ado para proteger las juntas homocin\u00e9ticas de la suciedad y el desgaste, este fuelle ayuda a mantener un rendimiento \u00f3ptimo del veh\u00edculo.<\/p><\/div>\n<p><!-- .vgblk-rw-wrapper --><\/p>","protected":false},"excerpt":{"rendered":"<p>Durable CV Joint Boot Protect your vehicle&#8217;s CV joints with Guanghua Rubber Products Factory&#8217;s high-quality CV joint boot. Crafted from premium rubber, our boot provides superior durability and shield against dirt, water, and debris, ensuring optimal performance for your drivetrain. Engineered to safeguard CV joints from dirt and wear, this boot helps maintain optimal vehicle&#8230;<\/p>","protected":false},"featured_media":989072,"template":"","meta":[],"product_brand":[],"product_cat":[63],"product_tag":[75],"class_list":{"0":"post-989070","1":"product","2":"type-product","3":"status-publish","4":"has-post-thumbnail","6":"product_cat-cv-joint-boot","7":"product_tag-toyota","9":"first","10":"instock","11":"shipping-taxable","12":"purchasable","13":"product-type-simple"},"aioseo_notices":[],"_links":{"self":[{"href":"https:\/\/rubberautoparts.com\/es\/wp-json\/wp\/v2\/product\/989070","targetHints":{"allow":["GET"]}}],"collection":[{"href":"https:\/\/rubberautoparts.com\/es\/wp-json\/wp\/v2\/product"}],"about":[{"href":"https:\/\/rubberautoparts.com\/es\/wp-json\/wp\/v2\/types\/product"}],"wp:featuredmedia":[{"embeddable":true,"href":"https:\/\/rubberautoparts.com\/es\/wp-json\/wp\/v2\/media\/989072"}],"wp:attachment":[{"href":"https:\/\/rubberautoparts.com\/es\/wp-json\/wp\/v2\/media?parent=989070"}],"wp:term":[{"taxonomy":"product_brand","embeddable":true,"href":"https:\/\/rubberautoparts.com\/es\/wp-json\/wp\/v2\/product_brand?post=989070"},{"taxonomy":"product_cat","embeddable":true,"href":"https:\/\/rubberautoparts.com\/es\/wp-json\/wp\/v2\/product_cat?post=989070"},{"taxonomy":"product_tag","embeddable":true,"href":"https:\/\/rubberautoparts.com\/es\/wp-json\/wp\/v2\/product_tag?post=989070"}],"curies":[{"name":"wp","href":"https:\/\/api.w.org\/{rel}","templated":true}]}}