{"id":989225,"date":"2025-01-23T14:46:07","date_gmt":"2025-01-23T14:46:07","guid":{"rendered":"https:\/\/rubberautoparts.com\/?post_type=product&#038;p=989225"},"modified":"2026-04-22T13:18:12","modified_gmt":"2026-04-22T13:18:12","slug":"stabilizer-bar-bushing-ghstbb0002-oem%ef%bc%9ada8z-5484-a","status":"publish","type":"product","link":"https:\/\/rubberautoparts.com\/es\/producto\/buje-de-barra-estabilizadora-ghstbb0002-oem\uff1ada8z-5484-a\/","title":{"rendered":"Buje de barra estabilizadora GHSTBB0002 OEM: DA8Z-5484-A"},"content":{"rendered":"<div class=\"vgblk-rw-wrapper limit-wrapper\"><strong>Buje de barra estabilizadora de poliuretano duradero<\/strong>:Nuestro buje de barra estabilizadora de poliuretano ofrece mayor durabilidad y resistencia al desgaste en comparaci\u00f3n con los bujes de caucho est\u00e1ndar. Ideal para veh\u00edculos de alto rendimiento y aplicaciones todoterreno, minimiza el balanceo y contribuye a mejorar el rendimiento en las curvas.<\/p>\n<div class=\"elementor-column elementor-col-33 elementor-top-column elementor-element elementor-element-6c16cf5\" data-id=\"6c16cf5\" data-element_type=\"column\">\n<div class=\"elementor-widget-wrap elementor-element-populated\">\n<div class=\"elementor-element elementor-element-1096d9c elementor-widget elementor-widget-text-editor animated fadeIn\" data-id=\"1096d9c\" data-element_type=\"widget\" data-settings=\"{&quot;_animation&quot;:&quot;fadeIn&quot;,&quot;_animation_tablet&quot;:&quot;none&quot;,&quot;_animation_mobile&quot;:&quot;none&quot;,&quot;_animation_delay&quot;:200}\" data-widget_type=\"text-editor.default\">\n<div class=\"elementor-widget-container\"><\/div>\n<\/div>\n<\/div>\n<\/div>\n<div class=\"elementor-column elementor-col-33 elementor-top-column elementor-element elementor-element-d2c34b6\" data-id=\"d2c34b6\" data-element_type=\"column\">\n<div class=\"elementor-widget-wrap elementor-element-populated\">\n<div class=\"elementor-element elementor-element-326278b elementor-widget elementor-widget-text-editor animated fadeIn\" data-id=\"326278b\" data-element_type=\"widget\" data-settings=\"{&quot;_animation&quot;:&quot;fadeIn&quot;,&quot;_animation_tablet&quot;:&quot;none&quot;,&quot;_animation_mobile&quot;:&quot;none&quot;,&quot;_animation_delay&quot;:400}\" data-widget_type=\"text-editor.default\">\n<div class=\"elementor-widget-container\">\n<p>&nbsp;<\/p>\n<\/div>\n<\/div>\n<\/div>\n<\/div>\n<\/div>\n<p><!-- .vgblk-rw-wrapper --><\/p>","protected":false},"excerpt":{"rendered":"<p>Buje de barra estabilizadora de poliuretano duradero: nuestro buje de barra estabilizadora de poliuretano ofrece mayor durabilidad y resistencia al desgaste en comparaci\u00f3n con los bujes de goma est\u00e1ndar. Ideal para veh\u00edculos de alto rendimiento y aplicaciones todoterreno, minimiza el balanceo y contribuye a mejorar el rendimiento en las curvas. &nbsp;<\/p>","protected":false},"featured_media":990309,"template":"","meta":[],"product_brand":[],"product_cat":[64],"product_tag":[94],"class_list":{"0":"post-989225","1":"product","2":"type-product","3":"status-publish","4":"has-post-thumbnail","6":"product_cat-stabilizer-bar-bushing","7":"product_tag-ford","9":"first","10":"instock","11":"shipping-taxable","12":"purchasable","13":"product-type-simple"},"aioseo_notices":[],"_links":{"self":[{"href":"https:\/\/rubberautoparts.com\/es\/wp-json\/wp\/v2\/product\/989225","targetHints":{"allow":["GET"]}}],"collection":[{"href":"https:\/\/rubberautoparts.com\/es\/wp-json\/wp\/v2\/product"}],"about":[{"href":"https:\/\/rubberautoparts.com\/es\/wp-json\/wp\/v2\/types\/product"}],"wp:featuredmedia":[{"embeddable":true,"href":"https:\/\/rubberautoparts.com\/es\/wp-json\/wp\/v2\/media\/990309"}],"wp:attachment":[{"href":"https:\/\/rubberautoparts.com\/es\/wp-json\/wp\/v2\/media?parent=989225"}],"wp:term":[{"taxonomy":"product_brand","embeddable":true,"href":"https:\/\/rubberautoparts.com\/es\/wp-json\/wp\/v2\/product_brand?post=989225"},{"taxonomy":"product_cat","embeddable":true,"href":"https:\/\/rubberautoparts.com\/es\/wp-json\/wp\/v2\/product_cat?post=989225"},{"taxonomy":"product_tag","embeddable":true,"href":"https:\/\/rubberautoparts.com\/es\/wp-json\/wp\/v2\/product_tag?post=989225"}],"curies":[{"name":"wp","href":"https:\/\/api.w.org\/{rel}","templated":true}]}}