{"id":989331,"date":"2025-01-27T12:52:33","date_gmt":"2025-01-27T12:52:33","guid":{"rendered":"https:\/\/rubberautoparts.com\/?post_type=product&#038;p=989331"},"modified":"2025-05-06T09:25:12","modified_gmt":"2025-05-06T09:25:12","slug":"toyota-cv-joint-boot-ghcvjb0005-oem-43448","status":"publish","type":"product","link":"https:\/\/rubberautoparts.com\/es\/producto\/junta-homocinetica-ghcvjb0005-oem-43448-ok020-43448-ok010-43448-ok0b0-04437-ok022\/","title":{"rendered":"Fuelle de junta homocin\u00e9tica Toyota GHCVJB0005\/ Fuelle de junta homocin\u00e9tica OEM: 43448-OK020\/43448-OK010\/43448-OK0B0\/04437-OK022"},"content":{"rendered":"<div class=\"vgblk-rw-wrapper limit-wrapper\"><strong>Fuelle de junta homocin\u00e9tica Toyota: protecci\u00f3n pr\u00e9mium para un rendimiento \u00f3ptimo del tren motriz<\/strong><\/p>\n<p>Garantice una transferencia de potencia perfecta y una mayor vida \u00fatil de la junta homocin\u00e9tica con nuestro\u00a0<a href=\"https:\/\/rubberautoparts.com\/es\/toyota\/\"><strong>Funda de junta homocin\u00e9tica de Toyota<\/strong><\/a>, dise\u00f1ado con precisi\u00f3n por\u00a0<strong>F\u00e1brica de productos de caucho Guanghua<\/strong>Dise\u00f1ado para los modelos Toyota, incluidos Corolla, Camry, RAV4 y Hilux, este maletero est\u00e1 fabricado con materiales avanzados.\u00a0<strong>caucho termopl\u00e1stico (TPR)<\/strong>\u00a0Ofrece una resistencia inigualable contra grietas, abrasi\u00f3n y temperaturas extremas (de -40 \u00b0C a 120 \u00b0C). Sus nervaduras reforzadas y su sello herm\u00e9tico evitan fugas de grasa, a la vez que bloquean la suciedad, la humedad y los residuos, garantizando un funcionamiento suave y silencioso incluso en condiciones de conducci\u00f3n adversas.<\/p>\n<p><strong>Ventajas clave:<\/strong><\/p>\n<ul>\n<li><strong>Dise\u00f1o compatible con OEM<\/strong>:Moldeado con precisi\u00f3n para un ajuste perfecto en las juntas homocin\u00e9ticas de Toyota.<\/li>\n<li><strong>Material TPR duradero<\/strong>:Resiste la exposici\u00f3n a los rayos UV, a los productos qu\u00edmicos y a la corrosi\u00f3n de la sal de la carretera.<\/li>\n<li><strong>Confiabilidad en todo tipo de clima<\/strong>:Mantiene la flexibilidad en condiciones de fr\u00edo glacial o calor abrasador.<\/li>\n<li><strong>Control de calidad riguroso<\/strong>:100% probado para precisi\u00f3n dimensional e integridad del material.<\/li>\n<\/ul>\n<hr \/>\n<p><strong>Acerca de la f\u00e1brica de productos de caucho Guanghua<\/strong><br \/>\nFundada en 2013 en la ciudad de Tiankou, condado de Renxian (ciudad de Xingtai, provincia de Hebei), somos un fabricante confiable de componentes de caucho para autom\u00f3viles. Equipados con\u00a0<strong>l\u00edneas de producci\u00f3n avanzadas<\/strong>\u2014incluido el moldeo por inyecci\u00f3n de caucho, los sistemas de vulcanizaci\u00f3n y los moldes mecanizados por CNC\u2014combinamos tecnolog\u00eda y experiencia para cumplir con los est\u00e1ndares mundiales de rendimiento y durabilidad.<\/p>\n<p><strong>\u00bfPor qu\u00e9 asociarse con nosotros?<\/strong><\/p>\n<ul>\n<li><strong>Experiencia principal<\/strong>:Especializado en fuelles de junta homocin\u00e9tica, fuelles de cremallera de direcci\u00f3n, bujes estabilizadores y soluciones de caucho automotrices personalizadas.<\/li>\n<li><strong>Validaci\u00f3n global<\/strong>:Productos exportados a Sudam\u00e9rica, el Sudeste Asi\u00e1tico, \u00c1frica y m\u00e1s all\u00e1, confiables por su confiabilidad.<\/li>\n<li><strong>Control de extremo a extremo<\/strong>Desde la obtenci\u00f3n de materia prima hasta la inspecci\u00f3n final, garantizando una calidad constante.<\/li>\n<li><strong>Soluciones personalizadas<\/strong>:Servicios OEM y dise\u00f1os personalizados para satisfacer los requisitos espec\u00edficos del veh\u00edculo.<\/li>\n<\/ul>\n<p><strong>Garant\u00eda de calidad sin concesiones<\/strong><br \/>\nMientras priorizamos\u00a0<strong>Alta relaci\u00f3n coste-rendimiento en comparaci\u00f3n con las garant\u00edas formales<\/strong>Cada fuelle de junta homocin\u00e9tica se somete a rigurosos controles:<\/p>\n<ol start=\"1\">\n<li><strong>Pruebas de materiales<\/strong>:Dureza TPR, resistencia a la tracci\u00f3n y tasa de alargamiento verificadas.<\/li>\n<li><strong>Validaci\u00f3n del rendimiento<\/strong>:Pruebas simuladas de rotaci\u00f3n a alta velocidad y ciclos de temperatura.<\/li>\n<li><strong>Garant\u00eda de ajuste<\/strong>:Probado en banco contra <a href=\"https:\/\/rubberautoparts.com\/es\/consulta\/\">Fabricante de equipos originales (OEM)<\/a> Especificaciones de la junta homocin\u00e9tica de Toyota.<\/li>\n<\/ol>\n<hr \/>\n<p><strong>Alcance global, apoyo local<\/strong><br \/>\nA trav\u00e9s de nuestra divisi\u00f3n internacional,\u00a0<strong>Empresa comercial Yiwu Changlu Co., Ltd.<\/strong>\u00a0(establecida en 2021), brindamos log\u00edstica eficiente, precios competitivos y un servicio receptivo para clientes globales.<\/p>\n<hr \/>\n<p><strong>Conduzca con confianza. Conf\u00ede en Guanghua Precision.<\/strong><\/div>\n<p><!-- .vgblk-rw-wrapper --><\/p>","protected":false},"excerpt":{"rendered":"<p>Toyota CV Joint Boot \u2013 Premium Protection for Optimal Drivetrain Performance Ensure seamless power transfer and extended CV joint lifespan with our\u00a0Toyota CV Joint Boot, precision-engineered by\u00a0Guanghua Rubber Products Factory. Designed for Toyota models including Corolla, Camry, RAV4, and Hilux, this boot is crafted from advanced\u00a0thermoplastic rubber (TPR)\u00a0to deliver unmatched resistance against cracks, abrasion, and&#8230;<\/p>","protected":false},"featured_media":989332,"template":"","meta":[],"product_brand":[],"product_cat":[63],"product_tag":[75],"class_list":{"0":"post-989331","1":"product","2":"type-product","3":"status-publish","4":"has-post-thumbnail","6":"product_cat-cv-joint-boot","7":"product_tag-toyota","9":"first","10":"instock","11":"shipping-taxable","12":"purchasable","13":"product-type-simple"},"aioseo_notices":[],"_links":{"self":[{"href":"https:\/\/rubberautoparts.com\/es\/wp-json\/wp\/v2\/product\/989331","targetHints":{"allow":["GET"]}}],"collection":[{"href":"https:\/\/rubberautoparts.com\/es\/wp-json\/wp\/v2\/product"}],"about":[{"href":"https:\/\/rubberautoparts.com\/es\/wp-json\/wp\/v2\/types\/product"}],"wp:featuredmedia":[{"embeddable":true,"href":"https:\/\/rubberautoparts.com\/es\/wp-json\/wp\/v2\/media\/989332"}],"wp:attachment":[{"href":"https:\/\/rubberautoparts.com\/es\/wp-json\/wp\/v2\/media?parent=989331"}],"wp:term":[{"taxonomy":"product_brand","embeddable":true,"href":"https:\/\/rubberautoparts.com\/es\/wp-json\/wp\/v2\/product_brand?post=989331"},{"taxonomy":"product_cat","embeddable":true,"href":"https:\/\/rubberautoparts.com\/es\/wp-json\/wp\/v2\/product_cat?post=989331"},{"taxonomy":"product_tag","embeddable":true,"href":"https:\/\/rubberautoparts.com\/es\/wp-json\/wp\/v2\/product_tag?post=989331"}],"curies":[{"name":"wp","href":"https:\/\/api.w.org\/{rel}","templated":true}]}}