{"id":989334,"date":"2025-01-28T15:47:06","date_gmt":"2025-01-28T15:47:06","guid":{"rendered":"https:\/\/rubberautoparts.com\/?post_type=product&#038;p=989334"},"modified":"2025-03-28T07:59:13","modified_gmt":"2025-03-28T07:59:13","slug":"cv-joint-boot-ghcvjb0006-oem-43448-28011","status":"publish","type":"product","link":"https:\/\/rubberautoparts.com\/es\/producto\/funda-de-junta-homocinetica-ghcvjb0006-oem-43448-28011\/","title":{"rendered":"FUELLE DE JUNTA HOMOCIN\u00c9TICA GHCVJB0006\/ OEM: 43448-28011"},"content":{"rendered":"<div class=\"vgblk-rw-wrapper limit-wrapper\">\n<h3><strong>Fuelle de junta homocin\u00e9tica Toyota \u2013 Modelo GHCVJB0006 (OEM: 43448-28011)<\/strong><\/h3>\n<p><strong>Opciones de materiales de primera calidad para una protecci\u00f3n superior de la junta homocin\u00e9tica<\/strong><\/p>\n<p>Dise\u00f1ado seg\u00fan las especificaciones OEM de Toyota, el\u00a0<strong>Fuelle de junta homocin\u00e9tica GHCVJB0006<\/strong>\u00a0(OEM: 43448-28011) por\u00a0<strong>F\u00e1brica de productos de caucho Guanghua<\/strong>\u00a0Ofrecemos soluciones de materiales personalizables que se adaptan a sus necesidades de rendimiento. Elija entre compuestos de caucho est\u00e1ndar de la industria para una durabilidad \u00f3ptima y resistencia a las inclemencias del tiempo.<\/p>\n<hr \/>\n<h4><strong>Opciones de materiales y propiedades clave<\/strong><\/h4>\n<ol start=\"1\">\n<li><strong>Caucho natural (NR)<\/strong>\n<ul>\n<li><strong>Ventajas<\/strong>:Elasticidad excepcional, resistencia al desgarro y amortiguaci\u00f3n de vibraciones.<\/li>\n<li><strong>Rango de temperatura<\/strong>:-50\u00b0C a 80\u00b0C<\/li>\n<li><strong>Mejor para<\/strong>:Uso general en climas moderados con m\u00ednima exposici\u00f3n al aceite y a productos qu\u00edmicos.<\/li>\n<\/ul>\n<\/li>\n<li><strong>Caucho de silicona vulcanizado de alta temperatura (HTV)<\/strong>\n<ul>\n<li><strong>Ventajas<\/strong>:Excelente resistencia al calor, estabilidad UV y flexibilidad en temperaturas extremas.<\/li>\n<li><strong>Rango de temperatura<\/strong>:-60\u00b0C a 230\u00b0C<\/li>\n<li><strong>Mejor para<\/strong>:Veh\u00edculos de alto rendimiento o entornos hostiles (desierto, remolque pesado).<\/li>\n<\/ul>\n<\/li>\n<li><strong>Caucho de nitrilo butadieno (NBR)<\/strong>\n<ul>\n<li><strong>Ventajas<\/strong>:Resistencia superior al aceite y al combustible, ideal para conducci\u00f3n urbana.<\/li>\n<li><strong>Rango de temperatura<\/strong>:-40\u00b0C a 120\u00b0C<\/li>\n<li><strong>Mejor para<\/strong>: Tr\u00e1fico con frecuentes paradas y arranques o regiones en las que se utilizan productos qu\u00edmicos o sal en las carreteras.<\/li>\n<\/ul>\n<\/li>\n<li><strong>Mon\u00f3mero de etileno propileno dieno (EPDM)<\/strong>\n<ul>\n<li><strong>Ventajas<\/strong>:Excelente resistencia a la intemperie (ozono, UV, agua), flexibilidad a largo plazo.<\/li>\n<li><strong>Rango de temperatura<\/strong>:-50\u00b0C a 150\u00b0C<\/li>\n<li><strong>Mejor para<\/strong>:Climas costeros o h\u00famedos con alta exposici\u00f3n a la humedad.<\/li>\n<\/ul>\n<\/li>\n<li><strong>Caucho de cloropreno (CR)<\/strong>\n<ul>\n<li><strong>Ventajas<\/strong>:Resistencia equilibrada al aceite, a la llama y a la abrasi\u00f3n.<\/li>\n<li><strong>Rango de temperatura<\/strong>:-30\u00b0C a 100\u00b0C<\/li>\n<li><strong>Mejor para<\/strong>:Aplicaciones para flotas industriales o comerciales.<\/li>\n<\/ul>\n<\/li>\n<\/ol>\n<hr \/>\n<h4><strong>Aspectos destacados del producto<\/strong><\/h4>\n<ul>\n<li><strong>Ajuste exacto del OEM<\/strong>Moldeado con precisi\u00f3n seg\u00fan la pieza Toyota 43448-28011 para una compatibilidad perfecta con:\n<ul>\n<li>Toyota Corolla (2014-2023)<\/li>\n<li>Toyota RAV4 (2018-2023)<\/li>\n<li>Toyota Hilux (2015-2023)<\/li>\n<\/ul>\n<\/li>\n<li><strong>Dise\u00f1o reforzado<\/strong>:Nervas antiabrasi\u00f3n, collar de sellado de triple capa y abrazaderas resistentes a la corrosi\u00f3n.<\/li>\n<li><strong>Validaci\u00f3n de calidad<\/strong>:\n<ul>\n<li><strong>Pruebas de materiales<\/strong>:ASTM D412 (resistencia a la tracci\u00f3n), ASTM D624 (resistencia al desgarro).<\/li>\n<li><strong>Pruebas de rendimiento<\/strong>:Prueba de niebla salina de 500 horas, prueba de flexi\u00f3n din\u00e1mica de 10 000 ciclos.<\/li>\n<\/ul>\n<\/li>\n<\/ul>\n<hr \/>\n<h4><strong>\u00bfPor qu\u00e9 la bota para junta homocin\u00e9tica de Guanghua?<\/strong><\/h4>\n<ul>\n<li><strong>Material personalizable<\/strong>:Seleccione NR, HTV, NBR, EPDM o CR seg\u00fan sus necesidades operativas.<\/li>\n<li><strong>Producci\u00f3n conforme a ISO<\/strong>:La vulcanizaci\u00f3n avanzada y el moldeo por inyecci\u00f3n garantizan la consistencia del lote.<\/li>\n<li><strong>Confianza global<\/strong>:Exportado a m\u00e1s de 30 pa\u00edses con rendimiento comprobado en Am\u00e9rica del Sur, MENA y el Sudeste Asi\u00e1tico.<\/li>\n<\/ul>\n<hr \/>\n<h4><strong>Soporte t\u00e9cnico y pedidos<\/strong><\/h4>\n<p>Contacto\u00a0<strong>Empresa comercial Yiwu Changlu Co., Ltd.<\/strong>\u00a0para:<\/p>\n<ul>\n<li>Gu\u00eda de selecci\u00f3n de materiales<\/li>\n<li>Precios OEM al por mayor<\/li>\n<li>Soluciones log\u00edsticas globales<\/li>\n<\/ul>\n<hr \/>\n<p><strong>Proteja su disco. Elija precisi\u00f3n. Elija Guanghua.<\/strong><\/div>\n<p><!-- .vgblk-rw-wrapper --><\/p>","protected":false},"excerpt":{"rendered":"<p>Toyota CV Joint Boot \u2013 Model GHCVJB0006 (OEM: 43448-28011) Premium Material Options for Superior CV Joint Protection Engineered to Toyota OEM specifications, the\u00a0CV Joint Boot GHCVJB0006\u00a0(OEM: 43448-28011) by\u00a0Guanghua Rubber Products Factory\u00a0offers customizable material solutions to match your performance needs. Choose from industry-standard rubber compounds for optimal durability and environmental resistance. Material Options &amp; Key Properties&#8230;<\/p>","protected":false},"featured_media":989336,"template":"","meta":[],"product_brand":[],"product_cat":[63],"product_tag":[75],"class_list":{"0":"post-989334","1":"product","2":"type-product","3":"status-publish","4":"has-post-thumbnail","6":"product_cat-cv-joint-boot","7":"product_tag-toyota","9":"first","10":"instock","11":"shipping-taxable","12":"purchasable","13":"product-type-simple"},"aioseo_notices":[],"_links":{"self":[{"href":"https:\/\/rubberautoparts.com\/es\/wp-json\/wp\/v2\/product\/989334","targetHints":{"allow":["GET"]}}],"collection":[{"href":"https:\/\/rubberautoparts.com\/es\/wp-json\/wp\/v2\/product"}],"about":[{"href":"https:\/\/rubberautoparts.com\/es\/wp-json\/wp\/v2\/types\/product"}],"wp:featuredmedia":[{"embeddable":true,"href":"https:\/\/rubberautoparts.com\/es\/wp-json\/wp\/v2\/media\/989336"}],"wp:attachment":[{"href":"https:\/\/rubberautoparts.com\/es\/wp-json\/wp\/v2\/media?parent=989334"}],"wp:term":[{"taxonomy":"product_brand","embeddable":true,"href":"https:\/\/rubberautoparts.com\/es\/wp-json\/wp\/v2\/product_brand?post=989334"},{"taxonomy":"product_cat","embeddable":true,"href":"https:\/\/rubberautoparts.com\/es\/wp-json\/wp\/v2\/product_cat?post=989334"},{"taxonomy":"product_tag","embeddable":true,"href":"https:\/\/rubberautoparts.com\/es\/wp-json\/wp\/v2\/product_tag?post=989334"}],"curies":[{"name":"wp","href":"https:\/\/api.w.org\/{rel}","templated":true}]}}