{"id":989364,"date":"2025-02-09T13:09:41","date_gmt":"2025-02-09T13:09:41","guid":{"rendered":"https:\/\/rubberautoparts.com\/?post_type=product&#038;p=989364"},"modified":"2025-03-29T07:36:21","modified_gmt":"2025-03-29T07:36:21","slug":"valve-cover-gasket-ghvcg0005-oem-md-050312","status":"publish","type":"product","link":"https:\/\/rubberautoparts.com\/es\/producto\/junta-de-tapa-de-valvula-ghvcg0005-oem-md-050312\/","title":{"rendered":"JUNTA DE TAPA DE VALVULA GHVCG0005 \/ OEM: MD 050312"},"content":{"rendered":"<div class=\"vgblk-rw-wrapper limit-wrapper\"><strong>Caracter\u00edsticas del producto:<\/strong><\/p>\n<p>La junta de tapa de v\u00e1lvulas de alto rendimiento, producida por Guanghua Rubber Products Factory, est\u00e1 dise\u00f1ada espec\u00edficamente para cumplir con los estrictos requisitos de diversas marcas de autom\u00f3viles, ofreciendo un sellado excepcional y una gran durabilidad. Fabricada con caucho de primera calidad, previene eficazmente las fugas de aceite y garantiza el buen funcionamiento del motor en condiciones de alta temperatura y presi\u00f3n.<\/p>\n<p><strong>Modelos compatibles:<\/strong><\/p>\n<p>Esta junta de tapa de v\u00e1lvula es ampliamente compatible con varios veh\u00edculos desde <a href=\"https:\/\/rubberautoparts.com\/es\/product-tag\/toyota\/\">Toyota<\/a>, Kia, Daewoo, Chevrolet, Ford y m\u00e1s, se adapta perfectamente a varios modelos de motor.<\/p>\n<p><strong>Ventajas del producto:<\/strong><\/p>\n<ol>\n<li><strong>Alta capacidad de sellado:<\/strong>\u00a0El dise\u00f1o optimizado garantiza un sellado seguro entre la tapa de la v\u00e1lvula y el motor, evitando fugas de aceite.<\/li>\n<li><strong>Resistente al calor y a la corrosi\u00f3n:<\/strong>\u00a0Los materiales de alta calidad garantizan que la junta mantenga durabilidad y confiabilidad en entornos corrosivos y de alta temperatura.<\/li>\n<li><strong>F\u00e1cil instalaci\u00f3n:<\/strong>\u00a0Dise\u00f1ado cuidadosamente para un ajuste preciso, lo que permite una instalaci\u00f3n f\u00e1cil y r\u00e1pida, ahorrando tiempo de reparaci\u00f3n.<\/li>\n<li><strong>Materiales ecol\u00f3gicos:<\/strong>\u00a0Todos los materiales cumplen con los est\u00e1ndares medioambientales, lo que los hace seguros para el medio ambiente.<\/li>\n<\/ol>\n<p><strong>Aplicaciones:<\/strong><\/p>\n<p>Esta junta de tapa de v\u00e1lvula se usa ampliamente en reparaciones, mantenimiento y actualizaciones de autom\u00f3viles, es adecuada para varios sedanes, SUV y veh\u00edculos comerciales, lo que ayuda a los usuarios a mejorar el rendimiento general de su veh\u00edculo.<\/p>\n<p><strong>Almacenamiento y mantenimiento:<\/strong><\/p>\n<p>Se recomienda almacenar la junta de la tapa de v\u00e1lvulas en un lugar seco y fresco, evitando la exposici\u00f3n directa a la luz solar o altas temperaturas para mantener su \u00f3ptimo rendimiento.<\/p>\n<p>Elija la junta de tapa de v\u00e1lvula de alto rendimiento de Guanghua Rubber Products Factory para garantizar que su veh\u00edculo funcione sin problemas y brinde una experiencia de conducci\u00f3n m\u00e1s segura y c\u00f3moda.<\/p><\/div>\n<p><!-- .vgblk-rw-wrapper --><\/p>","protected":false},"excerpt":{"rendered":"<p>Product Features: The high-performance Valve Cover Gasket produced by Guanghua Rubber Products Factory is specifically designed to meet the stringent requirements of various automotive brands, offering exceptional sealing performance and durability. Made from premium rubber materials, it effectively prevents oil leaks and ensures the engine operates smoothly under high temperature and pressure conditions. Compatible Models:&#8230;<\/p>","protected":false},"featured_media":989366,"template":"","meta":[],"product_brand":[],"product_cat":[65],"product_tag":[96,95],"class_list":{"0":"post-989364","1":"product","2":"type-product","3":"status-publish","4":"has-post-thumbnail","6":"product_cat-valve-cover-gasket","7":"product_tag-hyundai","8":"product_tag-mitsubishi","10":"first","11":"instock","12":"shipping-taxable","13":"purchasable","14":"product-type-simple"},"aioseo_notices":[],"_links":{"self":[{"href":"https:\/\/rubberautoparts.com\/es\/wp-json\/wp\/v2\/product\/989364","targetHints":{"allow":["GET"]}}],"collection":[{"href":"https:\/\/rubberautoparts.com\/es\/wp-json\/wp\/v2\/product"}],"about":[{"href":"https:\/\/rubberautoparts.com\/es\/wp-json\/wp\/v2\/types\/product"}],"wp:featuredmedia":[{"embeddable":true,"href":"https:\/\/rubberautoparts.com\/es\/wp-json\/wp\/v2\/media\/989366"}],"wp:attachment":[{"href":"https:\/\/rubberautoparts.com\/es\/wp-json\/wp\/v2\/media?parent=989364"}],"wp:term":[{"taxonomy":"product_brand","embeddable":true,"href":"https:\/\/rubberautoparts.com\/es\/wp-json\/wp\/v2\/product_brand?post=989364"},{"taxonomy":"product_cat","embeddable":true,"href":"https:\/\/rubberautoparts.com\/es\/wp-json\/wp\/v2\/product_cat?post=989364"},{"taxonomy":"product_tag","embeddable":true,"href":"https:\/\/rubberautoparts.com\/es\/wp-json\/wp\/v2\/product_tag?post=989364"}],"curies":[{"name":"wp","href":"https:\/\/api.w.org\/{rel}","templated":true}]}}