{"id":989406,"date":"2025-03-18T12:29:55","date_gmt":"2025-03-18T12:29:55","guid":{"rendered":"https:\/\/rubberautoparts.com\/?post_type=product&#038;p=989406"},"modified":"2025-06-23T07:27:27","modified_gmt":"2025-06-23T07:27:27","slug":"cv-joint-boot-ghcvjb0016-oem-43448-06090-c1715t","status":"publish","type":"product","link":"https:\/\/rubberautoparts.com\/es\/producto\/funda-de-junta-homocinetica-ghcvjb0016-oem-43448-06090-c1715t\/","title":{"rendered":"FUNDA DE JUNTA HOMOCIN\u00c9TICA GHCVJB0016\/OEM: 43448-06090\/C1715T"},"content":{"rendered":"<div class=\"vgblk-rw-wrapper limit-wrapper\">El <strong>Funda de junta homocin\u00e9tica personalizada GHCVJB0016<\/strong>Fabricada seg\u00fan los estrictos est\u00e1ndares OEM (OEM: 43448-06090, C1715T), es una funda protectora premium dise\u00f1ada para proteger las juntas homocin\u00e9ticas de su veh\u00edculo de los efectos da\u00f1inos de la suciedad, el agua, los residuos y otros contaminantes ambientales. Esta funda de alta calidad, fabricada por Guanghua Rubber, una marca de confianza en componentes de caucho para autom\u00f3viles, garantiza un ajuste preciso y una durabilidad superior para satisfacer las exigencias tanto de la conducci\u00f3n diaria como de las exigentes condiciones todoterreno.<\/p>\n<p>Fabricado con materiales avanzados, flexibles y resistentes al calor, el GHCVJB0016 ofrece una excelente resistencia al agrietamiento, desgarro y envejecimiento, incluso bajo altas temperaturas y tensiones mec\u00e1nicas. Su dise\u00f1o garantiza un sellado herm\u00e9tico que previene eficazmente fugas de grasa y contaminaci\u00f3n, causas comunes del desgaste y fallas de las juntas homocin\u00e9ticas. Al mantener una lubricaci\u00f3n adecuada y proteger contra elementos externos, este fuelle prolonga la vida \u00fatil de las juntas homocin\u00e9ticas, evitando costosas reparaciones y reemplazos.<\/p>\n<p>La instalaci\u00f3n <a href=\"https:\/\/rubberautoparts.com\/es\/proceso-de-produccion\/\">proceso<\/a> Es sencillo, lo que lo hace ideal para talleres profesionales de reparaci\u00f3n de autom\u00f3viles, distribuidores de repuestos y propietarios de veh\u00edculos que buscan una soluci\u00f3n confiable compatible con equipos originales (OEM). Su robusta construcci\u00f3n garantiza un rendimiento duradero, incluso en entornos de conducci\u00f3n exigentes. Ya sea que est\u00e9 realizando mantenimiento rutinario o reparando juntas homocin\u00e9ticas da\u00f1adas, el <a href=\"https:\/\/www.linkedin.com\/feed\/update\/urn:li:activity:7342814506458206209\/?actorCompanyId=107554455\"><strong>GHCVJB0016<\/strong><\/a> Proporciona la confianza y la garant\u00eda de calidad que necesita para mantener su veh\u00edculo funcionando sin problemas y con seguridad.<\/p>\n<p>Elija la experiencia y el compromiso con la calidad de Guanghua Rubber con este <strong>Funda de junta homocin\u00e9tica personalizada<\/strong>, que combina un ajuste perfecto, durabilidad y conformidad con los fabricantes de equipos originales (OEM), lo que lo convierte en un componente ideal para garantizar un rendimiento \u00f3ptimo del veh\u00edculo y la protecci\u00f3n de la transmisi\u00f3n.<\/div>\n<p><!-- .vgblk-rw-wrapper --><\/p>","protected":false},"excerpt":{"rendered":"<p>The Custom CV Joint Boot GHCVJB0016, manufactured to strict OEM standards (OEM: 43448-06090, C1715T), is a premium protective boot designed to safeguard your vehicle\u2019s CV joints from the damaging effects of dirt, water, debris, and other environmental contaminants. This high-quality boot is manufactured by Guanghua Rubber, a trusted name in automotive rubber components, ensuring precise&#8230;<\/p>","protected":false},"featured_media":989408,"template":"","meta":[],"product_brand":[],"product_cat":[63],"product_tag":[75],"class_list":{"0":"post-989406","1":"product","2":"type-product","3":"status-publish","4":"has-post-thumbnail","6":"product_cat-cv-joint-boot","7":"product_tag-toyota","9":"first","10":"instock","11":"shipping-taxable","12":"purchasable","13":"product-type-simple"},"aioseo_notices":[],"_links":{"self":[{"href":"https:\/\/rubberautoparts.com\/es\/wp-json\/wp\/v2\/product\/989406","targetHints":{"allow":["GET"]}}],"collection":[{"href":"https:\/\/rubberautoparts.com\/es\/wp-json\/wp\/v2\/product"}],"about":[{"href":"https:\/\/rubberautoparts.com\/es\/wp-json\/wp\/v2\/types\/product"}],"wp:featuredmedia":[{"embeddable":true,"href":"https:\/\/rubberautoparts.com\/es\/wp-json\/wp\/v2\/media\/989408"}],"wp:attachment":[{"href":"https:\/\/rubberautoparts.com\/es\/wp-json\/wp\/v2\/media?parent=989406"}],"wp:term":[{"taxonomy":"product_brand","embeddable":true,"href":"https:\/\/rubberautoparts.com\/es\/wp-json\/wp\/v2\/product_brand?post=989406"},{"taxonomy":"product_cat","embeddable":true,"href":"https:\/\/rubberautoparts.com\/es\/wp-json\/wp\/v2\/product_cat?post=989406"},{"taxonomy":"product_tag","embeddable":true,"href":"https:\/\/rubberautoparts.com\/es\/wp-json\/wp\/v2\/product_tag?post=989406"}],"curies":[{"name":"wp","href":"https:\/\/api.w.org\/{rel}","templated":true}]}}