{"id":989423,"date":"2025-03-27T02:26:40","date_gmt":"2025-03-27T02:26:40","guid":{"rendered":"https:\/\/rubberautoparts.com\/?post_type=product&#038;p=989423"},"modified":"2025-03-30T11:36:49","modified_gmt":"2025-03-30T11:36:49","slug":"cv-joint-boot-ghcvjb0020-oem-43448-20020-yb02-1011","status":"publish","type":"product","link":"https:\/\/rubberautoparts.com\/es\/producto\/funda-de-junta-homocinetica-ghcvjb0020-oem-43448-20020-yb02-1011\/","title":{"rendered":"Fuelle de junta homocin\u00e9tica - Fuelle del eje de transmisi\u00f3n interior - GHCVJB0020\/OEM: 43448-20020\/YB02-1011 Toyota \u2013 Camry SXV10, SXV20"},"content":{"rendered":"<div class=\"vgblk-rw-wrapper limit-wrapper\">\n<h2 id=\"heading-0-introduction\"><strong>Introducci\u00f3n de la bota de junta homocin\u00e9tica<\/strong><\/h2>\n<p>El fuelle de la junta homocin\u00e9tica (HVC) es un componente importante del sistema de transmisi\u00f3n de su veh\u00edculo. Su funci\u00f3n principal es proteger las juntas homocin\u00e9ticas de la suciedad, la humedad y otras sustancias nocivas. De esta manera, garantiza que la potencia del motor se transmita fluidamente a las ruedas, lo cual es crucial para el rendimiento general y la vida \u00fatil de su veh\u00edculo.<\/p>\n<figure id=\"attachment_989424\" aria-describedby=\"caption-attachment-989424\" style=\"width: 300px\" class=\"wp-caption alignnone\"><img fetchpriority=\"high\" decoding=\"async\" class=\"size-medium wp-image-989424\" src=\"https:\/\/rubberautoparts.com\/wp-content\/uploads\/2025\/03\/CV-JOINT-BOOT-GHCVJB0020OEM-43448-20020-300x300.png\" alt=\"FUELLE DE JUNTA HOMOCIN\u00c9TICA GHCVJB0020, F\u00e1brica de productos de caucho de Hebei Guanghua, OEM: 43448-20020\" width=\"300\" height=\"300\" srcset=\"https:\/\/rubberautoparts.com\/wp-content\/uploads\/2025\/03\/CV-JOINT-BOOT-GHCVJB0020OEM-43448-20020-300x300.png 300w, https:\/\/rubberautoparts.com\/wp-content\/uploads\/2025\/03\/CV-JOINT-BOOT-GHCVJB0020OEM-43448-20020-150x150.png 150w, https:\/\/rubberautoparts.com\/wp-content\/uploads\/2025\/03\/CV-JOINT-BOOT-GHCVJB0020OEM-43448-20020-12x12.png 12w, https:\/\/rubberautoparts.com\/wp-content\/uploads\/2025\/03\/CV-JOINT-BOOT-GHCVJB0020OEM-43448-20020-315x315.png 315w, https:\/\/rubberautoparts.com\/wp-content\/uploads\/2025\/03\/CV-JOINT-BOOT-GHCVJB0020OEM-43448-20020.png 500w\" sizes=\"(max-width: 300px) 100vw, 300px\" \/><figcaption id=\"caption-attachment-989424\" class=\"wp-caption-text\">GHCVJB0020<\/figcaption><\/figure>\n<p>El <a href=\"https:\/\/autoparts.toyota.com\/products\/product\/boot-kit-fr-drive-shaft-044380c010\" target=\"_blank\" rel=\"noopener noreferrer\"><strong>Toyota Camry SXV10 y SXV20<\/strong><\/a> Los modelos son ampliamente reconocidos como leyendas del automovilismo. Son conocidos por:<\/p>\n<ul>\n<li>Fiabilidad excepcional<\/li>\n<li>Experiencia de conducci\u00f3n suave<\/li>\n<li>Fuerte valor de reventa<\/li>\n<li>Bajos costos de mantenimiento<\/li>\n<\/ul>\n<figure style=\"width: 500px\" class=\"wp-caption alignnone\"><a href=\"https:\/\/en.wikipedia.org\/wiki\/Toyota_Camry_(XV10)\"><img decoding=\"async\" src=\"https:\/\/upload.wikimedia.org\/wikipedia\/commons\/thumb\/4\/4d\/1992-1994_Toyota_Camry_Sedan.jpg\/500px-1992-1994_Toyota_Camry_Sedan.jpg\" alt=\"Toyota Camry SXV10\/SXV20\" width=\"500\" height=\"276\" \/><\/a><figcaption class=\"wp-caption-text\">Toyota Camry SXV10\/SXV20<\/figcaption><\/figure>\n<p>Estos populares modelos de sed\u00e1n requieren piezas de repuesto de alta calidad para mantener sus reconocidos est\u00e1ndares de rendimiento. <strong>GHCVJB0020 Funda de junta homocin\u00e9tica<\/strong> (OEM: 43448-20020\/YB02-1011) sirve como reemplazo directo de los componentes del eje de transmisi\u00f3n del Toyota Camry, dise\u00f1ado espec\u00edficamente para las variantes SXV10 y SXV20.<\/p>\n<p>Esta gu\u00eda explora las especificaciones y ventajas del fuelle de junta homocin\u00e9tica GHCVJB0020, fabricado por Guanghua Rubber Products. Descubrir\u00e1 por qu\u00e9 este componente cumple con los est\u00e1ndares de calidad de los fabricantes de equipos originales (OEM) y ofrece soluciones rentables para el mantenimiento de su Toyota Camry. Como fabricante de confianza en Hebei, China, Guanghua cuenta con d\u00e9cadas de experiencia en la producci\u00f3n de componentes de caucho premium para autom\u00f3viles, garantizando as\u00ed el \u00f3ptimo rendimiento de su veh\u00edculo con piezas de recambio fiables.<\/p>\n<h2 id=\"heading-1-understanding-cv-joint-boots\"><strong><a href=\"https:\/\/rubberautoparts.com\/es\/product-category\/CV-joint-boot\/\" target=\"_blank\" rel=\"noopener noreferrer\">Entendiendo las botas de las juntas homocin\u00e9ticas<\/a><\/strong><\/h2>\n<p>Los fuelles de junta homocin\u00e9tica son cubiertas protectoras para las juntas homocin\u00e9ticas de su veh\u00edculo. Desempe\u00f1an un papel crucial para proteger estas juntas de la suciedad, el agua, los residuos y otras sustancias nocivas que podr\u00edan da\u00f1arlas.<\/p>\n<h3 id=\"heading-2-how-cv-joint-boots-work\"><strong><a href=\"https:\/\/www.instructables.com\/How-to-replace-a-CV-boot\/\" target=\"_blank\" rel=\"noopener noreferrer\">C\u00f3mo funcionan las botas de junta homocin\u00e9tica<\/a><\/strong><\/h3>\n<p>Estas piezas de caucho especializadas crean un espacio sellado alrededor de la junta homocin\u00e9tica, impidiendo la entrada de contaminantes externos. As\u00ed es como lo consiguen:<\/p>\n<ul>\n<li><strong>Construcci\u00f3n flexible<\/strong>Las botas est\u00e1n dise\u00f1adas para doblarse y estirarse a medida que las ruedas se mueven, lo que permite diferentes \u00e1ngulos de movimiento sin romperse.<\/li>\n<li><strong>Extremos sellados<\/strong>Las abrazaderas ajustadas en ambos extremos de las botas garantizan que no pueda entrar agua ni otros l\u00edquidos.<\/li>\n<li><strong>Retenci\u00f3n de grasa<\/strong>:Dentro del conjunto de uni\u00f3n, las botas mantienen la grasa lubricante en su lugar.<\/li>\n<li><strong>Resistencia a la temperatura<\/strong>:El caucho de alta calidad utilizado en las botas puede soportar temperaturas extremas de calor y fr\u00edo.<\/li>\n<\/ul>\n<h3 id=\"heading-3-why-rubber-composition-matters\"><strong><a href=\"https:\/\/www.reddit.com\/r\/MechanicAdvice\/comments\/awxam8\/cv_joint_boot_materialrubber_or_plastic\/\" target=\"_blank\" rel=\"noopener noreferrer\">Por qu\u00e9 es importante la composici\u00f3n del caucho<\/a><\/strong><\/h3>\n<p>El tipo de caucho utilizado en los fuelles de las juntas homocin\u00e9ticas es esencial para su rendimiento. Aqu\u00ed explicamos por qu\u00e9:<\/p>\n<ul>\n<li><strong>Resistencia al aceite y a los productos qu\u00edmicos<\/strong>:Los materiales de caucho de primera calidad pueden resistir da\u00f1os causados por el aceite y los productos qu\u00edmicos que puedan entrar en contacto con ellos.<\/li>\n<li><strong>Durabilidad bajo estr\u00e9s<\/strong>:Las botas deben ser lo suficientemente fuertes para soportar condiciones de alto estr\u00e9s, como superficies de carreteras irregulares o conducci\u00f3n agresiva.<\/li>\n<li><strong>Elasticidad para el movimiento<\/strong>:La elasticidad superior garantiza que las botas puedan estirarse y contraerse seg\u00fan sea necesario, lo que permite un movimiento suave de la junta homocin\u00e9tica.<\/li>\n<li><strong>Protecci\u00f3n a largo plazo<\/strong>:El caucho de calidad proporciona una protecci\u00f3n duradera contra el agrietamiento y el deterioro a lo largo del tiempo.<\/li>\n<\/ul>\n<h3 id=\"heading-4-maintaining-protection-during-vehicle-operation\"><strong>Mantenimiento de la protecci\u00f3n durante la operaci\u00f3n del veh\u00edculo<\/strong><\/h3>\n<p>Incluso al conducir, los fuelles de las juntas homocin\u00e9ticas siguen protegiendo las juntas. As\u00ed es como funcionan:<\/p>\n<ol>\n<li>Flexi\u00f3n continua con movimientos de las ruedas<\/li>\n<li>Absorci\u00f3n de vibraciones de la carretera<\/li>\n<li>Adaptaci\u00f3n a los \u00e1ngulos de direcci\u00f3n<\/li>\n<li>Prevenci\u00f3n de fugas de grasa<\/li>\n<\/ol>\n<p>La capacidad de las fundas para mantener su flexibilidad y brindar una protecci\u00f3n s\u00f3lida influye directamente en la durabilidad de las juntas homocin\u00e9ticas y en el rendimiento de la transmisi\u00f3n de su veh\u00edculo. Cuando la funda funciona correctamente, la potencia de la transmisi\u00f3n fluye suavemente a las ruedas, garantizando una din\u00e1mica de conducci\u00f3n \u00f3ptima.<\/p>\n<h2 id=\"heading-5-overview-of-the-ghcvjb0020-model\"><strong>Descripci\u00f3n general del modelo GHCVJB0020<\/strong><\/h2>\n<p>El fuelle de junta homocin\u00e9tica GHCVJB0020 reemplaza directamente la pieza original de Toyota (OEM) n\u00famero 43448-20020. Est\u00e1 dise\u00f1ado espec\u00edficamente para los modelos Camry SXV10 y SXV20.<\/p>\n<p>Este componente elaborado con precisi\u00f3n ofrece las siguientes caracter\u00edsticas:<\/p>\n<h3 id=\"heading-6-key-specifications\"><strong>Llaves<\/strong><strong>Especificaciones:<\/strong><\/h3>\n<ul>\n<li>Material:<\/li>\n<li>Di\u00e1metro interior: 22,5 mm<\/li>\n<li>Di\u00e1metro exterior: 85 mm<\/li>\n<li>Longitud: 95 mm<\/li>\n<li>Rango de temperatura de funcionamiento: -40 \u00b0C a 120 \u00b0C<\/li>\n<li><a href=\"https:\/\/standardprintco.com\/tpr-filament-info\" target=\"_blank\" rel=\"noopener noreferrer\">Dureza del dur\u00f3metro<\/a>:65\u00b15 Shore A<\/li>\n<\/ul>\n<h3 id=\"heading-7-design-features\"><strong>Caracter\u00edsticas del dise\u00f1o:<\/strong><\/h3>\n<ul>\n<li>Estructura de fuelle reforzada para una mayor flexibilidad<\/li>\n<li><a href=\"https:\/\/www.simtec-silicone.com\/blogs\/thermoplastic-elastomers-tpe-vs-liquid-silicone-rubber-lsr\/\" target=\"_blank\" rel=\"noopener noreferrer\">Compuesto resistente a los rayos UV<\/a> para evitar la degradaci\u00f3n del material<\/li>\n<li>Ranuras dise\u00f1adas con precisi\u00f3n para una compresi\u00f3n \u00f3ptima<\/li>\n<li>Dise\u00f1o de abrazadera autoasegurable para una instalaci\u00f3n confiable<\/li>\n<\/ul>\n<p>El GHCVJB0020 cumple con las especificaciones de f\u00e1brica en cada dimensi\u00f3n cr\u00edtica, lo que garantiza una integraci\u00f3n perfecta con los componentes originales del tren motriz de Toyota. La composici\u00f3n de esta pieza incorpora elast\u00f3meros avanzados resistentes al aceite, la grasa y los contaminantes de la carretera, cumpliendo con los est\u00e1ndares de durabilidad de las piezas originales de Toyota.<\/p>\n<p>El dise\u00f1o de la funda incluye patrones de nervaduras especializados que permiten una articulaci\u00f3n m\u00e1xima, manteniendo la integridad estructural. Estas caracter\u00edsticas de ingenier\u00eda permiten que el GHCVJB0020 ofrezca un rendimiento id\u00e9ntico al del 43448-20020 instalado de f\u00e1brica, lo que lo convierte en la opci\u00f3n ideal tanto para talleres como para mec\u00e1nicos aficionados que trabajan con los modelos Toyota Camry SXV10 y SXV20.<\/p>\n<h2 id=\"heading-8-benefits-of-choosing-guanghuas-cv-joint-boots-for-your-toyota-camry\">Beneficios de elegir las fundas de junta homocin\u00e9tica Guanghua para su Toyota Camry<\/h2>\n<p>Guanghua Rubber Products ofrece un valor excepcional con sus fuelles de junta homocin\u00e9tica GHCVJB0020 para los modelos Toyota Camry SXV10 y SXV20. Esto es lo que nos distingue:<\/p>\n<h3 id=\"heading-9-1-cost-effective-solutions\"><strong>1. Soluciones rentables<\/strong><\/h3>\n<ul>\n<li>El precio directo de f\u00e1brica elimina los m\u00e1rgenes de intermediaci\u00f3n<\/li>\n<\/ul>\n<p>Descuentos por pedidos al por mayor para clientes mayoristas Selecci\u00f3n de materia prima<\/p>\n<p>Nuestras botas para juntas homocin\u00e9ticas se fabrican con compuestos de caucho de primera calidad, cuidadosamente seleccionados para cumplir con requisitos de rendimiento espec\u00edficos:<\/p>\n<ul>\n<li>Caucho natural (NR): proporciona excelente elasticidad y resistencia al desgarro.<\/li>\n<li>Caucho de silicona (HTV): ofrece resistencia al calor y durabilidad superiores.<\/li>\n<li>Caucho de nitrilo butadieno (NBR): ofrece una excelente resistencia al aceite y al combustible.<\/li>\n<li>Mon\u00f3mero de etileno propileno dieno (EPDM): garantiza una excelente resistencia a la intemperie y al ozono.<\/li>\n<li>Caucho de cloropreno (CR): proporciona un rendimiento equilibrado en m\u00faltiples entornos<\/li>\n<li>Estos materiales provienen de proveedores certificados y se someten a rigurosas pruebas de calidad antes de entrar en nuestro proceso de producci\u00f3n. Cada compuesto se selecciona espec\u00edficamente en funci\u00f3n de la aplicaci\u00f3n prevista y las condiciones de funcionamiento del producto final.<\/li>\n<li>Tarifas de env\u00edo competitivas a trav\u00e9s de socios log\u00edsticos establecidos<\/li>\n<\/ul>\n<h3 id=\"heading-10-2-rapid-order-fulfillment\"><strong>2. Cumplimiento r\u00e1pido de pedidos<\/strong><\/h3>\n<ul>\n<li>Plazo de producci\u00f3n est\u00e1ndar de 15 a 20 d\u00edas<\/li>\n<li>Opciones de fabricaci\u00f3n expr\u00e9s disponibles<\/li>\n<li>Sistema de seguimiento de pedidos en tiempo real<\/li>\n<li>Ubicaciones estrat\u00e9gicas de almac\u00e9n para una entrega m\u00e1s r\u00e1pida<\/li>\n<\/ul>\n<h3 id=\"heading-11-3-customer-centric-support\"><strong>3. Soporte centrado en el cliente<\/strong><\/h3>\n<ul>\n<li>Equipo de soporte t\u00e9cnico dedicado<\/li>\n<li>Servicio de atenci\u00f3n al cliente en varios idiomas<\/li>\n<li>Asistencia en l\u00ednea 24\/7<\/li>\n<li>Documentaci\u00f3n completa del producto<\/li>\n<\/ul>\n<h3 id=\"heading-12-4-customization-capabilities\"><strong>4. Capacidades de personalizaci\u00f3n<\/strong><\/h3>\n<ul>\n<li>Ajustes de la composici\u00f3n del material para condiciones clim\u00e1ticas espec\u00edficas<\/li>\n<li>Dimensiones personalizadas para adaptarse a las especificaciones exactas del veh\u00edculo.<\/li>\n<li>Opciones de estampado del logotipo de la marca<\/li>\n<li>Variaciones de color disponibles<\/li>\n<li>Se atienden requisitos de embalaje especiales<\/li>\n<\/ul>\n<h3 id=\"heading-13-5-quality-assurance\"><strong>5. Garant\u00eda de calidad<\/strong><\/h3>\n<ul>\n<li>Inspecci\u00f3n de calidad 100% antes del env\u00edo<\/li>\n<li>Documentaci\u00f3n de pruebas por lotes proporcionada<\/li>\n<li>Opciones de garant\u00eda extendida<\/li>\n<\/ul>\n<p>El fuelle de junta homocin\u00e9tica GHCVJB0020 se somete a rigurosas pruebas para cumplir con las especificaciones del fabricante original (43448-20020\/YB02-1011), lo que garantiza un ajuste perfecto para su Toyota Camry. Nuestro equipo de ingenier\u00eda colabora estrechamente con nuestros clientes para desarrollar productos de caucho personalizados que satisfagan sus necesidades de rendimiento espec\u00edficas y mantengan la rentabilidad.<\/p>\n<h2 id=\"heading-14-the-manufacturing-process-at-guanghua-ensuring-quality-and-reliability\">El proceso de fabricaci\u00f3n en Guanghua: garant\u00eda de calidad y fiabilidad<\/h2>\n<p>El proceso de fabricaci\u00f3n de Guanghua sigue un riguroso protocolo para crear fuelles de junta homocin\u00e9tica que cumplen con los m\u00e1s estrictos est\u00e1ndares de la industria. A continuaci\u00f3n, se detalla nuestro proceso de producci\u00f3n:<\/p>\n<h3 id=\"heading-15-1-raw-material-selection\"><strong>1. <\/strong><a href=\"https:\/\/rubberautoparts.com\/es\/las-materias-primas-esenciales-para-las-piezas-de-caucho-para-automoviles\/\" target=\"_blank\" rel=\"noopener noreferrer\"><strong>Selecci\u00f3n de materia prima<\/strong><\/a><\/h3>\n<p>Seleccionamos cuidadosamente nuestras materias primas para garantizar la m\u00e1xima calidad en nuestros fuelles de juntas homocin\u00e9ticas. Nuestro proceso de selecci\u00f3n incluye:<\/p>\n<ul>\n<li>Uso de compuestos de caucho de primera calidad para mayor durabilidad.<\/li>\n<li>Incorporando mezclas avanzadas de pol\u00edmeros para mayor flexibilidad<\/li>\n<li>Adquisici\u00f3n de materiales de calidad comprobada de proveedores certificados<\/li>\n<\/ul>\n<h3 id=\"heading-16-2-production-phases\"><strong>2. Fases de producci\u00f3n<\/strong><\/h3>\n<p>Nuestro proceso de producci\u00f3n consta de varias fases clave, cada una dise\u00f1ada para optimizar el rendimiento de nuestros productos:<\/p>\n<ul>\n<li><em>Mezcla y composici\u00f3n<\/em>Utilizamos proporciones de mezcla precisas durante el proceso de mezcla para lograr una flexibilidad \u00f3ptima en nuestras botas de junta homocin\u00e9tica.<\/li>\n<li><em>Proceso de moldeo<\/em>:El moldeo por inyecci\u00f3n de alta presi\u00f3n se utiliza a temperaturas controladas para dar forma a los componentes de caucho.<\/li>\n<li><em>Etapa de curado<\/em>:La vulcanizaci\u00f3n se lleva a cabo en condiciones de temperatura controlada para mejorar la resistencia y la resiliencia de los materiales.<\/li>\n<li><em>Tratamiento de superficies<\/em>:Se aplica un recubrimiento antienvejecimiento como parte de la etapa de tratamiento de la superficie para proteger contra los factores ambientales.<\/li>\n<\/ul>\n<h3 id=\"heading-17-3-quality-control-checkpoints\"><strong>3. Puntos de control de calidad<\/strong><\/h3>\n<p>Para mantener una calidad constante durante toda la producci\u00f3n, hemos establecido m\u00faltiples puntos de control de calidad:<\/p>\n<ul>\n<li>Las pruebas de precisi\u00f3n dimensional garantizan que cada bota cumpla con las medidas especificadas.<\/li>\n<li>Las mediciones de dureza del dur\u00f3metro eval\u00faan el nivel de dureza del caucho.<\/li>\n<li>Las comprobaciones de flexibilidad y resistencia al estr\u00e9s eval\u00faan qu\u00e9 tan bien el producto puede soportar fuerzas de flexi\u00f3n y estiramiento.<\/li>\n<li>La inspecci\u00f3n visual de defectos superficiales ayuda a identificar imperfecciones o fallas en la apariencia.<\/li>\n<\/ul>\n<p>Nuestras instalaciones de vanguardia implementan sistemas automatizados de control de calidad en cada etapa de producci\u00f3n. Cada lote se somete a:<\/p>\n<ul>\n<li>Prueba de resistencia a la tracci\u00f3n para determinar cu\u00e1nta fuerza puede soportar el material antes de romperse.<\/li>\n<li>Verificaci\u00f3n de resistencia al calor para garantizar que nuestros productos puedan soportar altas temperaturas sin perder rendimiento.<\/li>\n<li>An\u00e1lisis de la composici\u00f3n qu\u00edmica para confirmar que los materiales utilizados cumplen con los est\u00e1ndares de la industria.<\/li>\n<li>Pruebas de estr\u00e9s de durabilidad para simular condiciones del mundo real y evaluar qu\u00e9 tan bien se mantienen las botas a lo largo del tiempo.<\/li>\n<\/ul>\n<p>La fase final de empaquetado incluye la inspecci\u00f3n individual del producto y su embalaje protector para evitar da\u00f1os durante el env\u00edo. Nuestro sistema de gesti\u00f3n de calidad mantiene registros detallados de cada lote de producci\u00f3n, lo que permite una trazabilidad completa y una calidad constante del producto.<\/p>\n<p>El compromiso de Guanghua con la excelencia en la fabricaci\u00f3n se refleja en nuestra certificaci\u00f3n ISO y en nuestro cumplimiento de las normas internacionales de automoci\u00f3n. Cada fuelle de junta homocin\u00e9tica se somete a un m\u00ednimo de 12 controles de calidad antes de recibir la aprobaci\u00f3n para su distribuci\u00f3n.<\/p>\n<h3 id=\"heading-19-success-metrics-from-b2b-partnerships\"><strong>M\u00e9tricas de \u00e9xito de las asociaciones B2B:<\/strong><\/h3>\n<ul>\n<li>Duraci\u00f3n media de la asociaci\u00f3n: m\u00e1s de 7 a\u00f1os<\/li>\n<li>Tasa de retenci\u00f3n de clientes: 94%<\/li>\n<li>Puntuaci\u00f3n de satisfacci\u00f3n del producto: 4,8\/5<\/li>\n<li>Tasa de entrega a tiempo: 99.3%<\/li>\n<\/ul>\n<p>Estas asociaciones demuestran el compromiso de Guanghua de ofrecer botas de juntas homocin\u00e9ticas de alto rendimiento que cumplan con los rigurosos est\u00e1ndares de la industria y, al mismo tiempo, brinden importantes beneficios en t\u00e9rminos de costos a nuestros socios.<\/p>\n<h2 id=\"heading-20-conclusion\">Conclusi\u00f3n<\/h2>\n<p>El fuelle de junta homocin\u00e9tica GHCVJB0020 es una excelente opci\u00f3n para los propietarios de Toyota Camry SXV10 y SXV20. Esta pieza de repuesto OEM (43448-20020\/YB02-1011) ofrece una durabilidad y un rendimiento excepcionales a precios competitivos.<\/p>\n<p>Guanghua Rubber Products ofrece <strong>tres beneficios clave<\/strong> Para el mantenimiento de su veh\u00edculo:<\/p>\n<ul>\n<li>Materiales de alta calidad para un rendimiento m\u00e1s duradero.<\/li>\n<li>Compatibilidad directa con OEM para una f\u00e1cil instalaci\u00f3n<\/li>\n<li>Precios asequibles sin sacrificar la calidad.<\/li>\n<\/ul>\n<p>Su Toyota Camry merece piezas confiables que le permitan un funcionamiento fluido y seguro. Gracias a la trayectoria comprobada de Guanghua y a su compromiso con la calidad, puede confiar en nuestras fundas para juntas homocin\u00e9ticas para proteger eficazmente el sistema de transmisi\u00f3n de su veh\u00edculo.<\/p>\n<p><em>\u00bfListo para mejorar tu Toyota Camry con piezas de calidad? Contacta hoy mismo con Guanghua Rubber Products para tus necesidades de fuelle de junta homocin\u00e9tica.<\/em><\/p>\n<h3 id=\"heading-21-faqs-frequently-asked-questions\"><strong>Preguntas frecuentes<\/strong><\/h3>\n<h4 id=\"heading-22-what-is-a-cv-joint-boot-and-why-is-it-important-for-vehicle-performance\"><strong>\u00bfQu\u00e9 es una funda de junta homocin\u00e9tica y por qu\u00e9 es importante para el rendimiento del veh\u00edculo?<\/strong><\/h4>\n<p>El fuelle de la junta homocin\u00e9tica es una cubierta protectora que recubre las juntas homocin\u00e9ticas del eje de transmisi\u00f3n del veh\u00edculo. Su funci\u00f3n principal es evitar que la suciedad, la humedad y los residuos entren en la junta homocin\u00e9tica, lo que puede provocar desgaste. Al mantener un entorno limpio, el fuelle de la junta homocin\u00e9tica garantiza una transferencia de potencia fluida y mejora el rendimiento general del veh\u00edculo.<\/p>\n<h4 id=\"heading-23-which-toyota-camry-models-are-compatible-with-the-ghcvjb0020-cv-joint-boot\"><strong>\u00bfQu\u00e9 modelos de Toyota Camry son compatibles con el fuelle de junta homocin\u00e9tica GHCVJB0020?<\/strong><\/h4>\n<p>El fuelle de junta homocin\u00e9tica GHCVJB0020 est\u00e1 dise\u00f1ado espec\u00edficamente para los modelos Toyota Camry SXV10 y SXV20. Esta compatibilidad lo convierte en una excelente opci\u00f3n para los propietarios de estos populares veh\u00edculos Toyota que buscan repuestos confiables.<\/p>\n<h4 id=\"heading-24-what-are-the-specifications-of-the-ghcvjb0020-cv-joint-boot\"><strong>\u00bfCu\u00e1les son las especificaciones de la funda de junta homocin\u00e9tica GHCVJB0020?<\/strong><\/h4>\n<p>El fuelle de junta homocin\u00e9tica GHCVJB0020 presenta dimensiones y materiales espec\u00edficos que mejoran su durabilidad y fiabilidad. Es una pieza compatible con fabricantes de equipos originales (OEM), con el n\u00famero de pieza OEM 43448-20020, lo que garantiza su perfecta integraci\u00f3n con los componentes de f\u00e1brica de los modelos Toyota Camry SXV10 y SXV20.<\/p>\n<h4 id=\"heading-25-why-should-i-choose-guanghua-rubber-products-for-my-cv-joint-boots\"><strong>\u00bfPor qu\u00e9 deber\u00eda elegir Guanghua Rubber Products para mis botas de junta homocin\u00e9tica?<\/strong><\/h4>\n<p>Elegir Guanghua Rubber Products para sus fuelles de junta homocin\u00e9tica ofrece varias ventajas, como precios competitivos, entrega puntual y una atenci\u00f3n al cliente excepcional. Adem\u00e1s, Guanghua ofrece opciones de personalizaci\u00f3n para satisfacer las necesidades espec\u00edficas del cliente o de su marca, garantizando as\u00ed un producto a la medida de sus preferencias.<\/p>\n<h4 id=\"heading-26-how-does-guanghua-ensure-the-quality-of-its-cv-joint-boots-during-manufacturing\"><strong>\u00bfC\u00f3mo garantiza Guanghua la calidad de sus fuelles de junta homocin\u00e9tica durante la fabricaci\u00f3n?<\/strong><\/h4>\n<p>Guanghua implementa rigurosos controles de calidad durante todo su proceso de fabricaci\u00f3n. Desde la obtenci\u00f3n de la materia prima hasta el embalaje final, cada paso se supervisa para garantizar que cada fuelle de junta homocin\u00e9tica cumpla con los est\u00e1ndares de la industria en cuanto a durabilidad y rendimiento, garantizando as\u00ed un producto de alta calidad.<\/p>\n<h4 id=\"heading-27-can-you-provide-examples-of-successful-partnerships-involving-guanghua-products\"><strong>\u00bfPuede proporcionarnos ejemplos de asociaciones exitosas que involucren productos Guanghua?<\/strong><\/h4>\n<p>\u00a1S\u00ed! Numerosas empresas automotrices se han asociado con Guanghua, benefici\u00e1ndose de la alta calidad de sus fuelles para juntas homocin\u00e9ticas. Estas colaboraciones han resultado en una mayor satisfacci\u00f3n del cliente y una reducci\u00f3n de las reclamaciones de garant\u00eda, con testimonios que destacan la superior calidad y rentabilidad de los productos de Guanghua en comparaci\u00f3n con la competencia.<\/p><\/div>\n<p><!-- .vgblk-rw-wrapper --><\/p>","protected":false},"excerpt":{"rendered":"<p>Introduction of Cv Joint Boot The CV joint boot,inner drive shaft boot is an important part of your vehicle&#8217;s drivetrain system. Its main job is to protect the constant velocity (CV) joints from dirt, moisture, and other harmful substances. By doing so, it ensures that power from the engine is smoothly transmitted to the wheels,&#8230;<\/p>","protected":false},"featured_media":989424,"template":"","meta":[],"product_brand":[],"product_cat":[63],"product_tag":[75],"class_list":{"0":"post-989423","1":"product","2":"type-product","3":"status-publish","4":"has-post-thumbnail","6":"product_cat-cv-joint-boot","7":"product_tag-toyota","9":"first","10":"instock","11":"shipping-taxable","12":"purchasable","13":"product-type-simple"},"aioseo_notices":[],"_links":{"self":[{"href":"https:\/\/rubberautoparts.com\/es\/wp-json\/wp\/v2\/product\/989423","targetHints":{"allow":["GET"]}}],"collection":[{"href":"https:\/\/rubberautoparts.com\/es\/wp-json\/wp\/v2\/product"}],"about":[{"href":"https:\/\/rubberautoparts.com\/es\/wp-json\/wp\/v2\/types\/product"}],"wp:featuredmedia":[{"embeddable":true,"href":"https:\/\/rubberautoparts.com\/es\/wp-json\/wp\/v2\/media\/989424"}],"wp:attachment":[{"href":"https:\/\/rubberautoparts.com\/es\/wp-json\/wp\/v2\/media?parent=989423"}],"wp:term":[{"taxonomy":"product_brand","embeddable":true,"href":"https:\/\/rubberautoparts.com\/es\/wp-json\/wp\/v2\/product_brand?post=989423"},{"taxonomy":"product_cat","embeddable":true,"href":"https:\/\/rubberautoparts.com\/es\/wp-json\/wp\/v2\/product_cat?post=989423"},{"taxonomy":"product_tag","embeddable":true,"href":"https:\/\/rubberautoparts.com\/es\/wp-json\/wp\/v2\/product_tag?post=989423"}],"curies":[{"name":"wp","href":"https:\/\/api.w.org\/{rel}","templated":true}]}}