{"id":989427,"date":"2025-03-28T02:50:30","date_gmt":"2025-03-28T02:50:30","guid":{"rendered":"https:\/\/rubberautoparts.com\/?post_type=product&#038;p=989427"},"modified":"2025-03-30T05:32:18","modified_gmt":"2025-03-30T05:32:18","slug":"cv-joint-boot-ghcvjb0021-oem-04438-04021-yb02-1061","status":"publish","type":"product","link":"https:\/\/rubberautoparts.com\/es\/producto\/funda-de-junta-homocinetica-ghcvjb0021-oem-04438-04021-yb02-1061\/","title":{"rendered":"FUNDA DE JUNTA HOMOCIN\u00c9TICA GHCVJB0021\/OEM: 04438-04021\/YB02-1061"},"content":{"rendered":"<div class=\"vgblk-rw-wrapper limit-wrapper\">La funda de junta homocin\u00e9tica OEM GHCVJB0021 \/ OEM: 04438-04021 \/ YB02-1061 est\u00e1 dise\u00f1ada por expertos para una variedad de veh\u00edculos Toyota, lo que garantiza un rendimiento confiable y protecci\u00f3n para su transmisi\u00f3n.<\/p>\n<p>Este producto est\u00e1 fabricado con materiales de alta calidad dise\u00f1ados para satisfacer requisitos espec\u00edficos. <strong>Caucho natural (NR)<\/strong> Ofrece gran elasticidad y resistencia a la abrasi\u00f3n, lo que lo convierte en una opci\u00f3n rentable para aplicaciones est\u00e1ndar. Para entornos de alta temperatura, <strong>Caucho de silicona (HTV)<\/strong> Es ideal ya que puede soportar temperaturas que oscilan entre -60\u00b0C y 230\u00b0C, perfecto para veh\u00edculos turboalimentados o el\u00e9ctricos. <strong>Caucho de nitrilo butadieno (NBR)<\/strong> Se utiliza por su excelente resistencia al aceite y al combustible, adecuado para diversas aplicaciones de motor. <strong>Mon\u00f3mero de etileno propileno dieno (EPDM)<\/strong> Se elige por sus propiedades de resistencia a la intemperie, destacando en condiciones h\u00famedas o costeras. Adem\u00e1s, <strong>Caucho de cloropreno (CR)<\/strong> Proporciona buena resistencia a aceites, productos qu\u00edmicos y temperaturas extremas.<\/p>\n<p>El dise\u00f1o de este fuelle de junta homocin\u00e9tica se basa en una ingenier\u00eda precisa para garantizar un ajuste \u00f3ptimo y una gran durabilidad. Disponemos de kits de fuelle espec\u00edficos para cada veh\u00edculo para una integraci\u00f3n perfecta, adem\u00e1s de opciones de ajuste universal para veh\u00edculos modificados.<\/p>\n<p>Con m\u00e1s de 20 a\u00f1os de experiencia en la producci\u00f3n de componentes automotrices confiables, nos enfocamos en ofrecer productos de calidad y un excelente soporte. Nuestros precios competitivos hacen de este maletero una soluci\u00f3n econ\u00f3mica para pedidos al por mayor sin comprometer la calidad.<\/p>\n<p>Para <a href=\"https:\/\/rubberautoparts.com\/es\/consulta\/\">consultas<\/a> \u00a1Para colaboraciones OEM\/ODM, consultas t\u00e9cnicas o solicitudes de muestras, cont\u00e1ctenos hoy!<\/div>\n<p><!-- .vgblk-rw-wrapper --><\/p>","protected":false},"excerpt":{"rendered":"<p>OEM CV Joint Boot GHCVJB0021 \/ OEM: 04438-04021 \/ YB02-1061 is expertly designed for a variety of Toyota vehicles, ensuring reliable performance and protection for your drivetrain. This product is manufactured using high-quality materials tailored to meet specific requirements. Natural Rubber (NR) offers great elasticity and abrasion resistance, making it a cost-effective choice for standard&#8230;<\/p>","protected":false},"featured_media":989428,"template":"","meta":[],"product_brand":[],"product_cat":[63],"product_tag":[75],"class_list":{"0":"post-989427","1":"product","2":"type-product","3":"status-publish","4":"has-post-thumbnail","6":"product_cat-cv-joint-boot","7":"product_tag-toyota","9":"first","10":"instock","11":"shipping-taxable","12":"purchasable","13":"product-type-simple"},"aioseo_notices":[],"_links":{"self":[{"href":"https:\/\/rubberautoparts.com\/es\/wp-json\/wp\/v2\/product\/989427","targetHints":{"allow":["GET"]}}],"collection":[{"href":"https:\/\/rubberautoparts.com\/es\/wp-json\/wp\/v2\/product"}],"about":[{"href":"https:\/\/rubberautoparts.com\/es\/wp-json\/wp\/v2\/types\/product"}],"wp:featuredmedia":[{"embeddable":true,"href":"https:\/\/rubberautoparts.com\/es\/wp-json\/wp\/v2\/media\/989428"}],"wp:attachment":[{"href":"https:\/\/rubberautoparts.com\/es\/wp-json\/wp\/v2\/media?parent=989427"}],"wp:term":[{"taxonomy":"product_brand","embeddable":true,"href":"https:\/\/rubberautoparts.com\/es\/wp-json\/wp\/v2\/product_brand?post=989427"},{"taxonomy":"product_cat","embeddable":true,"href":"https:\/\/rubberautoparts.com\/es\/wp-json\/wp\/v2\/product_cat?post=989427"},{"taxonomy":"product_tag","embeddable":true,"href":"https:\/\/rubberautoparts.com\/es\/wp-json\/wp\/v2\/product_tag?post=989427"}],"curies":[{"name":"wp","href":"https:\/\/api.w.org\/{rel}","templated":true}]}}