{"id":989530,"date":"2025-04-19T02:14:04","date_gmt":"2025-04-19T02:14:04","guid":{"rendered":"https:\/\/rubberautoparts.com\/?post_type=product&#038;p=989530"},"modified":"2025-05-15T05:59:49","modified_gmt":"2025-05-15T05:59:49","slug":"cv-joint-boot-ghcvjb0036-oem-43448-17020","status":"publish","type":"product","link":"https:\/\/rubberautoparts.com\/es\/producto\/funda-de-junta-homocinetica-ghcvjb0036-oem-43448-17020\/","title":{"rendered":"FUNDA DE JUNTA HOMOCIN\u00c9TICA GHCVJB0036\/OEM: 43448-17020"},"content":{"rendered":"<div class=\"vgblk-rw-wrapper limit-wrapper\">\n<p class=\"\" data-start=\"36\" data-end=\"341\">Funda de junta homocin\u00e9tica\/GHCVJB0036<br data-start=\"97\" data-end=\"100\" \/><strong data-start=\"100\" data-end=\"119\">Referencias OEM:<\/strong> 43448-17020, 04438-12110, 04438-12191, 04438-12201, 04438-20110, 04438-32171, 04438-12200, 04438-12290, 04438-17020, 04438-32020, 04438-32021, 04438-12190, 04438-12030, 04438-12031, 04438-12130, 04438-12131, 04438-12270<\/p>\n<p class=\"\" data-start=\"343\" data-end=\"367\"><strong data-start=\"343\" data-end=\"367\">Veh\u00edculos compatibles:<\/strong><\/p>\n<ul data-start=\"368\" data-end=\"599\">\n<li class=\"\" data-start=\"368\" data-end=\"564\">\n<p class=\"\" data-start=\"370\" data-end=\"564\"><strong data-start=\"370\" data-end=\"381\">TOYOTA:<\/strong> RAV4 I (SXA1_) (1994\/01 \u2013 2000\/09), Corolla (<em data-start=\"427\" data-end=\"432\">E10<\/em>, <em data-start=\"434\" data-end=\"438\">E9<\/em>, <em data-start=\"440\" data-end=\"444\">E8<\/em>), Camry (<em data-start=\"454\" data-end=\"459\">CV1<\/em>, <em data-start=\"461\" data-end=\"466\">XV1<\/em>, <em data-start=\"468\" data-end=\"472\">Versi\u00f3n 1<\/em>), Carina II (<em data-start=\"486\" data-end=\"491\">T15<\/em>, <em data-start=\"493\" data-end=\"498\">T19<\/em>), Celica (ST16_, AT16_), MR2 (AW1_), Picnic (<em data-start=\"544\" data-end=\"550\">XM10<\/em>) y otros.<\/p>\n<\/li>\n<li class=\"\" data-start=\"565\" data-end=\"599\">\n<p class=\"\" data-start=\"567\" data-end=\"599\"><strong data-start=\"567\" data-end=\"577\">VOLVO:<\/strong> XC70 II (2007\/08 \u2013 \/)<\/p>\n<\/li>\n<\/ul>\n<p class=\"\" data-start=\"601\" data-end=\"823\"><strong data-start=\"601\" data-end=\"614\">Material:<\/strong> Caucho de alta resistencia, dise\u00f1ado para brindar durabilidad y m\u00e1ximo rendimiento.<br data-start=\"684\" data-end=\"687\" \/><strong data-start=\"687\" data-end=\"697\">Color:<\/strong> Negro<br data-start=\"703\" data-end=\"706\" \/><strong data-start=\"706\" data-end=\"716\">Marca:<\/strong> Caucho Guanghua<br data-start=\"732\" data-end=\"735\" \/><strong data-start=\"735\" data-end=\"755\">Lugar de origen:<\/strong> Ciudad de Tiankou, condado de Renxian, ciudad de Xingtai, provincia de Hebei, China<\/p>\n<p class=\"\" data-start=\"825\" data-end=\"1331\"><strong data-start=\"825\" data-end=\"841\">Descripci\u00f3n:<\/strong><br data-start=\"841\" data-end=\"844\" \/>El fuelle de junta homocin\u00e9tica GHCVJB0036 es una pieza de repuesto duradera y fiable, dise\u00f1ada para proteger la junta homocin\u00e9tica de la suciedad, la humedad y los residuos. Fabricado con caucho de alta calidad, este fuelle garantiza una flexibilidad y resistencia al desgaste superiores. Ideal para una amplia gama de modelos Toyota, este fuelle garantiza el buen funcionamiento de las juntas homocin\u00e9ticas y prolonga la vida \u00fatil del sistema de transmisi\u00f3n del veh\u00edculo. Es un repuesto OEM directo con un ajuste preciso, lo que facilita su instalaci\u00f3n.<\/p>\n<p class=\"\" data-start=\"1333\" data-end=\"1346\"><strong data-start=\"1333\" data-end=\"1346\">Caracter\u00edsticas:<\/strong><\/p>\n<ul data-start=\"1347\" data-end=\"1601\">\n<li class=\"\" data-start=\"1347\" data-end=\"1406\">\n<p class=\"\" data-start=\"1349\" data-end=\"1406\">Construcci\u00f3n de caucho de primera calidad para mayor resistencia y durabilidad.<\/p>\n<\/li>\n<li class=\"\" data-start=\"1407\" data-end=\"1447\">\n<p class=\"\" data-start=\"1409\" data-end=\"1447\">Protege las juntas homocin\u00e9ticas de los contaminantes<\/p>\n<\/li>\n<li class=\"\" data-start=\"1448\" data-end=\"1483\">\n<p class=\"\" data-start=\"1450\" data-end=\"1483\"><a href=\"https:\/\/rubberautoparts.com\/es\/consulta\/\">Fabricante de equipos originales (OEM)<\/a>-Ajuste y rendimiento de calidad<\/p>\n<\/li>\n<li class=\"\" data-start=\"1484\" data-end=\"1535\">\n<p class=\"\" data-start=\"1486\" data-end=\"1535\">Compatible con varios modelos de Toyota y Volvo.<\/p>\n<\/li>\n<li class=\"\" data-start=\"1536\" data-end=\"1601\">\n<p class=\"\" data-start=\"1538\" data-end=\"1601\">F\u00e1cil de instalar con una combinaci\u00f3n perfecta para los modelos especificados.<\/p>\n<\/li>\n<\/ul>\n<\/div>\n<p><!-- .vgblk-rw-wrapper --><\/p>","protected":false},"excerpt":{"rendered":"<p>Funda de junta homocin\u00e9tica\/GHCVJB0036OEM Referencias: 43448-17020, 04438-12110, 04438-12191, 04438-12201, 04438-20110, 04438-32171, 04438-12200, 04438-12290, 04438-17020, 04438-32020, 04438-32021, 04438-12190, 04438-12030, 04438-12031, 04438-12130, 04438-12131, 04438-12270 Veh\u00edculos compatibles: TOYOTA: RAV4 I (SXA1_) (1994\/01 \u2013 2000\/09), Corolla (E10, E9, E8), Camry (CV1, XV1, V1), Carina II (T15, T19), Celica (ST16_, AT16_), MR2 (AW1_), Picnic (XM10) y otros. VOLVO: XC70 II (2007\/08\u2026<\/p>","protected":false},"featured_media":989927,"template":"","meta":[],"product_brand":[],"product_cat":[63],"product_tag":[115,137,138,139,136,134,135,143,147,148,146,145,132,149,140,142,141,75,133,108,144],"class_list":{"0":"post-989530","1":"product","2":"type-product","3":"status-publish","4":"has-post-thumbnail","6":"product_cat-cv-joint-boot","7":"product_tag-camry","8":"product_tag-camry-wagon","9":"product_tag-carina","10":"product_tag-celica","11":"product_tag-corolla-compact","12":"product_tag-corolla-liftback","13":"product_tag-corolla-wagon","14":"product_tag-corona","15":"product_tag-cv-boot-camry","16":"product_tag-cv-boot-carina","17":"product_tag-cv-boot-corolla","18":"product_tag-cv-boot-toyota","19":"product_tag-cv-joint-boot","20":"product_tag-cv-joint-cover","21":"product_tag-mr2","22":"product_tag-picnic","23":"product_tag-rav4-cabrio","24":"product_tag-toyota","25":"product_tag-toyota-corolla","26":"product_tag-volvo","27":"product_tag-volvo-xc70","29":"first","30":"instock","31":"shipping-taxable","32":"purchasable","33":"product-type-simple"},"aioseo_notices":[],"_links":{"self":[{"href":"https:\/\/rubberautoparts.com\/es\/wp-json\/wp\/v2\/product\/989530","targetHints":{"allow":["GET"]}}],"collection":[{"href":"https:\/\/rubberautoparts.com\/es\/wp-json\/wp\/v2\/product"}],"about":[{"href":"https:\/\/rubberautoparts.com\/es\/wp-json\/wp\/v2\/types\/product"}],"wp:featuredmedia":[{"embeddable":true,"href":"https:\/\/rubberautoparts.com\/es\/wp-json\/wp\/v2\/media\/989927"}],"wp:attachment":[{"href":"https:\/\/rubberautoparts.com\/es\/wp-json\/wp\/v2\/media?parent=989530"}],"wp:term":[{"taxonomy":"product_brand","embeddable":true,"href":"https:\/\/rubberautoparts.com\/es\/wp-json\/wp\/v2\/product_brand?post=989530"},{"taxonomy":"product_cat","embeddable":true,"href":"https:\/\/rubberautoparts.com\/es\/wp-json\/wp\/v2\/product_cat?post=989530"},{"taxonomy":"product_tag","embeddable":true,"href":"https:\/\/rubberautoparts.com\/es\/wp-json\/wp\/v2\/product_tag?post=989530"}],"curies":[{"name":"wp","href":"https:\/\/api.w.org\/{rel}","templated":true}]}}