{"id":989686,"date":"2025-04-24T04:42:19","date_gmt":"2025-04-24T04:42:19","guid":{"rendered":"https:\/\/rubberautoparts.com\/?post_type=product&#038;p=989686"},"modified":"2025-05-15T05:37:15","modified_gmt":"2025-05-15T05:37:15","slug":"cv-joint-boot-ghcvjb0037-oem-g030-22-530-6030-22-530","status":"publish","type":"product","link":"https:\/\/rubberautoparts.com\/es\/producto\/funda-de-junta-homocinetica-ghcvjb0037-oem-g030-22-530-6030-22-530\/","title":{"rendered":"FUNDA DE JUNTA HOMOCIN\u00c9TICA GHCVJB0037\/OEM: G030-22-530\/6030-22-530"},"content":{"rendered":"<div class=\"vgblk-rw-wrapper limit-wrapper\">\n<p class=\"\" data-start=\"177\" data-end=\"227\"><strong data-start=\"177\" data-end=\"227\">Descripci\u00f3n del producto: Fuelle de junta homocin\u00e9tica GHCVJB0037<\/strong><\/p>\n<p class=\"\" data-start=\"229\" data-end=\"674\">El fuelle de junta homocin\u00e9tica GHCVJB0037 es una pieza de repuesto de primera calidad dise\u00f1ada para una amplia gama de veh\u00edculos de Asia y Ocean\u00eda, que garantiza una excelente protecci\u00f3n y durabilidad para la junta homocin\u00e9tica. Fabricado por <em data-start=\"453\" data-end=\"509\">F\u00e1brica de productos de caucho Hebei Xingtai Renxian Guanghua<\/em>, un nombre confiable en piezas de caucho para autom\u00f3viles desde 2013, esta bota est\u00e1 dise\u00f1ada con caucho de alta calidad para resistir el desgaste, el agrietamiento y las variaciones extremas de temperatura.<\/p>\n<p class=\"\" data-start=\"676\" data-end=\"700\"><strong data-start=\"676\" data-end=\"697\">Compatibilidad OEM<\/strong>:<\/p>\n<ul data-start=\"701\" data-end=\"1006\">\n<li class=\"\" data-start=\"701\" data-end=\"812\">\n<p class=\"\" data-start=\"703\" data-end=\"812\">MAZDA: G030-22-530, G012-22-530, G022-22-530A, G002-22-530, G033-22-530, G043-22-530, GA43-22-530 y m\u00e1s<\/p>\n<\/li>\n<li class=\"\" data-start=\"813\" data-end=\"858\">\n<p class=\"\" data-start=\"815\" data-end=\"858\">ISUZU: 8941242100, 8943129350, 8941242101<\/p>\n<\/li>\n<li class=\"\" data-start=\"859\" data-end=\"893\">\n<p class=\"\" data-start=\"861\" data-end=\"893\">MITSUBISHI: MB160657, MB620329<\/p>\n<\/li>\n<li class=\"\" data-start=\"894\" data-end=\"932\">\n<p class=\"\" data-start=\"896\" data-end=\"932\">NISSAN: 39241-17R25 a 39241-17R87<\/p>\n<\/li>\n<li class=\"\" data-start=\"933\" data-end=\"969\">\n<p class=\"\" data-start=\"935\" data-end=\"969\">OPEL: 94312680, 07812255, 301403<\/p>\n<\/li>\n<li class=\"\" data-start=\"970\" data-end=\"1006\">\n<p class=\"\" data-start=\"972\" data-end=\"1006\">TOYOTA: 04438-20010, 04438-32050<\/p>\n<\/li>\n<\/ul>\n<p class=\"\" data-start=\"1008\" data-end=\"1046\"><strong data-start=\"1008\" data-end=\"1045\">Los modelos de veh\u00edculos aplicables incluyen<\/strong>:<\/p>\n<ul data-start=\"1047\" data-end=\"1410\">\n<li class=\"\" data-start=\"1047\" data-end=\"1102\">\n<p class=\"\" data-start=\"1049\" data-end=\"1102\"><strong data-start=\"1049\" data-end=\"1058\">MAZDA<\/strong>:626 (varias generaciones), MX-6, XEDOS 6<\/p>\n<\/li>\n<li class=\"\" data-start=\"1103\" data-end=\"1156\">\n<p class=\"\" data-start=\"1105\" data-end=\"1156\"><strong data-start=\"1105\" data-end=\"1126\"><a href=\"https:\/\/rubberautoparts.com\/es\/vado\/\">VADO<\/a> ASIA\/OCEAN\u00cdA<\/strong>: Sal\u00f3n TELSTAR (1991-2000)<\/p>\n<\/li>\n<li class=\"\" data-start=\"1157\" data-end=\"1199\">\n<p class=\"\" data-start=\"1159\" data-end=\"1199\"><strong data-start=\"1159\" data-end=\"1168\">Isuzu<\/strong>: ASKA (1983\u20131989, 1995\u20132001)<\/p>\n<\/li>\n<li class=\"\" data-start=\"1200\" data-end=\"1237\">\n<p class=\"\" data-start=\"1202\" data-end=\"1237\"><strong data-start=\"1202\" data-end=\"1209\">Muerto<\/strong>: CARNAVAL I y II (1998\u2013 )<\/p>\n<\/li>\n<li class=\"\" data-start=\"1238\" data-end=\"1266\">\n<p class=\"\" data-start=\"1240\" data-end=\"1266\"><strong data-start=\"1240\" data-end=\"1254\">Mitsubishi<\/strong>: PAJERO I<\/p>\n<\/li>\n<li class=\"\" data-start=\"1267\" data-end=\"1317\">\n<p class=\"\" data-start=\"1269\" data-end=\"1317\"><strong data-start=\"1269\" data-end=\"1279\">NISSAN<\/strong>: SOLEADO (N13, B12, B11), PRAIRIE PRO<\/p>\n<\/li>\n<li class=\"\" data-start=\"1318\" data-end=\"1348\">\n<p class=\"\" data-start=\"1320\" data-end=\"1348\"><strong data-start=\"1320\" data-end=\"1328\">OPEL<\/strong>: CAMPO, VELOC\u00cdMETRO<\/p>\n<\/li>\n<li class=\"\" data-start=\"1349\" data-end=\"1410\">\n<p class=\"\" data-start=\"1351\" data-end=\"1410\"><a href=\"https:\/\/rubberautoparts.com\/es\/toyota\/\"><strong data-start=\"1351\" data-end=\"1361\">TOYOTA<\/strong><\/a>:CAMRY(<em data-start=\"1370\" data-end=\"1374\">Versi\u00f3n 1<\/em>, <em data-start=\"1376\" data-end=\"1380\">V2<\/em>), CELICA (Cup\u00e9, Convertible)<\/p>\n<\/li>\n<\/ul>\n<p class=\"\" data-start=\"1412\" data-end=\"1566\">Moldeado con precisi\u00f3n para una f\u00e1cil instalaci\u00f3n y un sellado \u00f3ptimo, este fuelle homocin\u00e9tico es una opci\u00f3n ideal tanto para reemplazos posventa como para reparaciones equivalentes a OEM.<\/p>\n<\/div>\n<p><!-- .vgblk-rw-wrapper --><\/p>","protected":false},"excerpt":{"rendered":"<p>Product Description \u2013 CV Joint Boot GHCVJB0037 The GHCVJB0037 CV Joint Boot is a premium-quality replacement part designed for a wide range of Asian and Oceanian vehicles, ensuring excellent protection and durability for the constant velocity (CV) joint. Manufactured by Hebei Xingtai Renxian Guanghua Rubber Products Factory, a trusted name in automotive rubber parts since&#8230;<\/p>","protected":false},"featured_media":989926,"template":"","meta":[],"product_brand":[],"product_cat":[63],"product_tag":[109,83,95,79,110,75],"class_list":{"0":"post-989686","1":"product","2":"type-product","3":"status-publish","4":"has-post-thumbnail","6":"product_cat-cv-joint-boot","7":"product_tag-isuzu","8":"product_tag-mazda","9":"product_tag-mitsubishi","10":"product_tag-nissan","11":"product_tag-opel","12":"product_tag-toyota","14":"first","15":"instock","16":"shipping-taxable","17":"purchasable","18":"product-type-simple"},"aioseo_notices":[],"_links":{"self":[{"href":"https:\/\/rubberautoparts.com\/es\/wp-json\/wp\/v2\/product\/989686","targetHints":{"allow":["GET"]}}],"collection":[{"href":"https:\/\/rubberautoparts.com\/es\/wp-json\/wp\/v2\/product"}],"about":[{"href":"https:\/\/rubberautoparts.com\/es\/wp-json\/wp\/v2\/types\/product"}],"wp:featuredmedia":[{"embeddable":true,"href":"https:\/\/rubberautoparts.com\/es\/wp-json\/wp\/v2\/media\/989926"}],"wp:attachment":[{"href":"https:\/\/rubberautoparts.com\/es\/wp-json\/wp\/v2\/media?parent=989686"}],"wp:term":[{"taxonomy":"product_brand","embeddable":true,"href":"https:\/\/rubberautoparts.com\/es\/wp-json\/wp\/v2\/product_brand?post=989686"},{"taxonomy":"product_cat","embeddable":true,"href":"https:\/\/rubberautoparts.com\/es\/wp-json\/wp\/v2\/product_cat?post=989686"},{"taxonomy":"product_tag","embeddable":true,"href":"https:\/\/rubberautoparts.com\/es\/wp-json\/wp\/v2\/product_tag?post=989686"}],"curies":[{"name":"wp","href":"https:\/\/api.w.org\/{rel}","templated":true}]}}