{"id":989979,"date":"2025-06-21T13:54:15","date_gmt":"2025-06-21T13:54:15","guid":{"rendered":"https:\/\/rubberautoparts.com\/?post_type=product&#038;p=989979"},"modified":"2025-06-23T07:09:45","modified_gmt":"2025-06-23T07:09:45","slug":"valve-cover-gasket-ghvcg0007-oem%ef%bc%9a11213-28021","status":"publish","type":"product","link":"https:\/\/rubberautoparts.com\/es\/producto\/junta-de-tapa-de-valvulas-ghvcg0007-oem\uff1a11213-28021\/","title":{"rendered":"JUNTA DE TAPA DE V\u00c1LVULAS GHVCG0007 \/ OEM: 11213-28021"},"content":{"rendered":"<div class=\"vgblk-rw-wrapper limit-wrapper\">La junta de tapa de v\u00e1lvula GHVCG0007, fabricada por <a href=\"https:\/\/rubberautoparts.com\/es\/\">Productos de caucho Xingtai Guanghua Co., Ltd.<\/a>Es un componente de sellado premium de calidad OEM, dise\u00f1ado para garantizar un rendimiento y una fiabilidad \u00f3ptimos del motor. Fabricada con precisi\u00f3n y cuidado, esta junta cumple con los m\u00e1s altos est\u00e1ndares de calidad y durabilidad, lo que la convierte en un componente esencial para el mantenimiento y la reparaci\u00f3n del motor.<\/p>\n<p>Con n\u00famero OEM 11213-28021, esta junta de tapa de v\u00e1lvulas se adapta perfectamente a los modelos de veh\u00edculos compatibles. Su dise\u00f1o preciso garantiza un sellado excelente, previniendo eficazmente fugas de aceite que pueden causar da\u00f1os al motor o problemas de rendimiento. Su fiable capacidad de sellado ayuda a mantener la integridad del motor y reduce el riesgo de reparaciones costosas.<\/p>\n<p>Fabricado con materiales duraderos y resistentes al calor, el GHVCG0007 soporta temperaturas extremas y vibraciones del motor, garantizando un rendimiento duradero incluso en condiciones exigentes. Su construcci\u00f3n de alta calidad proporciona una excelente resistencia al desgaste, a los productos qu\u00edmicos y al estr\u00e9s t\u00e9rmico, lo que lo hace ideal tanto para talleres profesionales como para propietarios de veh\u00edculos que buscan piezas originales fiables.<\/p>\n<p>Ideal para mantenimiento, reparaciones y reemplazos, esta junta ofrece una soluci\u00f3n rentable sin comprometer la calidad. Ya sea para mantenimiento rutinario o para proyectos de revisi\u00f3n importantes, la junta GHVCG0007 de Guanghua... <a href=\"https:\/\/rubberautoparts.com\/es\/una-guia-completa-sobre-piezas-de-caucho-para-automoviles-comprension-del-caucho-natural-y-las-alternativas-sinteticas\/\">Goma<\/a> garantiza una relaci\u00f3n confiable, <a href=\"https:\/\/rubberautoparts.com\/es\/consulta\/\">Fabricante de equipos originales (OEM)<\/a>Soluci\u00f3n de sellado que cumple con las normas. Es una excelente opci\u00f3n para distribuidores de autopartes, talleres de reparaci\u00f3n y aficionados a la automoci\u00f3n que priorizan la calidad y el rendimiento superiores en su inventario de piezas.<\/div>\n<p><!-- .vgblk-rw-wrapper --><\/p>","protected":false},"excerpt":{"rendered":"<p>The GHVCG0007 Valve Cover Gasket, manufactured by Xingtai Guanghua Rubber Products Co., Ltd., is a premium OEM-grade sealing component designed to ensure optimal engine performance and reliability. Crafted with precision and care, this gasket meets the highest standards for quality and durability, making it an essential part for engine maintenance and repair. With OEM number&#8230;<\/p>","protected":false},"featured_media":989980,"template":"","meta":[],"product_brand":[],"product_cat":[65],"product_tag":[75],"class_list":{"0":"post-989979","1":"product","2":"type-product","3":"status-publish","4":"has-post-thumbnail","6":"product_cat-valve-cover-gasket","7":"product_tag-toyota","9":"first","10":"instock","11":"shipping-taxable","12":"purchasable","13":"product-type-simple"},"aioseo_notices":[],"_links":{"self":[{"href":"https:\/\/rubberautoparts.com\/es\/wp-json\/wp\/v2\/product\/989979","targetHints":{"allow":["GET"]}}],"collection":[{"href":"https:\/\/rubberautoparts.com\/es\/wp-json\/wp\/v2\/product"}],"about":[{"href":"https:\/\/rubberautoparts.com\/es\/wp-json\/wp\/v2\/types\/product"}],"wp:featuredmedia":[{"embeddable":true,"href":"https:\/\/rubberautoparts.com\/es\/wp-json\/wp\/v2\/media\/989980"}],"wp:attachment":[{"href":"https:\/\/rubberautoparts.com\/es\/wp-json\/wp\/v2\/media?parent=989979"}],"wp:term":[{"taxonomy":"product_brand","embeddable":true,"href":"https:\/\/rubberautoparts.com\/es\/wp-json\/wp\/v2\/product_brand?post=989979"},{"taxonomy":"product_cat","embeddable":true,"href":"https:\/\/rubberautoparts.com\/es\/wp-json\/wp\/v2\/product_cat?post=989979"},{"taxonomy":"product_tag","embeddable":true,"href":"https:\/\/rubberautoparts.com\/es\/wp-json\/wp\/v2\/product_tag?post=989979"}],"curies":[{"name":"wp","href":"https:\/\/api.w.org\/{rel}","templated":true}]}}