{"id":16389,"date":"2021-09-03T14:30:16","date_gmt":"2021-09-03T14:30:16","guid":{"rendered":"https:\/\/macchina.vamtam.com\/?page_id=16389"},"modified":"2025-01-10T06:45:28","modified_gmt":"2025-01-10T06:45:28","slug":"privacy_policy","status":"publish","type":"page","link":"https:\/\/rubberautoparts.com\/fr\/politique-de-confidentialite\/","title":{"rendered":"politique de confidentialit\u00e9"},"content":{"rendered":"<div data-elementor-type=\"wp-page\" data-elementor-id=\"16389\" class=\"elementor elementor-16389\" data-elementor-post-type=\"page\">\n\t\t\t\t\t\t\t\t\t<section class=\"elementor-section elementor-top-section elementor-element elementor-element-2fecd0d elementor-section-boxed elementor-section-height-default elementor-section-height-default\" data-id=\"2fecd0d\" data-element_type=\"section\">\n\t\t\t\t\t\t<div class=\"elementor-container elementor-column-gap-no\">\n\t\t\t\t\t<div class=\"elementor-column elementor-col-100 elementor-top-column elementor-element elementor-element-68b9acf\" data-id=\"68b9acf\" data-element_type=\"column\">\n\t\t\t<div class=\"elementor-widget-wrap elementor-element-populated\">\n\t\t\t\t\t\t\t\t<div class=\"elementor-element elementor-element-d96c633 elementor-widget elementor-widget-spacer\" data-id=\"d96c633\" data-element_type=\"widget\" data-widget_type=\"spacer.default\">\n\t\t\t\t<div class=\"elementor-widget-container\">\n\t\t\t<style>\/*! elementor - v3.17.0 - 25-10-2023 *\/\n.elementor-column .elementor-spacer-inner{height:var(--spacer-size)}.e-con{--container-widget-width:100%}.e-con-inner>.elementor-widget-spacer,.e-con>.elementor-widget-spacer{width:var(--container-widget-width,var(--spacer-size));--align-self:var(--container-widget-align-self,initial);--flex-shrink:0}.e-con-inner>.elementor-widget-spacer>.elementor-widget-container,.e-con>.elementor-widget-spacer>.elementor-widget-container{height:100%;width:100%}.e-con-inner>.elementor-widget-spacer>.elementor-widget-container>.elementor-spacer,.e-con>.elementor-widget-spacer>.elementor-widget-container>.elementor-spacer{height:100%}.e-con-inner>.elementor-widget-spacer>.elementor-widget-container>.elementor-spacer>.elementor-spacer-inner,.e-con>.elementor-widget-spacer>.elementor-widget-container>.elementor-spacer>.elementor-spacer-inner{height:var(--container-widget-height,var(--spacer-size))}.e-con-inner>.elementor-widget-spacer.elementor-widget-empty,.e-con>.elementor-widget-spacer.elementor-widget-empty{position:relative;min-height:22px;min-width:22px}.e-con-inner>.elementor-widget-spacer.elementor-widget-empty .elementor-widget-empty-icon,.e-con>.elementor-widget-spacer.elementor-widget-empty .elementor-widget-empty-icon{position:absolute;top:0;bottom:0;left:0;right:0;margin:auto;padding:0;width:22px;height:22px}<\/style>\t\t<div class=\"elementor-spacer\">\n\t\t\t<div class=\"elementor-spacer-inner\"><\/div>\n\t\t<\/div>\n\t\t\t\t<\/div>\n\t\t\t\t<\/div>\n\t\t\t\t<div class=\"elementor-element elementor-element-a10fc05 elementor-widget elementor-widget-spacer\" data-id=\"a10fc05\" data-element_type=\"widget\" data-widget_type=\"spacer.default\">\n\t\t\t\t<div class=\"elementor-widget-container\">\n\t\t\t\t\t<div class=\"elementor-spacer\">\n\t\t\t<div class=\"elementor-spacer-inner\"><\/div>\n\t\t<\/div>\n\t\t\t\t<\/div>\n\t\t\t\t<\/div>\n\t\t\t\t\t<\/div>\n\t\t<\/div>\n\t\t\t\t\t\t\t<\/div>\n\t\t<\/section>\n\t\t\t\t<section class=\"elementor-section elementor-top-section elementor-element elementor-element-472114e5 elementor-section-boxed elementor-section-height-default elementor-section-height-default\" data-id=\"472114e5\" data-element_type=\"section\">\n\t\t\t\t\t\t<div class=\"elementor-container elementor-column-gap-no\">\n\t\t\t\t\t<div class=\"elementor-column elementor-col-100 elementor-top-column elementor-element elementor-element-2f88687b\" data-id=\"2f88687b\" data-element_type=\"column\">\n\t\t\t<div class=\"elementor-widget-wrap elementor-element-populated\">\n\t\t\t\t\t\t\t\t<div class=\"elementor-element elementor-element-19fb9ffd elementor-widget elementor-widget-text-editor\" data-id=\"19fb9ffd\" data-element_type=\"widget\" data-widget_type=\"text-editor.default\">\n\t\t\t\t<div class=\"elementor-widget-container\">\n\t\t\t<style>\/*! elementor - v3.17.0 - 25-10-2023 *\/\n.elementor-widget-text-editor.elementor-drop-cap-view-stacked .elementor-drop-cap{background-color:#69727d;color:#fff}.elementor-widget-text-editor.elementor-drop-cap-view-framed .elementor-drop-cap{color:#69727d;border:3px solid;background-color:transparent}.elementor-widget-text-editor:not(.elementor-drop-cap-view-default) .elementor-drop-cap{margin-top:8px}.elementor-widget-text-editor:not(.elementor-drop-cap-view-default) .elementor-drop-cap-letter{width:1em;height:1em}.elementor-widget-text-editor .elementor-drop-cap{float:left;text-align:center;line-height:1;font-size:50px}.elementor-widget-text-editor .elementor-drop-cap-letter{display:inline-block}<\/style>\t\t\t\t<!-- wp:paragraph --><!-- \/wp:paragraph --><!-- wp:paragraph -->\n<h3>Aper\u00e7u<\/h3>\n<!-- \/wp:paragraph --><!-- wp:paragraph -->\n<p>Cette politique de confidentialit\u00e9 explique comment <strong>Usine de produits en caoutchouc de Hebei Guanghua<\/strong> (\u00ab nous \u00bb, \u00ab notre \u00bb ou \u00ab nos \u00bb) collecte, utilise et prot\u00e8ge les informations personnelles fournies par les visiteurs et les clients sur notre site Web B2B (<a href=\"https:\/\/rubberautoparts.com\/fr\/\">www.rubberautoparts.com<\/a>).<\/p>\n<p>En acc\u00e9dant \u00e0 notre site ou en l&#039;utilisant, vous acceptez les conditions d\u00e9crites dans la pr\u00e9sente politique de confidentialit\u00e9. Si vous n&#039;\u00eates pas d&#039;accord avec ces conditions, veuillez vous abstenir d&#039;utiliser notre site.<\/p>\n<!-- \/wp:list --><!-- wp:paragraph -->\n<h3>1. <strong>Informations que nous collectons<\/strong><\/h3>\n<p>Nous collectons les types d\u2019informations suivants :<\/p>\n<h4>un. <strong>Informations que vous fournissez<\/strong><\/h4>\n<ul>\n<li><strong>Coordonn\u00e9es<\/strong>:Lorsque vous soumettez une demande de renseignements ou demandez un devis, nous pouvons collecter votre nom, votre adresse e-mail, votre num\u00e9ro de t\u00e9l\u00e9phone, le nom de votre entreprise et d&#039;autres informations que vous fournissez volontairement.<\/li>\n<li><strong>Contenu du message<\/strong>:Toute information suppl\u00e9mentaire que vous incluez dans votre demande ou communication avec nous.<\/li>\n<\/ul>\n<h4>b. <strong>Informations collect\u00e9es automatiquement<\/strong><\/h4>\n<ul>\n<li><strong>Cookies<\/strong>: Notre site utilise des cookies pour am\u00e9liorer votre exp\u00e9rience de navigation. Les cookies sont de petits fichiers de donn\u00e9es stock\u00e9s sur votre appareil qui nous aident \u00e0 analyser l&#039;utilisation du site et \u00e0 am\u00e9liorer ses fonctionnalit\u00e9s.<\/li>\n<li><strong>Donn\u00e9es d&#039;analyse<\/strong>:Nous pouvons collecter des informations telles que votre adresse IP, le type de navigateur, le syst\u00e8me d&#039;exploitation et les pages visit\u00e9es sur notre site \u00e0 des fins d&#039;analyse.<\/li>\n<\/ul>\n<hr \/>\n<h3>2. <strong>Comment nous utilisons vos informations<\/strong><\/h3>\n<p>Nous utilisons les informations collect\u00e9es aux fins suivantes :<\/p>\n<ol>\n<li><strong>R\u00e9pondre aux demandes de renseignements<\/strong>:Pour r\u00e9pondre \u00e0 vos questions ou fournir des devis en fonction de vos demandes.<\/li>\n<li><strong>Am\u00e9liorer nos services<\/strong>:Pour analyser et am\u00e9liorer la fonctionnalit\u00e9 de notre site, l&#039;exp\u00e9rience utilisateur et les performances globales.<\/li>\n<li><strong>Commercialisation<\/strong>:Avec votre consentement explicite, nous pouvons envoyer du mat\u00e9riel promotionnel ou des mises \u00e0 jour li\u00e9es \u00e0 nos produits et services.<\/li>\n<\/ol>\n<hr \/>\n<h3>3. <strong>Partage de vos informations<\/strong><\/h3>\n<p>Nous ne vendons, n&#039;\u00e9changeons ni ne louons vos informations personnelles \u00e0 des tiers. Cependant, nous pouvons partager vos informations dans les cas suivants :<\/p>\n<ul>\n<li><strong>Fournisseurs de services<\/strong>:Avec des fournisseurs tiers de confiance qui nous aident \u00e0 exploiter le Site, \u00e0 condition qu&#039;ils acceptent de garder vos informations confidentielles.<\/li>\n<li><strong>Conformit\u00e9 l\u00e9gale<\/strong>:Lorsque cela est requis pour se conformer aux lois, r\u00e9glementations ou proc\u00e9dures judiciaires applicables.<\/li>\n<\/ul>\n<hr \/>\n<h3>4. <strong>Politique de cookies<\/strong><\/h3>\n<p>Les cookies nous aident \u00e0 am\u00e9liorer votre exp\u00e9rience sur notre site en m\u00e9morisant vos pr\u00e9f\u00e9rences et en suivant la fa\u00e7on dont vous utilisez notre site.<\/p>\n<ul>\n<li>Vous pouvez d\u00e9sactiver les cookies via les param\u00e8tres de votre navigateur, mais cela peut limiter certaines fonctionnalit\u00e9s du Site.<\/li>\n<\/ul>\n<hr \/>\n<h3>5. <strong>Conservation des donn\u00e9es<\/strong><\/h3>\n<p>Nous conservons vos informations personnelles uniquement aussi longtemps que n\u00e9cessaire pour atteindre les objectifs d\u00e9crits dans la pr\u00e9sente politique de confidentialit\u00e9, nous conformer aux obligations l\u00e9gales ou r\u00e9soudre les litiges.<\/p>\n<hr \/>\n<h3>6. <strong>S\u00e9curit\u00e9 des donn\u00e9es<\/strong><\/h3>\n<p>Nous mettons en \u0153uvre des mesures techniques et organisationnelles appropri\u00e9es pour prot\u00e9ger vos informations personnelles contre tout acc\u00e8s, divulgation ou utilisation abusive non autoris\u00e9s. Cependant, aucun syst\u00e8me n&#039;est totalement s\u00e9curis\u00e9 et nous ne pouvons pas garantir la s\u00e9curit\u00e9 absolue de vos informations.<\/p>\n<hr \/>\n<h3>7. <strong>Vos droits<\/strong><\/h3>\n<p>Selon votre juridiction, vous pourriez avoir droit \u00e0 :<\/p>\n<ul>\n<li>Acc\u00e9der, mettre \u00e0 jour ou supprimer vos informations personnelles.<\/li>\n<li>D\u00e9sactiver la r\u00e9ception de communications marketing.<\/li>\n<li>Retirer le consentement \u00e0 certaines activit\u00e9s de traitement de donn\u00e9es.<\/li>\n<\/ul>\n<p>Pour exercer ces droits, veuillez nous contacter \u00e0 <strong>[<a href=\"mailto:info@rubberautoparts.com\">info@rubberautoparts.com<\/a>]<\/strong>.<\/p>\n<hr \/>\n<h3>8. <strong>Liens vers des sites tiers<\/strong><\/h3>\n<p>Notre site peut inclure des liens vers des sites Web tiers. Nous ne sommes pas responsables des pratiques de confidentialit\u00e9 ou du contenu de ces sites Web. Veuillez consulter leurs politiques de confidentialit\u00e9 avant de fournir des informations personnelles.<\/p>\n<p>Une partie de nos articles de blog proviennent de sources d&#039;actualit\u00e9s RSS raisonnables g\u00e9n\u00e9r\u00e9es par RSS.APP FEED. Le lien source est marqu\u00e9 conform\u00e9ment \u00e0 la <a href=\"https:\/\/support.google.com\/news\/publisher-center\/answer\/9545245?sjid=8128762984613436225-AP\">exigences de Google News RSS<\/a>Si vous avez des probl\u00e8mes de droits d&#039;utilisation, veuillez nous contacter.<\/p>\n<hr \/>\n<h3>9. <strong>Modifications apport\u00e9es \u00e0 la pr\u00e9sente politique de confidentialit\u00e9<\/strong><\/h3>\n<p>Nous sommes susceptibles de mettre \u00e0 jour cette politique de confidentialit\u00e9 de temps \u00e0 autre. Les modifications seront publi\u00e9es sur cette page avec une \u00ab date d&#039;entr\u00e9e en vigueur \u00bb mise \u00e0 jour. Votre utilisation continue du site constitue une acceptation de la politique r\u00e9vis\u00e9e.<\/p>\n<hr \/>\n<h3>10. <strong>Contactez-nous<\/strong><\/h3>\n<p>Si vous avez des questions ou des pr\u00e9occupations concernant cette politique de confidentialit\u00e9, veuillez nous contacter \u00e0 :<\/p>\n<p><strong>Usine de produits en caoutchouc de Hebei Guanghua<\/strong><br \/>Ville de Tiankou, comt\u00e9 de Renxian, ville de Xingtai, province du Hebei, Chine<br \/><strong>E-mail<\/strong>: [<a href=\"mailto:info@rubberautoparts.com\">info@rubberautoparts.com<\/a>]<br \/><strong>WhatsApp<\/strong>: [<a href=\"https:\/\/wa.me\/+8615075956365\"><span class=\"elementor-icon-list-text\">+86 150 7595 6365<\/span><\/a>]<\/p>\n<!-- \/wp:paragraph -->\t\t\t\t\t\t<\/div>\n\t\t\t\t<\/div>\n\t\t\t\t\t<\/div>\n\t\t<\/div>\n\t\t\t\t\t\t\t<\/div>\n\t\t<\/section>\n\t\t\t\t\t\t\t<\/div>","protected":false},"excerpt":{"rendered":"<p>Overview This Privacy Policy explains how Hebei Guanghua Rubber Products Factory (&#8220;we,&#8221; &#8220;our,&#8221; or &#8220;us&#8221;) collects, uses, and protects the personal information provided by visitors and customers on our B2B website (www.rubberautoparts.com). By accessing or using our Site, you agree to the terms outlined in this Privacy Policy. If you do not agree with these&#8230;<\/p>","protected":false},"author":2,"featured_media":0,"parent":0,"menu_order":0,"comment_status":"closed","ping_status":"closed","template":"","meta":{"footnotes":""},"class_list":["post-16389","page","type-page","status-publish","hentry"],"aioseo_notices":[],"_links":{"self":[{"href":"https:\/\/rubberautoparts.com\/fr\/wp-json\/wp\/v2\/pages\/16389","targetHints":{"allow":["GET"]}}],"collection":[{"href":"https:\/\/rubberautoparts.com\/fr\/wp-json\/wp\/v2\/pages"}],"about":[{"href":"https:\/\/rubberautoparts.com\/fr\/wp-json\/wp\/v2\/types\/page"}],"author":[{"embeddable":true,"href":"https:\/\/rubberautoparts.com\/fr\/wp-json\/wp\/v2\/users\/2"}],"replies":[{"embeddable":true,"href":"https:\/\/rubberautoparts.com\/fr\/wp-json\/wp\/v2\/comments?post=16389"}],"version-history":[{"count":22,"href":"https:\/\/rubberautoparts.com\/fr\/wp-json\/wp\/v2\/pages\/16389\/revisions"}],"predecessor-version":[{"id":989204,"href":"https:\/\/rubberautoparts.com\/fr\/wp-json\/wp\/v2\/pages\/16389\/revisions\/989204"}],"wp:attachment":[{"href":"https:\/\/rubberautoparts.com\/fr\/wp-json\/wp\/v2\/media?parent=16389"}],"curies":[{"name":"wp","href":"https:\/\/api.w.org\/{rel}","templated":true}]}}