{"id":988744,"date":"2024-09-23T11:06:34","date_gmt":"2024-09-23T11:06:34","guid":{"rendered":"https:\/\/rubberautoparts.com\/?post_type=product&#038;p=988744"},"modified":"2025-01-27T04:11:25","modified_gmt":"2025-01-27T04:11:25","slug":"steering-rack-boot-ghsrb0005","status":"publish","type":"product","link":"https:\/\/rubberautoparts.com\/fr\/produit\/soufflet-de-cremaillere-de-direction-ghsrb0005\/","title":{"rendered":"Soufflet de cr\u00e9maill\u00e8re de direction GHSRB0005 \/ OEM: 45535-52050,45535-13010"},"content":{"rendered":"<div class=\"vgblk-rw-wrapper limit-wrapper\"><strong>Soufflet de cr\u00e9maill\u00e8re de direction l\u00e9ger<\/strong>:Cette botte de cr\u00e9maill\u00e8re de direction l\u00e9g\u00e8re offre une excellente protection sans ajouter de poids inutile au v\u00e9hicule, am\u00e9liorant ainsi la r\u00e9activit\u00e9 de la direction.<\/div>\n<p><!-- .vgblk-rw-wrapper --><\/p>","protected":false},"excerpt":{"rendered":"<p>Soufflet de cr\u00e9maill\u00e8re de direction l\u00e9ger : ce soufflet de cr\u00e9maill\u00e8re de direction l\u00e9ger offre une excellente protection sans ajouter de poids inutile au v\u00e9hicule, am\u00e9liorant ainsi la r\u00e9activit\u00e9 de la direction.<\/p>","protected":false},"featured_media":988674,"template":"","meta":[],"product_brand":[],"product_cat":[61],"product_tag":[75],"class_list":{"0":"post-988744","1":"product","2":"type-product","3":"status-publish","4":"has-post-thumbnail","6":"product_cat-steering-rack-boot","7":"product_tag-toyota","9":"first","10":"instock","11":"shipping-taxable","12":"purchasable","13":"product-type-simple"},"aioseo_notices":[],"_links":{"self":[{"href":"https:\/\/rubberautoparts.com\/fr\/wp-json\/wp\/v2\/product\/988744","targetHints":{"allow":["GET"]}}],"collection":[{"href":"https:\/\/rubberautoparts.com\/fr\/wp-json\/wp\/v2\/product"}],"about":[{"href":"https:\/\/rubberautoparts.com\/fr\/wp-json\/wp\/v2\/types\/product"}],"wp:featuredmedia":[{"embeddable":true,"href":"https:\/\/rubberautoparts.com\/fr\/wp-json\/wp\/v2\/media\/988674"}],"wp:attachment":[{"href":"https:\/\/rubberautoparts.com\/fr\/wp-json\/wp\/v2\/media?parent=988744"}],"wp:term":[{"taxonomy":"product_brand","embeddable":true,"href":"https:\/\/rubberautoparts.com\/fr\/wp-json\/wp\/v2\/product_brand?post=988744"},{"taxonomy":"product_cat","embeddable":true,"href":"https:\/\/rubberautoparts.com\/fr\/wp-json\/wp\/v2\/product_cat?post=988744"},{"taxonomy":"product_tag","embeddable":true,"href":"https:\/\/rubberautoparts.com\/fr\/wp-json\/wp\/v2\/product_tag?post=988744"}],"curies":[{"name":"wp","href":"https:\/\/api.w.org\/{rel}","templated":true}]}}