{"id":988746,"date":"2024-09-23T11:06:35","date_gmt":"2024-09-23T11:06:35","guid":{"rendered":"https:\/\/rubberautoparts.com\/?post_type=product&#038;p=988746"},"modified":"2025-01-27T04:10:47","modified_gmt":"2025-01-27T04:10:47","slug":"steering-rack-boot-ghsrb0007","status":"publish","type":"product","link":"https:\/\/rubberautoparts.com\/fr\/produit\/soufflet-de-cremaillere-de-direction-ghsrb0007\/","title":{"rendered":"Soufflet de cr\u00e9maill\u00e8re de direction GHSRB0007 \/ OEM: 45535-49015\/45535-09150"},"content":{"rendered":"<div class=\"vgblk-rw-wrapper limit-wrapper\"><strong>Soufflet de cr\u00e9maill\u00e8re de direction r\u00e9sistant \u00e0 la corrosion<\/strong>: Dot\u00e9e d&#039;une conception r\u00e9sistante \u00e0 la corrosion, cette botte prot\u00e8ge contre la rouille et la d\u00e9t\u00e9rioration, prolongeant ainsi la dur\u00e9e de vie de vos composants de direction.<\/p>\n<div class=\"elementor-column elementor-col-33 elementor-top-column elementor-element elementor-element-6c16cf5\" data-id=\"6c16cf5\" data-element_type=\"column\">\n<div class=\"elementor-widget-wrap elementor-element-populated\">\n<div class=\"elementor-element elementor-element-1096d9c elementor-widget elementor-widget-text-editor animated fadeIn\" data-id=\"1096d9c\" data-element_type=\"widget\" data-settings=\"{&quot;_animation&quot;:&quot;fadeIn&quot;,&quot;_animation_tablet&quot;:&quot;none&quot;,&quot;_animation_mobile&quot;:&quot;none&quot;,&quot;_animation_delay&quot;:200}\" data-widget_type=\"text-editor.default\">\n<div class=\"elementor-widget-container\">\n<p><strong><a href=\"https:\/\/rubberautoparts.com\/fr\/\">Usine de produits en caoutchouc Hebei Xingtai Renxian Guanghua (abr\u00e9viation de Guanghua Rubber Products Factory).<\/a><\/strong>Une usine professionnelle de pi\u00e8ces en caoutchouc pour automobiles cr\u00e9\u00e9e en 2013, sp\u00e9cialis\u00e9e dans la production de pi\u00e8ces en caoutchouc pour automobiles de haute qualit\u00e9. Situ\u00e9e dans la ville de Tiankou, comt\u00e9 de Renxian, ville de Xingtai, province du Hebei.<\/p>\n<p>Notre usine est \u00e9quip\u00e9e de machines de production avanc\u00e9es telles que des machines d&#039;injection de caoutchouc, des machines de vulcanisation et des machines de moulage par injection. Nous disposons \u00e9galement d&#039;une \u00e9quipe technique et de production stable et exp\u00e9riment\u00e9e.<\/p>\n<p>Nos principaux produits comprennent\u00a0<strong><a href=\"https:\/\/rubberautoparts.com\/fr\/product-category\/CV-joint-boot\/\">Soufflet de cardan<\/a>,<a href=\"https:\/\/rubberautoparts.com\/fr\/product-category\/steering-rack-boot\/\">Soufflet de cr\u00e9maill\u00e8re de direction<\/a>,<a href=\"https:\/\/rubberautoparts.com\/fr\/product-category\/Shock-absorber-boot\/\">Soufflet d&#039;amortisseur<\/a>,<a href=\"https:\/\/rubberautoparts.com\/fr\/product-category\/Stabilizer-bar-bushing\/\">Bague de barre stabilisatrice<\/a>,<a href=\"https:\/\/rubberautoparts.com\/fr\/product-category\/Valve-cover-gasket\/\">Joint de couvercle de soupape<\/a>,<a href=\"https:\/\/rubberautoparts.com\/fr\/product-category\/O-Ring\/\">Joints toriques<\/a>.<\/strong>\u00a0De plus, nous proposons des produits en caoutchouc personnalis\u00e9s adapt\u00e9s aux sp\u00e9cifications du client et fournissons \u00e0 la fois des produits pr\u00eats \u00e0 l&#039;emploi et des services OEM pour le march\u00e9 mondial.<\/p>\n<\/div>\n<\/div>\n<\/div>\n<\/div>\n<div class=\"elementor-column elementor-col-33 elementor-top-column elementor-element elementor-element-75e1a3f elementor-hidden-phone\" data-id=\"75e1a3f\" data-element_type=\"column\">\n<div class=\"elementor-widget-wrap\"><\/div>\n<\/div>\n<div class=\"elementor-column elementor-col-33 elementor-top-column elementor-element elementor-element-d2c34b6\" data-id=\"d2c34b6\" data-element_type=\"column\">\n<div class=\"elementor-widget-wrap elementor-element-populated\">\n<div class=\"elementor-element elementor-element-326278b elementor-widget elementor-widget-text-editor animated fadeIn\" data-id=\"326278b\" data-element_type=\"widget\" data-settings=\"{&quot;_animation&quot;:&quot;fadeIn&quot;,&quot;_animation_tablet&quot;:&quot;none&quot;,&quot;_animation_mobile&quot;:&quot;none&quot;,&quot;_animation_delay&quot;:400}\" data-widget_type=\"text-editor.default\">\n<div class=\"elementor-widget-container\">\n<p>Avec une vaste exp\u00e9rience industrielle et un syst\u00e8me de contr\u00f4le qualit\u00e9 rigoureux, nos produits sont export\u00e9s vers des r\u00e9gions telles que\u00a0<strong>Am\u00e9rique du Sud<\/strong>,\u00a0<strong>Asie de l&#039;Ouest<\/strong>,\u00a0<strong>Asie du Sud-Est<\/strong>, et\u00a0<strong>Afrique<\/strong>, gagnant une large reconnaissance aupr\u00e8s de nos clients.<\/p>\n<p>Afin d\u2019\u00e9tendre davantage notre pr\u00e9sence sur le march\u00e9 international, nous avons cr\u00e9\u00e9\u00a0<strong>Soci\u00e9t\u00e9 commerciale Cie., Ltd de Yiwu Changlu<\/strong>. \u00e0 Yiwu en 2021 en tant que notre succursale de vente internationale.<\/p>\n<p>Nous nous engageons \u00e0 r\u00e9pondre aux attentes et aux demandes de nos clients en fournissant des produits et services de qualit\u00e9 garantie.<\/p>\n<\/div>\n<\/div>\n<\/div>\n<\/div>\n<\/div>\n<p><!-- .vgblk-rw-wrapper --><\/p>","protected":false},"excerpt":{"rendered":"<p>Corrosion-Resistant Steering Rack Boot: Featuring a corrosion-resistant design, this boot protects against rust and deterioration, extending the life of your steering components. Hebei Xingtai Renxian Guanghua Rubber Products Factory(short for Guanghua Rubber Products Factory).A Professional Auto Rubber Parts Factory established in 2013, specializes in producing high-quality automotive rubber parts. Located in Tiankou Town, Renxian County,&#8230;<\/p>","protected":false},"featured_media":988678,"template":"","meta":[],"product_brand":[],"product_cat":[61],"product_tag":[81,83,75],"class_list":{"0":"post-988746","1":"product","2":"type-product","3":"status-publish","4":"has-post-thumbnail","6":"product_cat-steering-rack-boot","7":"product_tag-lexus","8":"product_tag-mazda","9":"product_tag-toyota","11":"first","12":"instock","13":"shipping-taxable","14":"purchasable","15":"product-type-simple"},"aioseo_notices":[],"_links":{"self":[{"href":"https:\/\/rubberautoparts.com\/fr\/wp-json\/wp\/v2\/product\/988746","targetHints":{"allow":["GET"]}}],"collection":[{"href":"https:\/\/rubberautoparts.com\/fr\/wp-json\/wp\/v2\/product"}],"about":[{"href":"https:\/\/rubberautoparts.com\/fr\/wp-json\/wp\/v2\/types\/product"}],"wp:featuredmedia":[{"embeddable":true,"href":"https:\/\/rubberautoparts.com\/fr\/wp-json\/wp\/v2\/media\/988678"}],"wp:attachment":[{"href":"https:\/\/rubberautoparts.com\/fr\/wp-json\/wp\/v2\/media?parent=988746"}],"wp:term":[{"taxonomy":"product_brand","embeddable":true,"href":"https:\/\/rubberautoparts.com\/fr\/wp-json\/wp\/v2\/product_brand?post=988746"},{"taxonomy":"product_cat","embeddable":true,"href":"https:\/\/rubberautoparts.com\/fr\/wp-json\/wp\/v2\/product_cat?post=988746"},{"taxonomy":"product_tag","embeddable":true,"href":"https:\/\/rubberautoparts.com\/fr\/wp-json\/wp\/v2\/product_tag?post=988746"}],"curies":[{"name":"wp","href":"https:\/\/api.w.org\/{rel}","templated":true}]}}