{"id":988748,"date":"2024-09-23T11:06:37","date_gmt":"2024-09-23T11:06:37","guid":{"rendered":"https:\/\/rubberautoparts.com\/?post_type=product&#038;p=988748"},"modified":"2025-02-13T13:09:40","modified_gmt":"2025-02-13T13:09:40","slug":"steering-rack-boot-ghsrb0009","status":"publish","type":"product","link":"https:\/\/rubberautoparts.com\/fr\/produit\/soufflet-de-cremaillere-de-direction-ghsrb0009\/","title":{"rendered":"Soufflet de cr\u00e9maill\u00e8re de direction GHSRB0009 \/ OEM: 45535-12100\/45535-24030\/45535-14070"},"content":{"rendered":"<div class=\"vgblk-rw-wrapper limit-wrapper\"><strong>Soufflet de cr\u00e9maill\u00e8re de direction amortisseur<\/strong>:Con\u00e7ue pour absorber les chocs et les vibrations, cette botte am\u00e9liore la sensation et les performances de la direction, contribuant ainsi \u00e0 une meilleure exp\u00e9rience de conduite globale.<\/div>\n<p><!-- .vgblk-rw-wrapper --><\/p>","protected":false},"excerpt":{"rendered":"<p>Soufflet de cr\u00e9maill\u00e8re de direction absorbant les chocs : con\u00e7u pour absorber les chocs et les vibrations, ce soufflet am\u00e9liore la sensation et les performances de la direction, contribuant ainsi \u00e0 une meilleure exp\u00e9rience de conduite globale.<\/p>","protected":false},"featured_media":989002,"template":"","meta":[],"product_brand":[],"product_cat":[61],"product_tag":[82,81,75],"class_list":{"0":"post-988748","1":"product","2":"type-product","3":"status-publish","4":"has-post-thumbnail","6":"product_cat-steering-rack-boot","7":"product_tag-general-motors","8":"product_tag-lexus","9":"product_tag-toyota","11":"first","12":"instock","13":"shipping-taxable","14":"purchasable","15":"product-type-simple"},"aioseo_notices":[],"_links":{"self":[{"href":"https:\/\/rubberautoparts.com\/fr\/wp-json\/wp\/v2\/product\/988748","targetHints":{"allow":["GET"]}}],"collection":[{"href":"https:\/\/rubberautoparts.com\/fr\/wp-json\/wp\/v2\/product"}],"about":[{"href":"https:\/\/rubberautoparts.com\/fr\/wp-json\/wp\/v2\/types\/product"}],"wp:featuredmedia":[{"embeddable":true,"href":"https:\/\/rubberautoparts.com\/fr\/wp-json\/wp\/v2\/media\/989002"}],"wp:attachment":[{"href":"https:\/\/rubberautoparts.com\/fr\/wp-json\/wp\/v2\/media?parent=988748"}],"wp:term":[{"taxonomy":"product_brand","embeddable":true,"href":"https:\/\/rubberautoparts.com\/fr\/wp-json\/wp\/v2\/product_brand?post=988748"},{"taxonomy":"product_cat","embeddable":true,"href":"https:\/\/rubberautoparts.com\/fr\/wp-json\/wp\/v2\/product_cat?post=988748"},{"taxonomy":"product_tag","embeddable":true,"href":"https:\/\/rubberautoparts.com\/fr\/wp-json\/wp\/v2\/product_tag?post=988748"}],"curies":[{"name":"wp","href":"https:\/\/api.w.org\/{rel}","templated":true}]}}