{"id":988751,"date":"2024-09-23T11:06:40","date_gmt":"2024-09-23T11:06:40","guid":{"rendered":"https:\/\/rubberautoparts.com\/?post_type=product&#038;p=988751"},"modified":"2025-01-27T04:01:19","modified_gmt":"2025-01-27T04:01:19","slug":"steering-rack-boot-ghsrb0012","status":"publish","type":"product","link":"https:\/\/rubberautoparts.com\/fr\/produit\/soufflet-de-cremaillere-de-direction-ghsrb0012\/","title":{"rendered":"Soufflet de cr\u00e9maill\u00e8re de direction GHSRB0012 \/ OEM: 45535-60020,45535-60021"},"content":{"rendered":"<div class=\"vgblk-rw-wrapper limit-wrapper\"><strong>Soufflet de cr\u00e9maill\u00e8re de direction toutes saisons<\/strong>:Con\u00e7ue pour r\u00e9sister aux conditions m\u00e9t\u00e9orologiques extr\u00eames, cette soufflet de cr\u00e9maill\u00e8re de direction maintient son int\u00e9grit\u00e9 dans la chaleur, le froid et l&#039;humidit\u00e9.<\/p>\n<p>&nbsp;<\/p><\/div>\n<p><!-- .vgblk-rw-wrapper --><\/p>","protected":false},"excerpt":{"rendered":"<p>Soufflet de cr\u00e9maill\u00e8re de direction toutes saisons : con\u00e7u pour r\u00e9sister aux conditions m\u00e9t\u00e9orologiques extr\u00eames, ce soufflet de cr\u00e9maill\u00e8re de direction conserve son int\u00e9grit\u00e9 dans la chaleur, le froid et l&#039;humidit\u00e9. &nbsp;<\/p>","protected":false},"featured_media":988688,"template":"","meta":[],"product_brand":[],"product_cat":[61],"product_tag":[81,75],"class_list":{"0":"post-988751","1":"product","2":"type-product","3":"status-publish","4":"has-post-thumbnail","6":"product_cat-steering-rack-boot","7":"product_tag-lexus","8":"product_tag-toyota","10":"first","11":"instock","12":"shipping-taxable","13":"purchasable","14":"product-type-simple"},"aioseo_notices":[],"_links":{"self":[{"href":"https:\/\/rubberautoparts.com\/fr\/wp-json\/wp\/v2\/product\/988751","targetHints":{"allow":["GET"]}}],"collection":[{"href":"https:\/\/rubberautoparts.com\/fr\/wp-json\/wp\/v2\/product"}],"about":[{"href":"https:\/\/rubberautoparts.com\/fr\/wp-json\/wp\/v2\/types\/product"}],"wp:featuredmedia":[{"embeddable":true,"href":"https:\/\/rubberautoparts.com\/fr\/wp-json\/wp\/v2\/media\/988688"}],"wp:attachment":[{"href":"https:\/\/rubberautoparts.com\/fr\/wp-json\/wp\/v2\/media?parent=988751"}],"wp:term":[{"taxonomy":"product_brand","embeddable":true,"href":"https:\/\/rubberautoparts.com\/fr\/wp-json\/wp\/v2\/product_brand?post=988751"},{"taxonomy":"product_cat","embeddable":true,"href":"https:\/\/rubberautoparts.com\/fr\/wp-json\/wp\/v2\/product_cat?post=988751"},{"taxonomy":"product_tag","embeddable":true,"href":"https:\/\/rubberautoparts.com\/fr\/wp-json\/wp\/v2\/product_tag?post=988751"}],"curies":[{"name":"wp","href":"https:\/\/api.w.org\/{rel}","templated":true}]}}