{"id":988752,"date":"2024-09-23T11:06:41","date_gmt":"2024-09-23T11:06:41","guid":{"rendered":"https:\/\/rubberautoparts.com\/?post_type=product&#038;p=988752"},"modified":"2025-01-27T04:00:27","modified_gmt":"2025-01-27T04:00:27","slug":"steering-rack-boot-ghsrb0013","status":"publish","type":"product","link":"https:\/\/rubberautoparts.com\/fr\/produit\/soufflet-de-cremaillere-de-direction-ghsrb0013\/","title":{"rendered":"Soufflet de cr\u00e9maill\u00e8re de direction GHSRB0013 \/ OEM\u00a0: 48203-4M525"},"content":{"rendered":"<div class=\"vgblk-rw-wrapper limit-wrapper\"><strong>Soufflet de cr\u00e9maill\u00e8re de direction de remplacement OEM<\/strong>:Ce soufflet de cr\u00e9maill\u00e8re de direction de haute qualit\u00e9 sert de remplacement direct \u00e0 la pi\u00e8ce d&#039;origine de votre v\u00e9hicule, offrant un ajustement parfait et des performances fiables.<\/div>\n<p><!-- .vgblk-rw-wrapper --><\/p>","protected":false},"excerpt":{"rendered":"<p>Soufflet de cr\u00e9maill\u00e8re de direction de remplacement OEM : ce soufflet de cr\u00e9maill\u00e8re de direction de haute qualit\u00e9 sert de remplacement direct \u00e0 la pi\u00e8ce d&#039;origine de votre v\u00e9hicule, offrant un ajustement parfait et des performances fiables.<\/p>","protected":false},"featured_media":988690,"template":"","meta":[],"product_brand":[],"product_cat":[61],"product_tag":[79],"class_list":{"0":"post-988752","1":"product","2":"type-product","3":"status-publish","4":"has-post-thumbnail","6":"product_cat-steering-rack-boot","7":"product_tag-nissan","9":"first","10":"instock","11":"shipping-taxable","12":"purchasable","13":"product-type-simple"},"aioseo_notices":[],"_links":{"self":[{"href":"https:\/\/rubberautoparts.com\/fr\/wp-json\/wp\/v2\/product\/988752","targetHints":{"allow":["GET"]}}],"collection":[{"href":"https:\/\/rubberautoparts.com\/fr\/wp-json\/wp\/v2\/product"}],"about":[{"href":"https:\/\/rubberautoparts.com\/fr\/wp-json\/wp\/v2\/types\/product"}],"wp:featuredmedia":[{"embeddable":true,"href":"https:\/\/rubberautoparts.com\/fr\/wp-json\/wp\/v2\/media\/988690"}],"wp:attachment":[{"href":"https:\/\/rubberautoparts.com\/fr\/wp-json\/wp\/v2\/media?parent=988752"}],"wp:term":[{"taxonomy":"product_brand","embeddable":true,"href":"https:\/\/rubberautoparts.com\/fr\/wp-json\/wp\/v2\/product_brand?post=988752"},{"taxonomy":"product_cat","embeddable":true,"href":"https:\/\/rubberautoparts.com\/fr\/wp-json\/wp\/v2\/product_cat?post=988752"},{"taxonomy":"product_tag","embeddable":true,"href":"https:\/\/rubberautoparts.com\/fr\/wp-json\/wp\/v2\/product_tag?post=988752"}],"curies":[{"name":"wp","href":"https:\/\/api.w.org\/{rel}","templated":true}]}}