{"id":988953,"date":"2024-10-09T03:23:13","date_gmt":"2024-10-09T03:23:13","guid":{"rendered":"https:\/\/rubberautoparts.com\/?post_type=product&#038;p=988953"},"modified":"2025-05-06T09:05:10","modified_gmt":"2025-05-06T09:05:10","slug":"cv-boot-ghcvjb0001-oem-43448-12040","status":"publish","type":"product","link":"https:\/\/rubberautoparts.com\/fr\/produit\/soufflet-de-cardan-ghcvjb0001\/","title":{"rendered":"Soufflet de cardan en caoutchouc pour Toyota | Soufflet de cardan GHCVJB0001 \u2013 OEM 43448-12040 \/ 04438-12410 \/ 04438-12161 \/ FB2117"},"content":{"rendered":"<div class=\"vgblk-rw-wrapper limit-wrapper\">\n<p class=\"\" data-start=\"152\" data-end=\"203\"><strong data-start=\"152\" data-end=\"203\">Soufflet de cardan \u2013 Durable, flexible et compatible avec les constructeurs<\/strong><\/p>\n<p class=\"\" data-start=\"205\" data-end=\"454\"><a href=\"https:\/\/www.facebook.com\/rubberautoparts\">Usine de produits en caoutchouc de Guanghua<\/a> fournit des produits de haute qualit\u00e9 <strong data-start=\"260\" data-end=\"272\">Bottes CV<\/strong> Con\u00e7us pour des performances constantes et une longue dur\u00e9e de vie. Fabriqu\u00e9s en caoutchouc de premi\u00e8re qualit\u00e9, nos soufflets de cardan offrent une excellente r\u00e9sistance \u00e0 l&#039;usure, aux fissures et aux intemp\u00e9ries.<\/p>\n<p class=\"\" data-start=\"456\" data-end=\"635\">Ce mod\u00e8le (GHCVJB0001) est compatible avec plusieurs <a href=\"https:\/\/rubberautoparts.com\/fr\/enquete\/\">OEM<\/a> num\u00e9ros de pi\u00e8ces : <strong data-start=\"526\" data-end=\"578\">43448-12040 \/ 04438-12410 \/ 04438-12161 \/ FB2117<\/strong>, offrant un montage fiable pour divers mod\u00e8les de v\u00e9hicules.<\/p>\n<p class=\"\" data-start=\"639\" data-end=\"813\">\u2714 Convient aux applications de rechange et OEM<br data-start=\"686\" data-end=\"689\" \/>\u2714 Approvisionnement stable, emballage personnalisable et prise en charge des commandes en gros<br data-start=\"752\" data-end=\"755\" \/>\u2714 Normes de contr\u00f4le qualit\u00e9 strictes, avec \u00e9chantillons disponibles sur demande<\/p>\n<\/div>\n<p><!-- .vgblk-rw-wrapper --><\/p>","protected":false},"excerpt":{"rendered":"<p>Soufflet de cardan \u2013 Durable, flexible et compatible OEM. L&#039;usine Guanghua Rubber Products fournit des soufflets de cardan de haute qualit\u00e9, con\u00e7us pour des performances constantes et une longue dur\u00e9e de vie. Fabriqu\u00e9s en caoutchouc de premi\u00e8re qualit\u00e9, nos soufflets offrent une excellente r\u00e9sistance \u00e0 l&#039;usure, aux fissures et aux intemp\u00e9ries. Ce mod\u00e8le (GHCVJB0001) est compatible avec plusieurs r\u00e9f\u00e9rences OEM\u00a0: 43448-12040 \/ 04438-12410 \/ 04438-12161 \/\u2026<\/p>","protected":false},"featured_media":989337,"template":"","meta":[],"product_brand":[],"product_cat":[63],"product_tag":[75],"class_list":{"0":"post-988953","1":"product","2":"type-product","3":"status-publish","4":"has-post-thumbnail","6":"product_cat-cv-joint-boot","7":"product_tag-toyota","9":"first","10":"instock","11":"shipping-taxable","12":"purchasable","13":"product-type-simple"},"aioseo_notices":[],"_links":{"self":[{"href":"https:\/\/rubberautoparts.com\/fr\/wp-json\/wp\/v2\/product\/988953","targetHints":{"allow":["GET"]}}],"collection":[{"href":"https:\/\/rubberautoparts.com\/fr\/wp-json\/wp\/v2\/product"}],"about":[{"href":"https:\/\/rubberautoparts.com\/fr\/wp-json\/wp\/v2\/types\/product"}],"wp:featuredmedia":[{"embeddable":true,"href":"https:\/\/rubberautoparts.com\/fr\/wp-json\/wp\/v2\/media\/989337"}],"wp:attachment":[{"href":"https:\/\/rubberautoparts.com\/fr\/wp-json\/wp\/v2\/media?parent=988953"}],"wp:term":[{"taxonomy":"product_brand","embeddable":true,"href":"https:\/\/rubberautoparts.com\/fr\/wp-json\/wp\/v2\/product_brand?post=988953"},{"taxonomy":"product_cat","embeddable":true,"href":"https:\/\/rubberautoparts.com\/fr\/wp-json\/wp\/v2\/product_cat?post=988953"},{"taxonomy":"product_tag","embeddable":true,"href":"https:\/\/rubberautoparts.com\/fr\/wp-json\/wp\/v2\/product_tag?post=988953"}],"curies":[{"name":"wp","href":"https:\/\/api.w.org\/{rel}","templated":true}]}}