{"id":988971,"date":"2024-10-10T05:17:00","date_gmt":"2024-10-10T05:17:00","guid":{"rendered":"https:\/\/rubberautoparts.com\/?post_type=product&#038;p=988971"},"modified":"2025-02-13T13:00:58","modified_gmt":"2025-02-13T13:00:58","slug":"cv-joint-boot-ghcvjb0002","status":"publish","type":"product","link":"https:\/\/rubberautoparts.com\/fr\/produit\/soufflet-de-cardan-ghcvjb0002\/","title":{"rendered":"Soufflet de cardan GHCVJB0002 \/ OEM:43447-17041\/04438-12140\/04438-32172\/04438-12201\/04438-20110"},"content":{"rendered":"<div class=\"vgblk-rw-wrapper limit-wrapper\"><strong>Soufflet de cardan fiable pour une protection toutes saisons\u00a0<\/strong><\/p>\n<p>&nbsp;<\/p>\n<p>Con\u00e7u pour les conditions extr\u00eames, le soufflet de joint homocin\u00e9tique de Guanghua offre une protection fiable contre les \u00e9l\u00e9ments agressifs et l&#039;usure de la route. Fabriqu\u00e9 \u00e0 partir de mat\u00e9riaux r\u00e9sistants et flexibles, notre soufflet maintient vos joints homocin\u00e9tiques en s\u00e9curit\u00e9 et fonctionnels par tous les temps, afin que vous puissiez conduire en toute confiance.<\/p><\/div>\n<p><!-- .vgblk-rw-wrapper --><\/p>","protected":false},"excerpt":{"rendered":"<p>Reliable All-Weather Defense CV joint boot\u00a0 &nbsp; Designed for extreme conditions, Guanghua&#8217;s CV joint boot offers reliable protection against harsh elements and road wear. Made from tough, flexible materials, our boot keeps your CV joints safe and functional in all weather, so you can drive with confidence.<\/p>","protected":false},"featured_media":989338,"template":"","meta":[],"product_brand":[],"product_cat":[63],"product_tag":[75],"class_list":{"0":"post-988971","1":"product","2":"type-product","3":"status-publish","4":"has-post-thumbnail","6":"product_cat-cv-joint-boot","7":"product_tag-toyota","9":"first","10":"instock","11":"shipping-taxable","12":"purchasable","13":"product-type-simple"},"aioseo_notices":[],"_links":{"self":[{"href":"https:\/\/rubberautoparts.com\/fr\/wp-json\/wp\/v2\/product\/988971","targetHints":{"allow":["GET"]}}],"collection":[{"href":"https:\/\/rubberautoparts.com\/fr\/wp-json\/wp\/v2\/product"}],"about":[{"href":"https:\/\/rubberautoparts.com\/fr\/wp-json\/wp\/v2\/types\/product"}],"wp:featuredmedia":[{"embeddable":true,"href":"https:\/\/rubberautoparts.com\/fr\/wp-json\/wp\/v2\/media\/989338"}],"wp:attachment":[{"href":"https:\/\/rubberautoparts.com\/fr\/wp-json\/wp\/v2\/media?parent=988971"}],"wp:term":[{"taxonomy":"product_brand","embeddable":true,"href":"https:\/\/rubberautoparts.com\/fr\/wp-json\/wp\/v2\/product_brand?post=988971"},{"taxonomy":"product_cat","embeddable":true,"href":"https:\/\/rubberautoparts.com\/fr\/wp-json\/wp\/v2\/product_cat?post=988971"},{"taxonomy":"product_tag","embeddable":true,"href":"https:\/\/rubberautoparts.com\/fr\/wp-json\/wp\/v2\/product_tag?post=988971"}],"curies":[{"name":"wp","href":"https:\/\/api.w.org\/{rel}","templated":true}]}}