{"id":989003,"date":"2024-10-31T00:59:58","date_gmt":"2024-10-31T00:59:58","guid":{"rendered":"https:\/\/rubberautoparts.com\/?post_type=product&#038;p=989003"},"modified":"2025-02-28T10:08:21","modified_gmt":"2025-02-28T10:08:21","slug":"cv-joint-boot-ghcvjb000-oem-43448-06120","status":"publish","type":"product","link":"https:\/\/rubberautoparts.com\/fr\/produit\/soufflet-de-cardan-ghcvjb000-oem-43448-06120\/","title":{"rendered":"Soufflet de cardan GHCVJB0003 \/ OEM: 43448-06120\/43448-06350\/04438-42090\/YB02-1033"},"content":{"rendered":"<div class=\"vgblk-rw-wrapper limit-wrapper\"><strong>Soufflet de joint homocin\u00e9tique de protection de pr\u00e9cision<\/strong><\/p>\n<p>&nbsp;<\/p>\n<p>Notre <a href=\"https:\/\/rubberautoparts.com\/fr\/product-category\/CV-joint-boot\/\">Soufflet de cardan<\/a> sont con\u00e7us avec pr\u00e9cision pour offrir un ajustement parfait et une protection maximale \u00e0 vos joints homocin\u00e9tiques. Chez Guanghua Rubber Products Factory, nous accordons la priorit\u00e9 \u00e0 la qualit\u00e9 et \u00e0 la fiabilit\u00e9, en veillant \u00e0 ce que nos produits am\u00e9liorent la dur\u00e9e de vie et l&#039;exp\u00e9rience de conduite de votre v\u00e9hicule.<\/p>\n<p>Con\u00e7u pour prot\u00e9ger les joints homocin\u00e9tiques de la salet\u00e9 et de l&#039;usure, ce soufflet aide \u00e0 maintenir des performances optimales du v\u00e9hicule.<\/p><\/div>\n<p><!-- .vgblk-rw-wrapper --><\/p>","protected":false},"excerpt":{"rendered":"<p>Precision Engineered Protection CV joint Boot &nbsp; Our CV joint boots are precisely engineered to provide a perfect fit and maximum protection for your CV joints. At Guanghua Rubber Products Factory, we prioritize quality and reliability, ensuring that our products enhance your vehicle&#8217;s lifespan and driving experience. Engineered to safeguard CV joints from dirt and&#8230;<\/p>","protected":false},"featured_media":989395,"template":"","meta":[],"product_brand":[],"product_cat":[63],"product_tag":[75],"class_list":{"0":"post-989003","1":"product","2":"type-product","3":"status-publish","4":"has-post-thumbnail","6":"product_cat-cv-joint-boot","7":"product_tag-toyota","9":"first","10":"instock","11":"shipping-taxable","12":"purchasable","13":"product-type-simple"},"aioseo_notices":[],"_links":{"self":[{"href":"https:\/\/rubberautoparts.com\/fr\/wp-json\/wp\/v2\/product\/989003","targetHints":{"allow":["GET"]}}],"collection":[{"href":"https:\/\/rubberautoparts.com\/fr\/wp-json\/wp\/v2\/product"}],"about":[{"href":"https:\/\/rubberautoparts.com\/fr\/wp-json\/wp\/v2\/types\/product"}],"wp:featuredmedia":[{"embeddable":true,"href":"https:\/\/rubberautoparts.com\/fr\/wp-json\/wp\/v2\/media\/989395"}],"wp:attachment":[{"href":"https:\/\/rubberautoparts.com\/fr\/wp-json\/wp\/v2\/media?parent=989003"}],"wp:term":[{"taxonomy":"product_brand","embeddable":true,"href":"https:\/\/rubberautoparts.com\/fr\/wp-json\/wp\/v2\/product_brand?post=989003"},{"taxonomy":"product_cat","embeddable":true,"href":"https:\/\/rubberautoparts.com\/fr\/wp-json\/wp\/v2\/product_cat?post=989003"},{"taxonomy":"product_tag","embeddable":true,"href":"https:\/\/rubberautoparts.com\/fr\/wp-json\/wp\/v2\/product_tag?post=989003"}],"curies":[{"name":"wp","href":"https:\/\/api.w.org\/{rel}","templated":true}]}}