{"id":989070,"date":"2024-11-17T14:30:35","date_gmt":"2024-11-17T14:30:35","guid":{"rendered":"https:\/\/rubberautoparts.com\/?post_type=product&#038;p=989070"},"modified":"2025-01-27T03:17:25","modified_gmt":"2025-01-27T03:17:25","slug":"cv-joint-boot-ghcvjb0004-oem-43447-06120","status":"publish","type":"product","link":"https:\/\/rubberautoparts.com\/fr\/produit\/soufflet-de-cardan-ghcvjb0004-oem-43447-06120\/","title":{"rendered":"Joint homocin\u00e9tique soufflet GHCVJB0004 \/ OEM: 43447-06120"},"content":{"rendered":"<div class=\"vgblk-rw-wrapper limit-wrapper\"><strong>Soufflet de joint homocin\u00e9tique durable<\/strong><\/p>\n<p>Prot\u00e9gez les joints homocin\u00e9tiques de votre v\u00e9hicule avec les joints en caoutchouc de haute qualit\u00e9 de l&#039;usine de produits en caoutchouc Guanghua <a href=\"https:\/\/rubberautoparts.com\/fr\/product-category\/CV-joint-boot\/\">Soufflet de cardan<\/a>Fabriqu\u00e9e \u00e0 partir de caoutchouc de qualit\u00e9 sup\u00e9rieure, notre botte offre une durabilit\u00e9 sup\u00e9rieure et une protection contre la salet\u00e9, l&#039;eau et les d\u00e9bris, garantissant des performances optimales pour votre transmission.<\/p>\n<p>Con\u00e7u pour prot\u00e9ger les joints homocin\u00e9tiques de la salet\u00e9 et de l&#039;usure, ce soufflet aide \u00e0 maintenir des performances optimales du v\u00e9hicule.<\/p><\/div>\n<p><!-- .vgblk-rw-wrapper --><\/p>","protected":false},"excerpt":{"rendered":"<p>Durable CV Joint Boot Protect your vehicle&#8217;s CV joints with Guanghua Rubber Products Factory&#8217;s high-quality CV joint boot. Crafted from premium rubber, our boot provides superior durability and shield against dirt, water, and debris, ensuring optimal performance for your drivetrain. Engineered to safeguard CV joints from dirt and wear, this boot helps maintain optimal vehicle&#8230;<\/p>","protected":false},"featured_media":989072,"template":"","meta":[],"product_brand":[],"product_cat":[63],"product_tag":[75],"class_list":{"0":"post-989070","1":"product","2":"type-product","3":"status-publish","4":"has-post-thumbnail","6":"product_cat-cv-joint-boot","7":"product_tag-toyota","9":"first","10":"instock","11":"shipping-taxable","12":"purchasable","13":"product-type-simple"},"aioseo_notices":[],"_links":{"self":[{"href":"https:\/\/rubberautoparts.com\/fr\/wp-json\/wp\/v2\/product\/989070","targetHints":{"allow":["GET"]}}],"collection":[{"href":"https:\/\/rubberautoparts.com\/fr\/wp-json\/wp\/v2\/product"}],"about":[{"href":"https:\/\/rubberautoparts.com\/fr\/wp-json\/wp\/v2\/types\/product"}],"wp:featuredmedia":[{"embeddable":true,"href":"https:\/\/rubberautoparts.com\/fr\/wp-json\/wp\/v2\/media\/989072"}],"wp:attachment":[{"href":"https:\/\/rubberautoparts.com\/fr\/wp-json\/wp\/v2\/media?parent=989070"}],"wp:term":[{"taxonomy":"product_brand","embeddable":true,"href":"https:\/\/rubberautoparts.com\/fr\/wp-json\/wp\/v2\/product_brand?post=989070"},{"taxonomy":"product_cat","embeddable":true,"href":"https:\/\/rubberautoparts.com\/fr\/wp-json\/wp\/v2\/product_cat?post=989070"},{"taxonomy":"product_tag","embeddable":true,"href":"https:\/\/rubberautoparts.com\/fr\/wp-json\/wp\/v2\/product_tag?post=989070"}],"curies":[{"name":"wp","href":"https:\/\/api.w.org\/{rel}","templated":true}]}}