{"id":989331,"date":"2025-01-27T12:52:33","date_gmt":"2025-01-27T12:52:33","guid":{"rendered":"https:\/\/rubberautoparts.com\/?post_type=product&#038;p=989331"},"modified":"2025-05-06T09:25:12","modified_gmt":"2025-05-06T09:25:12","slug":"toyota-cv-joint-boot-ghcvjb0005-oem-43448","status":"publish","type":"product","link":"https:\/\/rubberautoparts.com\/fr\/produit\/soufflet-de-cardan-ghcvjb0005-oem-43448-ok020-43448-ok010-43448-ok0b0-04437-ok022\/","title":{"rendered":"Soufflet de cardan Toyota GHCVJB0005\/ Soufflet de cardan OEM\u00a0: 43448-OK020\/43448-OK010\/43448-OK0B0\/04437-OK022"},"content":{"rendered":"<div class=\"vgblk-rw-wrapper limit-wrapper\"><strong>Soufflet de cardan Toyota \u2013 Protection haut de gamme pour des performances optimales de la transmission<\/strong><\/p>\n<p>Assurez un transfert de puissance fluide et une dur\u00e9e de vie prolong\u00e9e du joint homocin\u00e9tique gr\u00e2ce \u00e0 notre\u00a0<a href=\"https:\/\/rubberautoparts.com\/fr\/toyota\/\"><strong>Soufflet de cardan Toyota<\/strong><\/a>, con\u00e7u avec pr\u00e9cision par\u00a0<strong>Usine de produits en caoutchouc de Guanghua<\/strong>Con\u00e7u pour les mod\u00e8les Toyota, notamment Corolla, Camry, RAV4 et Hilux, ce coffre est fabriqu\u00e9 \u00e0 partir de mat\u00e9riaux de pointe.\u00a0<strong>caoutchouc thermoplastique (TPR)<\/strong>\u00a0pour offrir une r\u00e9sistance in\u00e9gal\u00e9e aux fissures, \u00e0 l&#039;abrasion et aux temp\u00e9ratures extr\u00eames (-40 \u00b0C \u00e0 120 \u00b0C). Ses nervures renforc\u00e9es et son joint \u00e9tanche emp\u00eachent les fuites de graisse tout en bloquant la salet\u00e9, l&#039;humidit\u00e9 et les d\u00e9bris, garantissant un fonctionnement fluide et silencieux, m\u00eame dans des conditions de conduite difficiles.<\/p>\n<p><strong>Principaux avantages :<\/strong><\/p>\n<ul>\n<li><strong>Conception compatible OEM<\/strong>: Moul\u00e9 avec pr\u00e9cision pour un ajustement parfait sur les joints homocin\u00e9tiques Toyota.<\/li>\n<li><strong>Mat\u00e9riau TPR durable<\/strong>:R\u00e9siste \u00e0 l\u2019exposition aux UV, aux produits chimiques et \u00e0 la corrosion caus\u00e9e par le sel de voirie.<\/li>\n<li><strong>Fiabilit\u00e9 par tous les temps<\/strong>:Maintient la flexibilit\u00e9 dans le froid glacial ou la chaleur torride.<\/li>\n<li><strong>Contr\u00f4le de qualit\u00e9 rigoureux<\/strong>:100% test\u00e9 pour la pr\u00e9cision dimensionnelle et l&#039;int\u00e9grit\u00e9 du mat\u00e9riau.<\/li>\n<\/ul>\n<hr \/>\n<p><strong>\u00c0 propos de l&#039;usine de produits en caoutchouc Guanghua<\/strong><br \/>\nFond\u00e9e en 2013 \u00e0 Tiankou, dans le comt\u00e9 de Renxian (ville de Xingtai, province du Hebei), nous sommes un fabricant de confiance de composants automobiles en caoutchouc.\u00a0<strong>lignes de production avanc\u00e9es<\/strong>\u2014 y compris le moulage par injection de caoutchouc, les syst\u00e8mes de vulcanisation et les moules usin\u00e9s CNC \u2014 nous combinons technologie et expertise pour r\u00e9pondre aux normes mondiales de performance et de durabilit\u00e9.<\/p>\n<p><strong>Pourquoi devenir partenaire avec nous ?<\/strong><\/p>\n<ul>\n<li><strong>Expertise de base<\/strong>:Sp\u00e9cialis\u00e9 dans les soufflets de joint homocin\u00e9tique, les soufflets de cr\u00e9maill\u00e8re de direction, les bagues stabilisatrices et les solutions en caoutchouc automobiles personnalis\u00e9es.<\/li>\n<li><strong>Validation globale<\/strong>:Produits export\u00e9s vers l&#039;Am\u00e9rique du Sud, l&#039;Asie du Sud-Est, l&#039;Afrique et au-del\u00e0, reconnus pour leur fiabilit\u00e9.<\/li>\n<li><strong>Contr\u00f4le de bout en bout<\/strong>:De l&#039;approvisionnement en mati\u00e8res premi\u00e8res \u00e0 l&#039;inspection finale, garantissant une qualit\u00e9 constante.<\/li>\n<li><strong>Solutions personnalis\u00e9es<\/strong>: Services OEM et conceptions sur mesure pour r\u00e9pondre aux exigences sp\u00e9cifiques des v\u00e9hicules.<\/li>\n<\/ul>\n<p><strong>Assurance qualit\u00e9 sans compromis<\/strong><br \/>\nAlors que nous priorisons\u00a0<strong>rapport qualit\u00e9-prix \u00e9lev\u00e9 par rapport aux garanties formelles<\/strong>, chaque soufflet de cardan est soumis \u00e0 des contr\u00f4les rigoureux :<\/p>\n<ol start=\"1\">\n<li><strong>Essais de mat\u00e9riaux<\/strong>:Duret\u00e9 du TPR, r\u00e9sistance \u00e0 la traction et taux d&#039;allongement v\u00e9rifi\u00e9s.<\/li>\n<li><strong>Validation des performances<\/strong>:Tests de rotation \u00e0 grande vitesse simul\u00e9s et de cycles de temp\u00e9rature.<\/li>\n<li><strong>Garantie d&#039;installation<\/strong>: Test\u00e9 sur banc contre <a href=\"https:\/\/rubberautoparts.com\/fr\/enquete\/\">OEM<\/a> Sp\u00e9cifications du joint homocin\u00e9tique Toyota.<\/li>\n<\/ol>\n<hr \/>\n<p><strong>Port\u00e9e mondiale, soutien local<\/strong><br \/>\nGr\u00e2ce \u00e0 notre division internationale,\u00a0<strong>Entreprise commerciale Cie., Ltd de Yiwu Changlu.<\/strong>\u00a0(cr\u00e9\u00e9 en 2021), nous fournissons une logistique efficace, des prix comp\u00e9titifs et un service r\u00e9actif aux clients mondiaux.<\/p>\n<hr \/>\n<p><strong>Conduisez en toute confiance. Faites confiance \u00e0 Guanghua Precision.<\/strong><\/div>\n<p><!-- .vgblk-rw-wrapper --><\/p>","protected":false},"excerpt":{"rendered":"<p>Toyota CV Joint Boot \u2013 Premium Protection for Optimal Drivetrain Performance Ensure seamless power transfer and extended CV joint lifespan with our\u00a0Toyota CV Joint Boot, precision-engineered by\u00a0Guanghua Rubber Products Factory. Designed for Toyota models including Corolla, Camry, RAV4, and Hilux, this boot is crafted from advanced\u00a0thermoplastic rubber (TPR)\u00a0to deliver unmatched resistance against cracks, abrasion, and&#8230;<\/p>","protected":false},"featured_media":989332,"template":"","meta":[],"product_brand":[],"product_cat":[63],"product_tag":[75],"class_list":{"0":"post-989331","1":"product","2":"type-product","3":"status-publish","4":"has-post-thumbnail","6":"product_cat-cv-joint-boot","7":"product_tag-toyota","9":"first","10":"instock","11":"shipping-taxable","12":"purchasable","13":"product-type-simple"},"aioseo_notices":[],"_links":{"self":[{"href":"https:\/\/rubberautoparts.com\/fr\/wp-json\/wp\/v2\/product\/989331","targetHints":{"allow":["GET"]}}],"collection":[{"href":"https:\/\/rubberautoparts.com\/fr\/wp-json\/wp\/v2\/product"}],"about":[{"href":"https:\/\/rubberautoparts.com\/fr\/wp-json\/wp\/v2\/types\/product"}],"wp:featuredmedia":[{"embeddable":true,"href":"https:\/\/rubberautoparts.com\/fr\/wp-json\/wp\/v2\/media\/989332"}],"wp:attachment":[{"href":"https:\/\/rubberautoparts.com\/fr\/wp-json\/wp\/v2\/media?parent=989331"}],"wp:term":[{"taxonomy":"product_brand","embeddable":true,"href":"https:\/\/rubberautoparts.com\/fr\/wp-json\/wp\/v2\/product_brand?post=989331"},{"taxonomy":"product_cat","embeddable":true,"href":"https:\/\/rubberautoparts.com\/fr\/wp-json\/wp\/v2\/product_cat?post=989331"},{"taxonomy":"product_tag","embeddable":true,"href":"https:\/\/rubberautoparts.com\/fr\/wp-json\/wp\/v2\/product_tag?post=989331"}],"curies":[{"name":"wp","href":"https:\/\/api.w.org\/{rel}","templated":true}]}}