{"id":989364,"date":"2025-02-09T13:09:41","date_gmt":"2025-02-09T13:09:41","guid":{"rendered":"https:\/\/rubberautoparts.com\/?post_type=product&#038;p=989364"},"modified":"2025-03-29T07:36:21","modified_gmt":"2025-03-29T07:36:21","slug":"valve-cover-gasket-ghvcg0005-oem-md-050312","status":"publish","type":"product","link":"https:\/\/rubberautoparts.com\/fr\/produit\/joint-de-couvercle-de-soupape-ghvcg0005-oem-md-050312\/","title":{"rendered":"JOINT DE COUVERCLE DE SOUPAPE GHVCG0005 \/ OEM: MD 050312"},"content":{"rendered":"<div class=\"vgblk-rw-wrapper limit-wrapper\"><strong>Caract\u00e9ristiques du produit :<\/strong><\/p>\n<p>Le joint de couvercle de soupape haute performance produit par Guanghua Rubber Products Factory est sp\u00e9cialement con\u00e7u pour r\u00e9pondre aux exigences strictes de diverses marques automobiles, offrant une \u00e9tanch\u00e9it\u00e9 et une durabilit\u00e9 exceptionnelles. Fabriqu\u00e9 \u00e0 partir de caoutchouc de premi\u00e8re qualit\u00e9, il pr\u00e9vient efficacement les fuites d&#039;huile et garantit le bon fonctionnement du moteur \u00e0 haute temp\u00e9rature et sous haute pression.<\/p>\n<p><strong>Mod\u00e8les compatibles :<\/strong><\/p>\n<p>Ce joint de couvercle de soupape est largement compatible avec de nombreux v\u00e9hicules de <a href=\"https:\/\/rubberautoparts.com\/fr\/product-tag\/toyota\/\">Toyota<\/a>, Kia, Daewoo, Chevrolet, Ford et plus, s&#039;adaptant parfaitement \u00e0 divers mod\u00e8les de moteurs.<\/p>\n<p><strong>Avantages du produit :<\/strong><\/p>\n<ol>\n<li><strong>Capacit\u00e9 d&#039;\u00e9tanch\u00e9it\u00e9 \u00e9lev\u00e9e :<\/strong>\u00a0La conception optimis\u00e9e assure une \u00e9tanch\u00e9it\u00e9 s\u00fbre entre le couvercle de soupape et le moteur, emp\u00eachant ainsi les fuites d&#039;huile.<\/li>\n<li><strong>R\u00e9sistant \u00e0 la chaleur et \u00e0 la corrosion :<\/strong>\u00a0Des mat\u00e9riaux de haute qualit\u00e9 garantissent que le joint maintient sa durabilit\u00e9 et sa fiabilit\u00e9 dans des environnements \u00e0 haute temp\u00e9rature et corrosifs.<\/li>\n<li><strong>Installation facile :<\/strong>\u00a0Con\u00e7u avec soin pour un ajustement pr\u00e9cis, permettant une installation facile et rapide, \u00e9conomisant ainsi du temps de r\u00e9paration.<\/li>\n<li><strong>Mat\u00e9riaux \u00e9cologiques :<\/strong>\u00a0Tous les mat\u00e9riaux sont conformes aux normes environnementales, ce qui les rend sans danger pour l&#039;environnement.<\/li>\n<\/ol>\n<p><strong>Applications :<\/strong><\/p>\n<p>Ce joint de couvercle de soupape est largement utilis\u00e9 dans la r\u00e9paration, l&#039;entretien et les mises \u00e0 niveau automobiles, adapt\u00e9 \u00e0 diverses berlines, SUV et v\u00e9hicules utilitaires, aidant les utilisateurs \u00e0 am\u00e9liorer les performances globales de leur v\u00e9hicule.<\/p>\n<p><strong>Stockage et entretien :<\/strong><\/p>\n<p>Il est recommand\u00e9 de stocker le joint de couvercle de soupape dans un endroit sec et frais, en \u00e9vitant l&#039;exposition directe au soleil ou aux temp\u00e9ratures \u00e9lev\u00e9es pour maintenir ses performances optimales.<\/p>\n<p>Choisissez le joint de couvercle de soupape haute performance de l&#039;usine de produits en caoutchouc Guanghua pour garantir que votre v\u00e9hicule fonctionne en douceur et offre une exp\u00e9rience de conduite plus s\u00fbre et plus confortable.<\/p><\/div>\n<p><!-- .vgblk-rw-wrapper --><\/p>","protected":false},"excerpt":{"rendered":"<p>Product Features: The high-performance Valve Cover Gasket produced by Guanghua Rubber Products Factory is specifically designed to meet the stringent requirements of various automotive brands, offering exceptional sealing performance and durability. Made from premium rubber materials, it effectively prevents oil leaks and ensures the engine operates smoothly under high temperature and pressure conditions. Compatible Models:&#8230;<\/p>","protected":false},"featured_media":989366,"template":"","meta":[],"product_brand":[],"product_cat":[65],"product_tag":[96,95],"class_list":{"0":"post-989364","1":"product","2":"type-product","3":"status-publish","4":"has-post-thumbnail","6":"product_cat-valve-cover-gasket","7":"product_tag-hyundai","8":"product_tag-mitsubishi","10":"first","11":"instock","12":"shipping-taxable","13":"purchasable","14":"product-type-simple"},"aioseo_notices":[],"_links":{"self":[{"href":"https:\/\/rubberautoparts.com\/fr\/wp-json\/wp\/v2\/product\/989364","targetHints":{"allow":["GET"]}}],"collection":[{"href":"https:\/\/rubberautoparts.com\/fr\/wp-json\/wp\/v2\/product"}],"about":[{"href":"https:\/\/rubberautoparts.com\/fr\/wp-json\/wp\/v2\/types\/product"}],"wp:featuredmedia":[{"embeddable":true,"href":"https:\/\/rubberautoparts.com\/fr\/wp-json\/wp\/v2\/media\/989366"}],"wp:attachment":[{"href":"https:\/\/rubberautoparts.com\/fr\/wp-json\/wp\/v2\/media?parent=989364"}],"wp:term":[{"taxonomy":"product_brand","embeddable":true,"href":"https:\/\/rubberautoparts.com\/fr\/wp-json\/wp\/v2\/product_brand?post=989364"},{"taxonomy":"product_cat","embeddable":true,"href":"https:\/\/rubberautoparts.com\/fr\/wp-json\/wp\/v2\/product_cat?post=989364"},{"taxonomy":"product_tag","embeddable":true,"href":"https:\/\/rubberautoparts.com\/fr\/wp-json\/wp\/v2\/product_tag?post=989364"}],"curies":[{"name":"wp","href":"https:\/\/api.w.org\/{rel}","templated":true}]}}