{"id":989406,"date":"2025-03-18T12:29:55","date_gmt":"2025-03-18T12:29:55","guid":{"rendered":"https:\/\/rubberautoparts.com\/?post_type=product&#038;p=989406"},"modified":"2025-06-23T07:27:27","modified_gmt":"2025-06-23T07:27:27","slug":"cv-joint-boot-ghcvjb0016-oem-43448-06090-c1715t","status":"publish","type":"product","link":"https:\/\/rubberautoparts.com\/fr\/produit\/soufflet-de-cardan-ghcvjb0016-oem-43448-06090-c1715t\/","title":{"rendered":"SOUFFLET DE JOINT HOMOCIN\u00c9TIQUE GHCVJB0016\/OEM\u00a0: 43448-06090\/C1715T"},"content":{"rendered":"<div class=\"vgblk-rw-wrapper limit-wrapper\">Le <strong>Soufflet de cardan personnalis\u00e9 GHCVJB0016<\/strong>Fabriqu\u00e9 selon les normes strictes des constructeurs automobiles (OEM\u00a0: 43448-06090, C1715T), ce soufflet de protection haut de gamme prot\u00e8ge les joints homocin\u00e9tiques de votre v\u00e9hicule des effets n\u00e9fastes de la salet\u00e9, de l&#039;eau, des d\u00e9bris et autres contaminants environnementaux. Fabriqu\u00e9 par Guanghua Rubber, une marque de confiance dans les composants automobiles en caoutchouc, ce soufflet de haute qualit\u00e9 garantit un ajustement pr\u00e9cis et une durabilit\u00e9 sup\u00e9rieure pour r\u00e9pondre aux exigences de la conduite quotidienne et des conditions tout-terrain difficiles.<\/p>\n<p>Fabriqu\u00e9 \u00e0 partir de mat\u00e9riaux avanc\u00e9s, flexibles et r\u00e9sistants \u00e0 la chaleur, le soufflet GHCVJB0016 offre une excellente r\u00e9sistance aux fissures, aux d\u00e9chirures et au vieillissement, m\u00eame sous hautes temp\u00e9ratures et contraintes m\u00e9caniques. Sa conception assure une \u00e9tanch\u00e9it\u00e9 optimale qui pr\u00e9vient efficacement les fuites de graisse et la contamination, causes fr\u00e9quentes d&#039;usure et de d\u00e9faillance des joints homocin\u00e9tiques. En assurant une lubrification optimale et en les prot\u00e9geant des \u00e9l\u00e9ments ext\u00e9rieurs, ce soufflet prolonge la dur\u00e9e de vie de vos joints homocin\u00e9tiques, \u00e9vitant ainsi des r\u00e9parations et des remplacements co\u00fbteux.<\/p>\n<p>L&#039;installation <a href=\"https:\/\/rubberautoparts.com\/fr\/processus-de-production\/\">processus<\/a> Simple d&#039;utilisation, il est id\u00e9al pour les ateliers de r\u00e9paration automobile professionnels, les distributeurs de pi\u00e8ces d\u00e9tach\u00e9es et les propri\u00e9taires de v\u00e9hicules \u00e0 la recherche d&#039;une solution fiable et compatible avec les constructeurs. Sa construction robuste garantit des performances durables, m\u00eame dans des conditions de conduite difficiles. Que vous effectuiez un entretien courant ou r\u00e9pariez des joints homocin\u00e9tiques endommag\u00e9s, le <a href=\"https:\/\/www.linkedin.com\/feed\/update\/urn:li:activity:7342814506458206209\/?actorCompanyId=107554455\"><strong>GHCVJB0016<\/strong><\/a> offre la confiance et l\u2019assurance qualit\u00e9 dont vous avez besoin pour que votre v\u00e9hicule fonctionne correctement et en toute s\u00e9curit\u00e9.<\/p>\n<p>Choisissez l&#039;expertise et l&#039;engagement de Guanghua Rubber envers la qualit\u00e9 avec ce <strong>soufflet de cardan personnalis\u00e9<\/strong>, qui combine un ajustement parfait, une durabilit\u00e9 et une conformit\u00e9 OEM, ce qui en fait un composant id\u00e9al pour garantir des performances optimales du v\u00e9hicule et une protection de la transmission.<\/div>\n<p><!-- .vgblk-rw-wrapper --><\/p>","protected":false},"excerpt":{"rendered":"<p>The Custom CV Joint Boot GHCVJB0016, manufactured to strict OEM standards (OEM: 43448-06090, C1715T), is a premium protective boot designed to safeguard your vehicle\u2019s CV joints from the damaging effects of dirt, water, debris, and other environmental contaminants. This high-quality boot is manufactured by Guanghua Rubber, a trusted name in automotive rubber components, ensuring precise&#8230;<\/p>","protected":false},"featured_media":989408,"template":"","meta":[],"product_brand":[],"product_cat":[63],"product_tag":[75],"class_list":{"0":"post-989406","1":"product","2":"type-product","3":"status-publish","4":"has-post-thumbnail","6":"product_cat-cv-joint-boot","7":"product_tag-toyota","9":"first","10":"instock","11":"shipping-taxable","12":"purchasable","13":"product-type-simple"},"aioseo_notices":[],"_links":{"self":[{"href":"https:\/\/rubberautoparts.com\/fr\/wp-json\/wp\/v2\/product\/989406","targetHints":{"allow":["GET"]}}],"collection":[{"href":"https:\/\/rubberautoparts.com\/fr\/wp-json\/wp\/v2\/product"}],"about":[{"href":"https:\/\/rubberautoparts.com\/fr\/wp-json\/wp\/v2\/types\/product"}],"wp:featuredmedia":[{"embeddable":true,"href":"https:\/\/rubberautoparts.com\/fr\/wp-json\/wp\/v2\/media\/989408"}],"wp:attachment":[{"href":"https:\/\/rubberautoparts.com\/fr\/wp-json\/wp\/v2\/media?parent=989406"}],"wp:term":[{"taxonomy":"product_brand","embeddable":true,"href":"https:\/\/rubberautoparts.com\/fr\/wp-json\/wp\/v2\/product_brand?post=989406"},{"taxonomy":"product_cat","embeddable":true,"href":"https:\/\/rubberautoparts.com\/fr\/wp-json\/wp\/v2\/product_cat?post=989406"},{"taxonomy":"product_tag","embeddable":true,"href":"https:\/\/rubberautoparts.com\/fr\/wp-json\/wp\/v2\/product_tag?post=989406"}],"curies":[{"name":"wp","href":"https:\/\/api.w.org\/{rel}","templated":true}]}}