{"id":989427,"date":"2025-03-28T02:50:30","date_gmt":"2025-03-28T02:50:30","guid":{"rendered":"https:\/\/rubberautoparts.com\/?post_type=product&#038;p=989427"},"modified":"2025-03-30T05:32:18","modified_gmt":"2025-03-30T05:32:18","slug":"cv-joint-boot-ghcvjb0021-oem-04438-04021-yb02-1061","status":"publish","type":"product","link":"https:\/\/rubberautoparts.com\/fr\/produit\/soufflet-de-cardan-ghcvjb0021-oem-04438-04021-yb02-1061\/","title":{"rendered":"SOUFFLET DE JOINT HOMOCIN\u00c9TIQUE GHCVJB0021\/OEM\u00a0: 04438-04021\/YB02-1061"},"content":{"rendered":"<div class=\"vgblk-rw-wrapper limit-wrapper\">Le soufflet de joint homocin\u00e9tique OEM GHCVJB0021 \/ OEM : 04438-04021 \/ YB02-1061 est con\u00e7u de mani\u00e8re experte pour une vari\u00e9t\u00e9 de v\u00e9hicules Toyota, garantissant des performances fiables et une protection pour votre transmission.<\/p>\n<p>Ce produit est fabriqu\u00e9 \u00e0 partir de mat\u00e9riaux de haute qualit\u00e9 adapt\u00e9s pour r\u00e9pondre \u00e0 des exigences sp\u00e9cifiques. <strong>Caoutchouc naturel (NR)<\/strong> Offre une grande \u00e9lasticit\u00e9 et une grande r\u00e9sistance \u00e0 l&#039;abrasion, ce qui en fait un choix \u00e9conomique pour les applications standard. Pour les environnements \u00e0 haute temp\u00e9rature, <strong>Caoutchouc de silicone (HTV)<\/strong> est id\u00e9al car il peut r\u00e9sister \u00e0 des temp\u00e9ratures allant de -60\u00b0C \u00e0 230\u00b0C, parfait pour les v\u00e9hicules turbocompress\u00e9s ou \u00e9lectriques. <strong>Caoutchouc nitrile butadi\u00e8ne (NBR)<\/strong> est utilis\u00e9 pour son excellente r\u00e9sistance \u00e0 l&#039;huile et au carburant, adapt\u00e9 \u00e0 diverses applications de moteur. <strong>Monom\u00e8re d&#039;\u00e9thyl\u00e8ne-propyl\u00e8ne-di\u00e8ne (EPDM)<\/strong> est choisi pour ses propri\u00e9t\u00e9s de r\u00e9sistance aux intemp\u00e9ries, excellant dans les conditions humides ou c\u00f4ti\u00e8res. De plus, <strong>Caoutchouc chloropr\u00e8ne (CR)<\/strong> offre une bonne r\u00e9sistance aux huiles, aux produits chimiques et aux temp\u00e9ratures extr\u00eames.<\/p>\n<p>La conception de ce soufflet de cardan est le fruit d&#039;une ing\u00e9nierie de pr\u00e9cision pour garantir un ajustement et une durabilit\u00e9 optimaux. Des kits de soufflets sp\u00e9cifiques au v\u00e9hicule sont disponibles pour une int\u00e9gration parfaite, ainsi que des options universelles adapt\u00e9es aux v\u00e9hicules modifi\u00e9s.<\/p>\n<p>Forts de plus de 20 ans d&#039;exp\u00e9rience dans la production de composants automobiles fiables, nous nous engageons \u00e0 fournir des produits de qualit\u00e9 et un service client irr\u00e9prochable. Nos prix comp\u00e9titifs font de ce soufflet une solution \u00e9conomique pour les commandes en gros, sans compromis sur la qualit\u00e9.<\/p>\n<p>Pour <a href=\"https:\/\/rubberautoparts.com\/fr\/enquete\/\">demandes de renseignements<\/a> concernant les collaborations OEM\/ODM, les consultations techniques ou les demandes d&#039;\u00e9chantillons, n&#039;h\u00e9sitez pas \u00e0 nous contacter d\u00e8s aujourd&#039;hui !<\/div>\n<p><!-- .vgblk-rw-wrapper --><\/p>","protected":false},"excerpt":{"rendered":"<p>OEM CV Joint Boot GHCVJB0021 \/ OEM: 04438-04021 \/ YB02-1061 is expertly designed for a variety of Toyota vehicles, ensuring reliable performance and protection for your drivetrain. This product is manufactured using high-quality materials tailored to meet specific requirements. Natural Rubber (NR) offers great elasticity and abrasion resistance, making it a cost-effective choice for standard&#8230;<\/p>","protected":false},"featured_media":989428,"template":"","meta":[],"product_brand":[],"product_cat":[63],"product_tag":[75],"class_list":{"0":"post-989427","1":"product","2":"type-product","3":"status-publish","4":"has-post-thumbnail","6":"product_cat-cv-joint-boot","7":"product_tag-toyota","9":"first","10":"instock","11":"shipping-taxable","12":"purchasable","13":"product-type-simple"},"aioseo_notices":[],"_links":{"self":[{"href":"https:\/\/rubberautoparts.com\/fr\/wp-json\/wp\/v2\/product\/989427","targetHints":{"allow":["GET"]}}],"collection":[{"href":"https:\/\/rubberautoparts.com\/fr\/wp-json\/wp\/v2\/product"}],"about":[{"href":"https:\/\/rubberautoparts.com\/fr\/wp-json\/wp\/v2\/types\/product"}],"wp:featuredmedia":[{"embeddable":true,"href":"https:\/\/rubberautoparts.com\/fr\/wp-json\/wp\/v2\/media\/989428"}],"wp:attachment":[{"href":"https:\/\/rubberautoparts.com\/fr\/wp-json\/wp\/v2\/media?parent=989427"}],"wp:term":[{"taxonomy":"product_brand","embeddable":true,"href":"https:\/\/rubberautoparts.com\/fr\/wp-json\/wp\/v2\/product_brand?post=989427"},{"taxonomy":"product_cat","embeddable":true,"href":"https:\/\/rubberautoparts.com\/fr\/wp-json\/wp\/v2\/product_cat?post=989427"},{"taxonomy":"product_tag","embeddable":true,"href":"https:\/\/rubberautoparts.com\/fr\/wp-json\/wp\/v2\/product_tag?post=989427"}],"curies":[{"name":"wp","href":"https:\/\/api.w.org\/{rel}","templated":true}]}}