{"id":989468,"date":"2025-03-31T02:08:10","date_gmt":"2025-03-31T02:08:10","guid":{"rendered":"https:\/\/rubberautoparts.com\/?post_type=product&#038;p=989468"},"modified":"2025-04-13T03:30:25","modified_gmt":"2025-04-13T03:30:25","slug":"cv-joint-boot-ghcvjb0024-oem-39241-8v125-39241-5v127-39241-5v125-yb02-2030","status":"publish","type":"product","link":"https:\/\/rubberautoparts.com\/fr\/produit\/soufflet-de-cardan-ghcvjb0024-oem-39241-8v125-39241-5v127-39241-5v125-ya02-2030\/","title":{"rendered":"SOUFFLET DE JOINT HOMOCIN\u00c9TIQUE GHCVJB0024\/OEM\u00a0: 39241-8V125\/39241-5V127\/39241-5V125\/YB02-2030"},"content":{"rendered":"<div class=\"vgblk-rw-wrapper limit-wrapper\">Description du produit : Soufflet de cardan GHCVJB0024<\/p>\n<p>Am\u00e9liorez les performances de votre v\u00e9hicule avec le soufflet de joint homocin\u00e9tique GHCVJB0024, con\u00e7u de mani\u00e8re experte pour \u00eatre compatible avec plusieurs mod\u00e8les Nissan, notamment :<\/p>\n<p>\u2013 Nissan Almera Tino (V10)<br \/>\n\u2013 Nissan Almera II \u00e0 hayon (N16)<br \/>\n\u2013 Nissan Maxima QX (A33)<br \/>\n\u2013 Nissan Almera II (N16)<br \/>\n\u2013 Nissan X-Trail (T30)<\/p>\n<p>Fabriqu\u00e9 par l&#039;usine Hebei Xingtai Renxian Guanghua Rubber Products, ce soufflet de joint homocin\u00e9tique est fabriqu\u00e9 en caoutchouc de haute qualit\u00e9, garantissant durabilit\u00e9 et r\u00e9sistance \u00e0 l&#039;usure. Sa conception robuste assure une \u00e9tanch\u00e9it\u00e9 fiable, prot\u00e9geant les composants essentiels du joint homocin\u00e9tique de votre v\u00e9hicule de la salet\u00e9, de l&#039;humidit\u00e9 et des contaminants, susceptibles d&#039;entra\u00eener une d\u00e9faillance pr\u00e9matur\u00e9e.<\/p>\n<p>Caract\u00e9ristiques principales :<br \/>\n\u2013 **Mat\u00e9riau de haute qualit\u00e9\u00a0:** Fabriqu\u00e9 \u00e0 partir de caoutchouc de qualit\u00e9 sup\u00e9rieure pour r\u00e9sister aux conditions extr\u00eames.<br \/>\n\u2013 **Ajustement parfait\u00a0:** Con\u00e7u pour correspondre aux sp\u00e9cifications de divers mod\u00e8les Nissan, garantissant une installation facile et un ajustement s\u00fbr.<br \/>\n\u2013 **Protection am\u00e9lior\u00e9e\u00a0:** prot\u00e8ge le joint homocin\u00e9tique des d\u00e9bris et de l&#039;humidit\u00e9, prolongeant ainsi la dur\u00e9e de vie des composants de la transmission de votre v\u00e9hicule.<\/p>\n<p>Que vous entreteniez votre Nissan ou que vous effectuiez des r\u00e9parations, le soufflet de cardan GHCVJB0024 est un composant essentiel pour des performances optimales. Faites confiance \u00e0 l&#039;engagement de Guanghua en mati\u00e8re de qualit\u00e9 et comptez sur ce soufflet pour assurer le bon fonctionnement de votre v\u00e9hicule.<\/p><\/div>\n<p><!-- .vgblk-rw-wrapper --><\/p>","protected":false},"excerpt":{"rendered":"<p>Product Description: CV Joint Boot GHCVJB0024 Upgrade your vehicle&#8217;s performance with the CV Joint Boot GHCVJB0024, expertly designed for compatibility with several Nissan models, including: &#8211; Nissan Almera Tino (V10) &#8211; Nissan Almera II Hatchback (N16) &#8211; Nissan Maxima QX (A33) &#8211; Nissan Almera II (N16) &#8211; Nissan X-Trail (T30) Manufactured by Hebei Xingtai Renxian&#8230;<\/p>","protected":false},"featured_media":989469,"template":"","meta":[],"product_brand":[],"product_cat":[63],"product_tag":[79],"class_list":{"0":"post-989468","1":"product","2":"type-product","3":"status-publish","4":"has-post-thumbnail","6":"product_cat-cv-joint-boot","7":"product_tag-nissan","9":"first","10":"instock","11":"shipping-taxable","12":"purchasable","13":"product-type-simple"},"aioseo_notices":[],"_links":{"self":[{"href":"https:\/\/rubberautoparts.com\/fr\/wp-json\/wp\/v2\/product\/989468","targetHints":{"allow":["GET"]}}],"collection":[{"href":"https:\/\/rubberautoparts.com\/fr\/wp-json\/wp\/v2\/product"}],"about":[{"href":"https:\/\/rubberautoparts.com\/fr\/wp-json\/wp\/v2\/types\/product"}],"wp:featuredmedia":[{"embeddable":true,"href":"https:\/\/rubberautoparts.com\/fr\/wp-json\/wp\/v2\/media\/989469"}],"wp:attachment":[{"href":"https:\/\/rubberautoparts.com\/fr\/wp-json\/wp\/v2\/media?parent=989468"}],"wp:term":[{"taxonomy":"product_brand","embeddable":true,"href":"https:\/\/rubberautoparts.com\/fr\/wp-json\/wp\/v2\/product_brand?post=989468"},{"taxonomy":"product_cat","embeddable":true,"href":"https:\/\/rubberautoparts.com\/fr\/wp-json\/wp\/v2\/product_cat?post=989468"},{"taxonomy":"product_tag","embeddable":true,"href":"https:\/\/rubberautoparts.com\/fr\/wp-json\/wp\/v2\/product_tag?post=989468"}],"curies":[{"name":"wp","href":"https:\/\/api.w.org\/{rel}","templated":true}]}}