{"id":989475,"date":"2025-04-02T10:00:50","date_gmt":"2025-04-02T10:00:50","guid":{"rendered":"https:\/\/rubberautoparts.com\/?post_type=product&#038;p=989475"},"modified":"2025-04-13T03:32:00","modified_gmt":"2025-04-13T03:32:00","slug":"cv-joint-boot-ghcvjb0025-oem-04438-60010-04438-60080","status":"publish","type":"product","link":"https:\/\/rubberautoparts.com\/fr\/produit\/soufflet-de-cardan-ghcvjb0025-oem-04438-60010-04438-60080\/","title":{"rendered":"SOUFFLET DE JOINT HOMOCIN\u00c9TIQUE GHCVJB0025\/OEM\u00a0: 04438-60010\/04438-60080"},"content":{"rendered":"<div class=\"vgblk-rw-wrapper limit-wrapper\">**Description du produit : Soufflet de cardan GHCVJB0025**<\/p>\n<p>Assurez la long\u00e9vit\u00e9 et les performances de votre Toyota avec le soufflet de cardan GHCVJB0025, m\u00e9ticuleusement con\u00e7u pour s&#039;adapter \u00e0 une vari\u00e9t\u00e9 de mod\u00e8les, notamment :<\/p>\n<p>\u2013 Toyota Land Cruiser 80 (_J8_)<br \/>\n\u2013 Toyota Land Cruiser (PZJ7_, KZJ7_, HZJ7_, BJ7_, LJ7_, RJ7_)<br \/>\n\u2013 Toyota Land Cruiser 90 (_J9_)<br \/>\n\u2013 Toyota Land Cruiser 100 (FZJ1_, UZJ100)<br \/>\n\u2013 Toyota Land Cruiser Hardtop (_J7_)<\/p>\n<p>Ce soufflet de cardan est fabriqu\u00e9 avec pr\u00e9cision pour r\u00e9pondre aux normes OEM (r\u00e9f\u00e9rences\u00a0: 04438-60010\/04438-60080) et est produit par l&#039;usine de caoutchouc Hebei Xingtai Renxian Guanghua, reconnue dans le secteur. Fabriqu\u00e9 en caoutchouc haute performance, il offre une excellente durabilit\u00e9 et une excellente r\u00e9sistance aux conditions environnementales difficiles.<\/p>\n<p>**Caract\u00e9ristiques principales\u00a0:**<br \/>\n\u2013 **Assurance qualit\u00e9 OEM\u00a0:** Con\u00e7u pour s\u2019adapter parfaitement et fonctionner de mani\u00e8re transparente conform\u00e9ment aux sp\u00e9cifications de l\u2019\u00e9quipement d\u2019origine.<br \/>\n\u2013 **Mat\u00e9riau de qualit\u00e9 sup\u00e9rieure\u00a0:** La construction en caoutchouc robuste offre une protection exceptionnelle contre la salet\u00e9, les d\u00e9bris et l\u2019humidit\u00e9, prot\u00e9geant ainsi votre joint homocin\u00e9tique.<br \/>\n\u2013 **Installation facile\u00a0:** Con\u00e7u pour un ajustement simple, ce qui facilite l&#039;entretien du syst\u00e8me de transmission de votre v\u00e9hicule.<\/p>\n<p>Am\u00e9liorez les performances de votre Toyota avec le soufflet de cardan GHCVJB0025 et ayez l&#039;esprit tranquille\u00a0: votre v\u00e9hicule est prot\u00e9g\u00e9 contre l&#039;usure. Faites confiance \u00e0 l&#039;excellence des produits en caoutchouc Guanghua pour tous vos besoins automobiles.<\/p><\/div>\n<p><!-- .vgblk-rw-wrapper --><\/p>","protected":false},"excerpt":{"rendered":"<p>**Product Description: CV Joint Boot GHCVJB0025** Ensure the longevity and performance of your Toyota with the CV Joint Boot GHCVJB0025, meticulously designed to fit a variety of models, including: &#8211; Toyota Land Cruiser 80 (_J8_) &#8211; Toyota Land Cruiser (PZJ7_, KZJ7_, HZJ7_, BJ7_, LJ7_, RJ7_) &#8211; Toyota Land Cruiser 90 (_J9_) &#8211; Toyota Land Cruiser&#8230;<\/p>","protected":false},"featured_media":989476,"template":"","meta":[],"product_brand":[],"product_cat":[63],"product_tag":[75],"class_list":{"0":"post-989475","1":"product","2":"type-product","3":"status-publish","4":"has-post-thumbnail","6":"product_cat-cv-joint-boot","7":"product_tag-toyota","9":"first","10":"instock","11":"shipping-taxable","12":"purchasable","13":"product-type-simple"},"aioseo_notices":[],"_links":{"self":[{"href":"https:\/\/rubberautoparts.com\/fr\/wp-json\/wp\/v2\/product\/989475","targetHints":{"allow":["GET"]}}],"collection":[{"href":"https:\/\/rubberautoparts.com\/fr\/wp-json\/wp\/v2\/product"}],"about":[{"href":"https:\/\/rubberautoparts.com\/fr\/wp-json\/wp\/v2\/types\/product"}],"wp:featuredmedia":[{"embeddable":true,"href":"https:\/\/rubberautoparts.com\/fr\/wp-json\/wp\/v2\/media\/989476"}],"wp:attachment":[{"href":"https:\/\/rubberautoparts.com\/fr\/wp-json\/wp\/v2\/media?parent=989475"}],"wp:term":[{"taxonomy":"product_brand","embeddable":true,"href":"https:\/\/rubberautoparts.com\/fr\/wp-json\/wp\/v2\/product_brand?post=989475"},{"taxonomy":"product_cat","embeddable":true,"href":"https:\/\/rubberautoparts.com\/fr\/wp-json\/wp\/v2\/product_cat?post=989475"},{"taxonomy":"product_tag","embeddable":true,"href":"https:\/\/rubberautoparts.com\/fr\/wp-json\/wp\/v2\/product_tag?post=989475"}],"curies":[{"name":"wp","href":"https:\/\/api.w.org\/{rel}","templated":true}]}}