{"id":989483,"date":"2025-04-03T10:38:30","date_gmt":"2025-04-03T10:38:30","guid":{"rendered":"https:\/\/rubberautoparts.com\/?post_type=product&#038;p=989483"},"modified":"2025-04-13T03:34:55","modified_gmt":"2025-04-13T03:34:55","slug":"cv-joint-boot-ghcvjb0027-oem-39241-01e25-yb02-2017","status":"publish","type":"product","link":"https:\/\/rubberautoparts.com\/fr\/produit\/soufflet-de-cardan-ghcvjb0027-oem-39241-01e25-ya02-2017\/","title":{"rendered":"SOUFFLET DE JOINT HOMOCIN\u00c9TIQUE GHCVJB0027\/OEM\u00a0: 39241-01E25\/YB02-2017"},"content":{"rendered":"<div class=\"vgblk-rw-wrapper limit-wrapper\">**Description du produit : Soufflet de cardan GHCVJB0027**<\/p>\n<p>Am\u00e9liorez les performances et la long\u00e9vit\u00e9 de votre v\u00e9hicule gr\u00e2ce au soufflet de cardan GHCVJB0027, soigneusement con\u00e7u pour une large gamme d&#039;applications. Ce soufflet polyvalent est compatible avec de nombreux mod\u00e8les, notamment\u00a0:<\/p>\n<p>\u2013 Daewoo Aranos (1995\/01 \u2013 1997\/11)<br \/>\n&#8211; <a href=\"https:\/\/automobiles.honda.com\/accord-sedan\">Honda Accord V<\/a> (CC, CD) (1993\/03 \u2013 1997\/12)<br \/>\n\u2013 Honda Accord V (CE, CF) (1995\/09 \u2013 1998\/10)<br \/>\n\u2013 Mazda 626 s\u00e9ries II et III (1982\/11 \u2013 1997\/09)<br \/>\n\u2013 Mitsubishi L 300 (plusieurs variantes) (1986\/11 \u2013 2013\/09)<br \/>\n\u2013 Mod\u00e8les Nissan, y compris Maxima II (J30), variantes Sunny et bien d&#039;autres des ann\u00e9es qui se chevauchent<br \/>\n\u2013 Renault Trucks Messenger (1990\/09 \u2013 1999\/06)<br \/>\n\u2013 Subaru Leone et XT (ann\u00e9es variables)<br \/>\n\u2013 Toyota Celica (ST16_, AT16_) (1985\/08 \u2013 1989\/12)<\/p>\n<p>Fabriqu\u00e9 conform\u00e9ment aux sp\u00e9cifications OEM (r\u00e9f\u00e9rence\u00a0: 39241-01E25\/YB02-2017) par l&#039;usine Hebei Xingtai Renxian Guanghua Rubber Products, le soufflet GHCVJB0027 est fabriqu\u00e9 en caoutchouc de haute qualit\u00e9, con\u00e7u pour r\u00e9sister aux rigueurs de la conduite. Il offre une barri\u00e8re solide contre la salet\u00e9, les d\u00e9bris et l&#039;humidit\u00e9, prot\u00e9geant ainsi votre joint homocin\u00e9tique des dommages et de l&#039;usure.<\/p>\n<p>**Caract\u00e9ristiques principales\u00a0:**<br \/>\n\u2013 **Ajustement et qualit\u00e9 OEM\u00a0:** assure une compatibilit\u00e9 parfaite avec plusieurs marques et mod\u00e8les automobiles, tout en maintenant les normes de haute performance que vous attendez.<br \/>\n\u2013 **Durabilit\u00e9 exceptionnelle\u00a0:** Fabriqu\u00e9 \u00e0 partir de mat\u00e9riaux robustes qui r\u00e9sistent \u00e0 la d\u00e9gradation due aux produits chimiques et aux facteurs environnementaux, garantissant un service durable.<br \/>\n\u2013 **Installation sans tracas\u00a0:** Con\u00e7u pour une installation simple, ce qui facilite le maintien de votre v\u00e9hicule en parfait \u00e9tat sans proc\u00e9dures compliqu\u00e9es.<\/p>\n<p>Avec le soufflet de cardan GHCVJB0027, conduisez en toute confiance, sachant que vous avez choisi un produit qui prot\u00e8ge les composants essentiels de votre v\u00e9hicule. Faites confiance \u00e0 Guanghua pour la qualit\u00e9 et la fiabilit\u00e9 de ses pi\u00e8ces automobiles\u00a0!<\/p><\/div>\n<p><!-- .vgblk-rw-wrapper --><\/p>","protected":false},"excerpt":{"rendered":"<p>**Product Description: CV Joint Boot GHCVJB0027** Enhance the performance and longevity of your vehicle with the CV Joint Boot GHCVJB0027, meticulously engineered for a wide range of applications. This versatile boot is compatible with various models, including: &#8211; Daewoo Aranos (1995\/01 &#8211; 1997\/11) &#8211; Honda Accord V (CC, CD) (1993\/03 &#8211; 1997\/12) &#8211; Honda Accord&#8230;<\/p>","protected":false},"featured_media":989484,"template":"","meta":[],"product_brand":[],"product_cat":[63],"product_tag":[98,83,79,104,103,75],"class_list":{"0":"post-989483","1":"product","2":"type-product","3":"status-publish","4":"has-post-thumbnail","6":"product_cat-cv-joint-boot","7":"product_tag-daewoo","8":"product_tag-mazda","9":"product_tag-nissan","10":"product_tag-renault-trucks","11":"product_tag-subaru","12":"product_tag-toyota","14":"first","15":"instock","16":"shipping-taxable","17":"purchasable","18":"product-type-simple"},"aioseo_notices":[],"_links":{"self":[{"href":"https:\/\/rubberautoparts.com\/fr\/wp-json\/wp\/v2\/product\/989483","targetHints":{"allow":["GET"]}}],"collection":[{"href":"https:\/\/rubberautoparts.com\/fr\/wp-json\/wp\/v2\/product"}],"about":[{"href":"https:\/\/rubberautoparts.com\/fr\/wp-json\/wp\/v2\/types\/product"}],"wp:featuredmedia":[{"embeddable":true,"href":"https:\/\/rubberautoparts.com\/fr\/wp-json\/wp\/v2\/media\/989484"}],"wp:attachment":[{"href":"https:\/\/rubberautoparts.com\/fr\/wp-json\/wp\/v2\/media?parent=989483"}],"wp:term":[{"taxonomy":"product_brand","embeddable":true,"href":"https:\/\/rubberautoparts.com\/fr\/wp-json\/wp\/v2\/product_brand?post=989483"},{"taxonomy":"product_cat","embeddable":true,"href":"https:\/\/rubberautoparts.com\/fr\/wp-json\/wp\/v2\/product_cat?post=989483"},{"taxonomy":"product_tag","embeddable":true,"href":"https:\/\/rubberautoparts.com\/fr\/wp-json\/wp\/v2\/product_tag?post=989483"}],"curies":[{"name":"wp","href":"https:\/\/api.w.org\/{rel}","templated":true}]}}