{"id":989582,"date":"2025-04-23T03:06:59","date_gmt":"2025-04-23T03:06:59","guid":{"rendered":"https:\/\/rubberautoparts.com\/?post_type=product&#038;p=989582"},"modified":"2025-05-06T06:44:11","modified_gmt":"2025-05-06T06:44:11","slug":"steering-rack-boot-ghsrb0017-oem-45535-33050","status":"publish","type":"product","link":"https:\/\/rubberautoparts.com\/fr\/produit\/soufflet-de-cremaillere-de-direction-ghsrb0017-oem-45535-33050\/","title":{"rendered":"SOUFFLET DE CR\u00c9MAILL\u00c8RE DE DIRECTION GHSRB0017 \/ OEM\u00a0: 45535-33050"},"content":{"rendered":"<div class=\"vgblk-rw-wrapper limit-wrapper\">\n<p class=\"\" data-start=\"147\" data-end=\"247\">SOUFFLET DE CR\u00c9MAILL\u00c8RE DE DIRECTION GHSRB0017 \/ OEM\u00a0: 45535-33050<\/p>\n<p class=\"\" data-start=\"249\" data-end=\"275\"><strong data-start=\"249\" data-end=\"273\">V\u00e9hicules compatibles :<\/strong><\/p>\n<ul data-start=\"276\" data-end=\"404\">\n<li class=\"\" data-start=\"276\" data-end=\"328\">\n<p class=\"\" data-start=\"278\" data-end=\"328\"><a href=\"http:\/\/www.toyota.com\">TOYOTA<\/a> LEXUS ES240 \/ ES350 (ACV40 \/ GSV40) 2006\u2013<\/p>\n<\/li>\n<li class=\"\" data-start=\"329\" data-end=\"365\">\n<p class=\"\" data-start=\"331\" data-end=\"365\">TOYOTA LEXUS ES350 (GSV40) 2006\u2013<\/p>\n<\/li>\n<li class=\"\" data-start=\"366\" data-end=\"404\">\n<p class=\"\" data-start=\"368\" data-end=\"404\"><a href=\"https:\/\/rubberautoparts.com\/fr\/toyota\/\">TOYOTA<\/a> CAMRY (ACV40 \/ GSV40) 2006\u2013<\/p>\n<\/li>\n<\/ul>\n<p class=\"\" data-start=\"406\" data-end=\"586\"><strong data-start=\"406\" data-end=\"419\">Mat\u00e9riel:<\/strong> Caoutchouc durable de haute qualit\u00e9<br data-start=\"447\" data-end=\"450\" \/><strong data-start=\"450\" data-end=\"460\">Couleur:<\/strong> Noir<br data-start=\"466\" data-end=\"469\" \/><strong data-start=\"469\" data-end=\"479\">Marque:<\/strong> Caoutchouc Guanghua<br data-start=\"495\" data-end=\"498\" \/><strong data-start=\"498\" data-end=\"518\">Lieu d&#039;origine :<\/strong> Ville de Tiankou, comt\u00e9 de Renxian, ville de Xingtai, province du Hebei, Chine<\/p>\n<p class=\"\" data-start=\"588\" data-end=\"977\"><strong data-start=\"588\" data-end=\"604\">Description:<\/strong><br data-start=\"604\" data-end=\"607\" \/>Le soufflet de cr\u00e9maill\u00e8re de direction GHSRB0017 est con\u00e7u pour prot\u00e9ger votre cr\u00e9maill\u00e8re de direction de la poussi\u00e8re, de la salet\u00e9 et de l&#039;humidit\u00e9, garantissant ainsi des performances durables et un fonctionnement fluide de la direction. Fabriqu\u00e9 en caoutchouc de premi\u00e8re qualit\u00e9, ce soufflet offre une excellente flexibilit\u00e9, une r\u00e9sistance \u00e0 l&#039;usure et un ajustement pr\u00e9cis d&#039;origine pour les mod\u00e8les TOYOTA et LEXUS. Id\u00e9al pour une utilisation en remplacement ou en premi\u00e8re monte.<\/p>\n<p class=\"\" data-start=\"979\" data-end=\"994\"><strong data-start=\"979\" data-end=\"992\">Caract\u00e9ristiques:<\/strong><\/p>\n<ul data-start=\"995\" data-end=\"1178\">\n<li class=\"\" data-start=\"995\" data-end=\"1030\">\n<p class=\"\" data-start=\"997\" data-end=\"1030\">Ajustement et performances de qualit\u00e9 OEM<\/p>\n<\/li>\n<li class=\"\" data-start=\"1031\" data-end=\"1077\">\n<p class=\"\" data-start=\"1033\" data-end=\"1077\">Prot\u00e8ge le syst\u00e8me de direction des contaminants<\/p>\n<\/li>\n<li class=\"\" data-start=\"1078\" data-end=\"1120\">\n<p class=\"\" data-start=\"1080\" data-end=\"1120\">Tr\u00e8s r\u00e9sistant aux fissures et au vieillissement<\/p>\n<\/li>\n<li class=\"\" data-start=\"1121\" data-end=\"1178\">\n<p class=\"\" data-start=\"1123\" data-end=\"1178\">Installation facile avec ajustement pr\u00e9cis pour les mod\u00e8les r\u00e9pertori\u00e9s<\/p>\n<\/li>\n<\/ul>\n<p class=\"\" data-start=\"1180\" data-end=\"1391\"><strong data-start=\"1180\" data-end=\"1197\">Fabricant:<\/strong><br data-start=\"1197\" data-end=\"1200\" \/><a href=\"https:\/\/www.facebook.com\/rubberautoparts\"><strong data-start=\"1200\" data-end=\"1258\">Usine de produits en caoutchouc Hebei Xingtai Renxian Guanghua<\/strong><\/a><br data-start=\"1258\" data-end=\"1261\" \/>\u2013 Cr\u00e9\u00e9e en 2013, sp\u00e9cialis\u00e9e dans la fabrication de pi\u00e8ces en caoutchouc pour automobiles avec des capacit\u00e9s OEM et une qualit\u00e9 de produit constante.<\/p>\n<\/div>\n<p><!-- .vgblk-rw-wrapper --><\/p>","protected":false},"excerpt":{"rendered":"<p>STEERING RACK BOOT GHSRB0017 \/ OEM: 45535-33050 Compatible Vehicles: TOYOTA LEXUS ES240 \/ ES350 (ACV40 \/ GSV40) 2006\u2013 TOYOTA LEXUS ES350 (GSV40) 2006\u2013 TOYOTA CAMRY (ACV40 \/ GSV40) 2006\u2013 Material: High-quality durable rubberColor: BlackBrand: Guanghua RubberPlace of Origin: Tiankou Town, Renxian County, Xingtai City, Hebei Province, China Description:The GHSRB0017 Steering Rack Boot is designed to&#8230;<\/p>","protected":false},"featured_media":989583,"template":"","meta":[],"product_brand":[],"product_cat":[61],"product_tag":[112,115,111,113,114,81,75],"class_list":{"0":"post-989582","1":"product","2":"type-product","3":"status-publish","4":"has-post-thumbnail","6":"product_cat-steering-rack-boot","7":"product_tag-acv40-gsv40","8":"product_tag-camry","9":"product_tag-es240-350","10":"product_tag-es350","11":"product_tag-gsv40","12":"product_tag-lexus","13":"product_tag-toyota","15":"first","16":"instock","17":"shipping-taxable","18":"purchasable","19":"product-type-simple"},"aioseo_notices":[],"_links":{"self":[{"href":"https:\/\/rubberautoparts.com\/fr\/wp-json\/wp\/v2\/product\/989582","targetHints":{"allow":["GET"]}}],"collection":[{"href":"https:\/\/rubberautoparts.com\/fr\/wp-json\/wp\/v2\/product"}],"about":[{"href":"https:\/\/rubberautoparts.com\/fr\/wp-json\/wp\/v2\/types\/product"}],"wp:featuredmedia":[{"embeddable":true,"href":"https:\/\/rubberautoparts.com\/fr\/wp-json\/wp\/v2\/media\/989583"}],"wp:attachment":[{"href":"https:\/\/rubberautoparts.com\/fr\/wp-json\/wp\/v2\/media?parent=989582"}],"wp:term":[{"taxonomy":"product_brand","embeddable":true,"href":"https:\/\/rubberautoparts.com\/fr\/wp-json\/wp\/v2\/product_brand?post=989582"},{"taxonomy":"product_cat","embeddable":true,"href":"https:\/\/rubberautoparts.com\/fr\/wp-json\/wp\/v2\/product_cat?post=989582"},{"taxonomy":"product_tag","embeddable":true,"href":"https:\/\/rubberautoparts.com\/fr\/wp-json\/wp\/v2\/product_tag?post=989582"}],"curies":[{"name":"wp","href":"https:\/\/api.w.org\/{rel}","templated":true}]}}