{"id":989686,"date":"2025-04-24T04:42:19","date_gmt":"2025-04-24T04:42:19","guid":{"rendered":"https:\/\/rubberautoparts.com\/?post_type=product&#038;p=989686"},"modified":"2025-05-15T05:37:15","modified_gmt":"2025-05-15T05:37:15","slug":"cv-joint-boot-ghcvjb0037-oem-g030-22-530-6030-22-530","status":"publish","type":"product","link":"https:\/\/rubberautoparts.com\/fr\/produit\/soufflet-de-cardan-ghcvjb0037-oem-g030-22-530-6030-22-530\/","title":{"rendered":"SOUFFLET DE JOINT HOMOCIN\u00c9TIQUE GHCVJB0037\/OEM\u00a0: G030-22-530\/6030-22-530"},"content":{"rendered":"<div class=\"vgblk-rw-wrapper limit-wrapper\">\n<p class=\"\" data-start=\"177\" data-end=\"227\"><strong data-start=\"177\" data-end=\"227\">Description du produit \u2013 Soufflet de cardan GHCVJB0037<\/strong><\/p>\n<p class=\"\" data-start=\"229\" data-end=\"674\">Le soufflet de cardan GHCVJB0037 est une pi\u00e8ce de rechange de qualit\u00e9 sup\u00e9rieure con\u00e7ue pour une large gamme de v\u00e9hicules asiatiques et oc\u00e9aniens. Il assure une excellente protection et une grande durabilit\u00e9 du joint homocin\u00e9tique. Fabriqu\u00e9 par <em data-start=\"453\" data-end=\"509\">Usine de produits en caoutchouc Hebei Xingtai Renxian Guanghua<\/em>, un nom de confiance dans les pi\u00e8ces en caoutchouc pour automobiles depuis 2013, cette botte est con\u00e7ue \u00e0 partir de caoutchouc de haute qualit\u00e9 pour r\u00e9sister \u00e0 l&#039;usure, aux fissures et aux variations de temp\u00e9rature extr\u00eames.<\/p>\n<p class=\"\" data-start=\"676\" data-end=\"700\"><strong data-start=\"676\" data-end=\"697\">Compatibilit\u00e9 OEM<\/strong>:<\/p>\n<ul data-start=\"701\" data-end=\"1006\">\n<li class=\"\" data-start=\"701\" data-end=\"812\">\n<p class=\"\" data-start=\"703\" data-end=\"812\">MAZDA\u00a0: G030-22-530, G012-22-530, G022-22-530A, G002-22-530, G033-22-530, G043-22-530, GA43-22-530, et plus<\/p>\n<\/li>\n<li class=\"\" data-start=\"813\" data-end=\"858\">\n<p class=\"\" data-start=\"815\" data-end=\"858\">ISUZU : 8941242100, 8943129350, 8941242101<\/p>\n<\/li>\n<li class=\"\" data-start=\"859\" data-end=\"893\">\n<p class=\"\" data-start=\"861\" data-end=\"893\">MITSUBISHI : MB160657, MB620329<\/p>\n<\/li>\n<li class=\"\" data-start=\"894\" data-end=\"932\">\n<p class=\"\" data-start=\"896\" data-end=\"932\">NISSAN : 39241-17R25 \u00e0 39241-17R87<\/p>\n<\/li>\n<li class=\"\" data-start=\"933\" data-end=\"969\">\n<p class=\"\" data-start=\"935\" data-end=\"969\">OPEL : 94312680, 07812255, 301403<\/p>\n<\/li>\n<li class=\"\" data-start=\"970\" data-end=\"1006\">\n<p class=\"\" data-start=\"972\" data-end=\"1006\">TOYOTA : 04438-20010, 04438-32050<\/p>\n<\/li>\n<\/ul>\n<p class=\"\" data-start=\"1008\" data-end=\"1046\"><strong data-start=\"1008\" data-end=\"1045\">Les mod\u00e8les de v\u00e9hicules applicables incluent<\/strong>:<\/p>\n<ul data-start=\"1047\" data-end=\"1410\">\n<li class=\"\" data-start=\"1047\" data-end=\"1102\">\n<p class=\"\" data-start=\"1049\" data-end=\"1102\"><strong data-start=\"1049\" data-end=\"1058\">MAZDA<\/strong>: 626 (diff\u00e9rentes g\u00e9n\u00e9rations), MX-6, XEDOS 6<\/p>\n<\/li>\n<li class=\"\" data-start=\"1103\" data-end=\"1156\">\n<p class=\"\" data-start=\"1105\" data-end=\"1156\"><strong data-start=\"1105\" data-end=\"1126\"><a href=\"https:\/\/rubberautoparts.com\/fr\/gue\/\">GU\u00c9<\/a> ASIE\/OC\u00c9ANIE<\/strong>: Berline TELSTAR (1991-2000)<\/p>\n<\/li>\n<li class=\"\" data-start=\"1157\" data-end=\"1199\">\n<p class=\"\" data-start=\"1159\" data-end=\"1199\"><strong data-start=\"1159\" data-end=\"1168\">ISUZU<\/strong>: ASKA (1983-1989, 1995-2001)<\/p>\n<\/li>\n<li class=\"\" data-start=\"1200\" data-end=\"1237\">\n<p class=\"\" data-start=\"1202\" data-end=\"1237\"><strong data-start=\"1202\" data-end=\"1209\">KIA<\/strong>: CARNAVAL I &amp; II (1998\u2013 )<\/p>\n<\/li>\n<li class=\"\" data-start=\"1238\" data-end=\"1266\">\n<p class=\"\" data-start=\"1240\" data-end=\"1266\"><strong data-start=\"1240\" data-end=\"1254\">MITSUBISHI<\/strong>: PAJERO I<\/p>\n<\/li>\n<li class=\"\" data-start=\"1267\" data-end=\"1317\">\n<p class=\"\" data-start=\"1269\" data-end=\"1317\"><strong data-start=\"1269\" data-end=\"1279\">NISSAN<\/strong>: SUNNY (N13, B12, B11), PRAIRIE PRO<\/p>\n<\/li>\n<li class=\"\" data-start=\"1318\" data-end=\"1348\">\n<p class=\"\" data-start=\"1320\" data-end=\"1348\"><strong data-start=\"1320\" data-end=\"1328\">OPEL<\/strong>: CAMPO, SPEEDSTER<\/p>\n<\/li>\n<li class=\"\" data-start=\"1349\" data-end=\"1410\">\n<p class=\"\" data-start=\"1351\" data-end=\"1410\"><a href=\"https:\/\/rubberautoparts.com\/fr\/toyota\/\"><strong data-start=\"1351\" data-end=\"1361\">TOYOTA<\/strong><\/a>: CAMRY (<em data-start=\"1370\" data-end=\"1374\">V1<\/em>, <em data-start=\"1376\" data-end=\"1380\">V2<\/em>), CELICA (Coup\u00e9, Cabriolet)<\/p>\n<\/li>\n<\/ul>\n<p class=\"\" data-start=\"1412\" data-end=\"1566\">Moul\u00e9 avec pr\u00e9cision pour une installation facile et une \u00e9tanch\u00e9it\u00e9 optimale, ce soufflet de cardan est un choix id\u00e9al pour le remplacement des pi\u00e8ces de rechange et les r\u00e9parations \u00e9quivalentes \u00e0 celles du fabricant d&#039;origine.<\/p>\n<\/div>\n<p><!-- .vgblk-rw-wrapper --><\/p>","protected":false},"excerpt":{"rendered":"<p>Description du produit \u2013 Soufflet de cardan GHCVJB0037. Le soufflet de cardan GHCVJB0037 est une pi\u00e8ce de rechange de qualit\u00e9 sup\u00e9rieure con\u00e7ue pour une large gamme de v\u00e9hicules asiatiques et oc\u00e9aniens. Il assure une excellente protection et une grande durabilit\u00e9 du joint homocin\u00e9tique. Fabriqu\u00e9 par Hebei Xingtai Renxian Guanghua Rubber Products Factory, une r\u00e9f\u00e9rence dans le domaine des pi\u00e8ces automobiles en caoutchouc depuis\u2026<\/p>","protected":false},"featured_media":989926,"template":"","meta":[],"product_brand":[],"product_cat":[63],"product_tag":[109,83,95,79,110,75],"class_list":{"0":"post-989686","1":"product","2":"type-product","3":"status-publish","4":"has-post-thumbnail","6":"product_cat-cv-joint-boot","7":"product_tag-isuzu","8":"product_tag-mazda","9":"product_tag-mitsubishi","10":"product_tag-nissan","11":"product_tag-opel","12":"product_tag-toyota","14":"first","15":"instock","16":"shipping-taxable","17":"purchasable","18":"product-type-simple"},"aioseo_notices":[],"_links":{"self":[{"href":"https:\/\/rubberautoparts.com\/fr\/wp-json\/wp\/v2\/product\/989686","targetHints":{"allow":["GET"]}}],"collection":[{"href":"https:\/\/rubberautoparts.com\/fr\/wp-json\/wp\/v2\/product"}],"about":[{"href":"https:\/\/rubberautoparts.com\/fr\/wp-json\/wp\/v2\/types\/product"}],"wp:featuredmedia":[{"embeddable":true,"href":"https:\/\/rubberautoparts.com\/fr\/wp-json\/wp\/v2\/media\/989926"}],"wp:attachment":[{"href":"https:\/\/rubberautoparts.com\/fr\/wp-json\/wp\/v2\/media?parent=989686"}],"wp:term":[{"taxonomy":"product_brand","embeddable":true,"href":"https:\/\/rubberautoparts.com\/fr\/wp-json\/wp\/v2\/product_brand?post=989686"},{"taxonomy":"product_cat","embeddable":true,"href":"https:\/\/rubberautoparts.com\/fr\/wp-json\/wp\/v2\/product_cat?post=989686"},{"taxonomy":"product_tag","embeddable":true,"href":"https:\/\/rubberautoparts.com\/fr\/wp-json\/wp\/v2\/product_tag?post=989686"}],"curies":[{"name":"wp","href":"https:\/\/api.w.org\/{rel}","templated":true}]}}