{"id":989898,"date":"2025-05-09T02:10:11","date_gmt":"2025-05-09T02:10:11","guid":{"rendered":"https:\/\/rubberautoparts.com\/?post_type=product&#038;p=989898"},"modified":"2025-06-23T07:31:05","modified_gmt":"2025-06-23T07:31:05","slug":"custom-steering-rack-boot-ghsrb0018-oem-45535-12060-45535-22080","status":"publish","type":"product","link":"https:\/\/rubberautoparts.com\/fr\/produit\/soufflet-de-cremaillere-de-direction-ghsrb0018-oem-45535-12060-45535-22080\/","title":{"rendered":"Soufflet de cr\u00e9maill\u00e8re de direction personnalis\u00e9 GHSRB0018 \/ OEM\u00a0: 45535-12060\/45535-22080"},"content":{"rendered":"<div class=\"vgblk-rw-wrapper limit-wrapper\">Le <strong>Soufflet de cr\u00e9maill\u00e8re de direction personnalis\u00e9 GHSRB0018<\/strong>Fabriqu\u00e9e selon les sp\u00e9cifications OEM (OEM\u00a0: 45535-12060, 45535-22080), cette housse de protection de haute qualit\u00e9 prot\u00e8ge la cr\u00e9maill\u00e8re de direction de votre v\u00e9hicule de la salet\u00e9, de l&#039;eau, de la boue et d&#039;autres contaminants. Produit par <a href=\"https:\/\/rubberautoparts.com\/fr\/\">Caoutchouc Guanghua<\/a>Ce soufflet de cr\u00e9maill\u00e8re de direction offre un ajustement pr\u00e9cis et une durabilit\u00e9 exceptionnelle, garantissant des performances fiables dans des conditions de conduite exigeantes. Fabriqu\u00e9 \u00e0 partir de mat\u00e9riaux avanc\u00e9s, flexibles et r\u00e9sistants aux intemp\u00e9ries, il emp\u00eache efficacement la p\u00e9n\u00e9tration de d\u00e9bris et l&#039;accumulation d&#039;humidit\u00e9, susceptibles de provoquer la corrosion et l&#039;usure pr\u00e9matur\u00e9e des composants de la direction.<\/p>\n<p>Con\u00e7u pour r\u00e9sister aux temp\u00e9ratures \u00e9lev\u00e9es, aux contraintes m\u00e9caniques et \u00e0 l&#039;exposition aux intemp\u00e9ries, le GHSRB0018 offre une protection durable et contribue \u00e0 prolonger la dur\u00e9e de vie de votre cr\u00e9maill\u00e8re de direction. Son installation facile le rend id\u00e9al pour les ateliers de r\u00e9paration automobile, les distributeurs de pi\u00e8ces d\u00e9tach\u00e9es et les propri\u00e9taires de v\u00e9hicules qui recherchent une solution fiable et compatible avec les constructeurs pour pr\u00e9server l&#039;int\u00e9grit\u00e9 de leur syst\u00e8me de direction. Faites confiance \u00e0 la qualit\u00e9 et \u00e0 l&#039;expertise de Guanghua Rubber pour vous fournir un soufflet de cr\u00e9maill\u00e8re de direction durable et performant, qui assure une direction fluide et s\u00fbre \u00e0 votre v\u00e9hicule.<\/p>\n<p>Que ce soit pour l&#039;entretien courant ou la r\u00e9paration de bottes ab\u00eem\u00e9es, le <strong>GHSRB0018<\/strong> garantit que votre syst\u00e8me de direction reste prot\u00e9g\u00e9, fiable et fonctionne \u00e0 des performances optimales. Faites confiance \u00e0 <a href=\"https:\/\/www.linkedin.com\/company\/hebei-xingtai-guanghua-rubber-products-factory\/\">Caoutchouc Guanghua<\/a> pour fournir le bon ajustement, la bonne qualit\u00e9 et la bonne long\u00e9vit\u00e9 \u00e0 votre <a href=\"https:\/\/rubberautoparts.com\/fr\/vehicules\/\">v\u00e9hicule<\/a>composants de direction.<\/div>\n<p><!-- .vgblk-rw-wrapper --><\/p>","protected":false},"excerpt":{"rendered":"<p>The Custom Steering Rack Boot GHSRB0018, manufactured to OEM specifications (OEM: 45535-12060, 45535-22080), is a high-quality protective cover designed to shield your vehicle\u2019s steering rack from dirt, water, mud, and other contaminants. Produced by Guanghua Rubber, this steering rack boot offers a precise fit and exceptional durability, ensuring reliable performance in demanding driving conditions. Made&#8230;<\/p>","protected":false},"featured_media":989900,"template":"","meta":[],"product_brand":[],"product_cat":[61],"product_tag":[109,75],"class_list":{"0":"post-989898","1":"product","2":"type-product","3":"status-publish","4":"has-post-thumbnail","6":"product_cat-steering-rack-boot","7":"product_tag-isuzu","8":"product_tag-toyota","10":"first","11":"instock","12":"shipping-taxable","13":"purchasable","14":"product-type-simple"},"aioseo_notices":[],"_links":{"self":[{"href":"https:\/\/rubberautoparts.com\/fr\/wp-json\/wp\/v2\/product\/989898","targetHints":{"allow":["GET"]}}],"collection":[{"href":"https:\/\/rubberautoparts.com\/fr\/wp-json\/wp\/v2\/product"}],"about":[{"href":"https:\/\/rubberautoparts.com\/fr\/wp-json\/wp\/v2\/types\/product"}],"wp:featuredmedia":[{"embeddable":true,"href":"https:\/\/rubberautoparts.com\/fr\/wp-json\/wp\/v2\/media\/989900"}],"wp:attachment":[{"href":"https:\/\/rubberautoparts.com\/fr\/wp-json\/wp\/v2\/media?parent=989898"}],"wp:term":[{"taxonomy":"product_brand","embeddable":true,"href":"https:\/\/rubberautoparts.com\/fr\/wp-json\/wp\/v2\/product_brand?post=989898"},{"taxonomy":"product_cat","embeddable":true,"href":"https:\/\/rubberautoparts.com\/fr\/wp-json\/wp\/v2\/product_cat?post=989898"},{"taxonomy":"product_tag","embeddable":true,"href":"https:\/\/rubberautoparts.com\/fr\/wp-json\/wp\/v2\/product_tag?post=989898"}],"curies":[{"name":"wp","href":"https:\/\/api.w.org\/{rel}","templated":true}]}}