{"id":989974,"date":"2025-06-20T07:30:45","date_gmt":"2025-06-20T07:30:45","guid":{"rendered":"https:\/\/rubberautoparts.com\/?post_type=product&#038;p=989974"},"modified":"2025-06-21T03:41:35","modified_gmt":"2025-06-21T03:41:35","slug":"valve-cover-gasket-ghvcg0006-oem-11213-28040-11213-28041-11213-0h010","status":"publish","type":"product","link":"https:\/\/rubberautoparts.com\/fr\/produit\/joint-de-couvercle-de-soupape-ghvcg0006-oem-11213-28040-11213-28041-11213-0h010\/","title":{"rendered":"JOINT DE COUVERCLE DE SOUPAPE GHVCG0006 \/ OEM\u00a0: 11213-28040\/11213-28041 \/ 11213-0H010"},"content":{"rendered":"<div class=\"vgblk-rw-wrapper limit-wrapper\">D\u00e9couvrez le JOINT DE COUVERCLE DE SOUPAPE GHVCG0006, un composant essentiel con\u00e7u pour assurer une \u00e9tanch\u00e9it\u00e9 optimale \u00e0 votre moteur. Con\u00e7u pour respecter, voire d\u00e9passer, les sp\u00e9cifications OEM, ce joint est compatible avec les r\u00e9f\u00e9rences 11213-28040, 11213-28041 et 11213-0H010. Que vous soyez m\u00e9canicien professionnel ou amateur, ce joint de couvercle de soupape garantit le fonctionnement optimal de votre moteur, pr\u00e9venant les fuites d&#039;huile et maintenant la pression.<\/p>\n<h2>Une durabilit\u00e9 sur laquelle vous pouvez compter<\/h2>\n<p>Fabriqu\u00e9 \u00e0 partir de mat\u00e9riaux de haute qualit\u00e9, le joint de cache-soupapes GHVCG0006 est con\u00e7u pour r\u00e9sister aux temp\u00e9ratures extr\u00eames et \u00e0 l&#039;usure. Cette durabilit\u00e9 se traduit par des performances durables qui prot\u00e8gent votre moteur des dommages caus\u00e9s par les fuites d&#039;huile. Ne vous contentez pas de joints de qualit\u00e9 inf\u00e9rieure susceptibles de s&#039;user rapidement\u00a0; choisissez le GHVCG0006 pour sa construction et sa fiabilit\u00e9 sup\u00e9rieures.<\/p>\n<h2>Installation facile pour tous les niveaux de comp\u00e9tence<\/h2>\n<p>L&#039;une des caract\u00e9ristiques les plus remarquables de notre joint de couvercle de soupape est sa conception ergonomique, facilitant son installation. Gr\u00e2ce \u00e0 ses dimensions pr\u00e9cises et \u00e0 sa conformit\u00e9 aux normes OEM, ce joint s&#039;int\u00e8gre parfaitement au moteur de votre v\u00e9hicule, vous permettant de maintenir des performances optimales sans modifications importantes. Que vous souhaitiez remplacer un joint us\u00e9 ou am\u00e9liorer ses performances, le GHVCG0006 est la solution id\u00e9ale.<\/p>\n<p>Pour l&#039;entretien de votre v\u00e9hicule, chaque pi\u00e8ce compte. Le joint de cache-culbuteurs GHVCG0006 vous garantit un moteur sans fuite. Investissez dans la qualit\u00e9 et la performance.<\/p><\/div>\n<p><!-- .vgblk-rw-wrapper --><\/p>","protected":false},"excerpt":{"rendered":"<p>D\u00e9couvrez le joint de cache-culbuteurs GHVCG0006, un composant essentiel con\u00e7u pour assurer une \u00e9tanch\u00e9it\u00e9 optimale \u00e0 votre moteur. Con\u00e7u pour respecter, voire d\u00e9passer, les sp\u00e9cifications OEM, ce joint est compatible avec les r\u00e9f\u00e9rences 11213-28040, 11213-28041 et 11213-0H010. Que vous soyez m\u00e9canicien professionnel ou bricoleur, ce joint de cache-culbuteurs garantit le bon fonctionnement de votre moteur\u2026<\/p>","protected":false},"featured_media":989975,"template":"","meta":[],"product_brand":[],"product_cat":[65],"product_tag":[75],"class_list":{"0":"post-989974","1":"product","2":"type-product","3":"status-publish","4":"has-post-thumbnail","6":"product_cat-valve-cover-gasket","7":"product_tag-toyota","9":"first","10":"instock","11":"shipping-taxable","12":"purchasable","13":"product-type-simple"},"aioseo_notices":[],"_links":{"self":[{"href":"https:\/\/rubberautoparts.com\/fr\/wp-json\/wp\/v2\/product\/989974","targetHints":{"allow":["GET"]}}],"collection":[{"href":"https:\/\/rubberautoparts.com\/fr\/wp-json\/wp\/v2\/product"}],"about":[{"href":"https:\/\/rubberautoparts.com\/fr\/wp-json\/wp\/v2\/types\/product"}],"wp:featuredmedia":[{"embeddable":true,"href":"https:\/\/rubberautoparts.com\/fr\/wp-json\/wp\/v2\/media\/989975"}],"wp:attachment":[{"href":"https:\/\/rubberautoparts.com\/fr\/wp-json\/wp\/v2\/media?parent=989974"}],"wp:term":[{"taxonomy":"product_brand","embeddable":true,"href":"https:\/\/rubberautoparts.com\/fr\/wp-json\/wp\/v2\/product_brand?post=989974"},{"taxonomy":"product_cat","embeddable":true,"href":"https:\/\/rubberautoparts.com\/fr\/wp-json\/wp\/v2\/product_cat?post=989974"},{"taxonomy":"product_tag","embeddable":true,"href":"https:\/\/rubberautoparts.com\/fr\/wp-json\/wp\/v2\/product_tag?post=989974"}],"curies":[{"name":"wp","href":"https:\/\/api.w.org\/{rel}","templated":true}]}}