{"id":989979,"date":"2025-06-21T13:54:15","date_gmt":"2025-06-21T13:54:15","guid":{"rendered":"https:\/\/rubberautoparts.com\/?post_type=product&#038;p=989979"},"modified":"2025-06-23T07:09:45","modified_gmt":"2025-06-23T07:09:45","slug":"valve-cover-gasket-ghvcg0007-oem%ef%bc%9a11213-28021","status":"publish","type":"product","link":"https:\/\/rubberautoparts.com\/fr\/produit\/joint-de-couvercle-de-soupape-ghvcg0007-oem\uff1a11213-28021\/","title":{"rendered":"JOINT DE COUVERCLE DE SOUPAPE GHVCG0007 \/ OEM\u00a0: 11213-28021"},"content":{"rendered":"<div class=\"vgblk-rw-wrapper limit-wrapper\">Le joint de couvercle de soupape GHVCG0007, fabriqu\u00e9 par <a href=\"https:\/\/rubberautoparts.com\/fr\/\">Produits en caoutchouc Xingtai Guanghua Co., Ltd.<\/a>, est un joint d&#039;\u00e9tanch\u00e9it\u00e9 haut de gamme de qualit\u00e9 OEM, con\u00e7u pour garantir des performances et une fiabilit\u00e9 optimales du moteur. Fabriqu\u00e9 avec pr\u00e9cision et soin, ce joint r\u00e9pond aux normes les plus strictes en mati\u00e8re de qualit\u00e9 et de durabilit\u00e9, ce qui en fait un \u00e9l\u00e9ment essentiel pour l&#039;entretien et la r\u00e9paration des moteurs.<\/p>\n<p>Portant la r\u00e9f\u00e9rence OEM 11213-28021, ce joint de couvercle de soupape s&#039;adapte parfaitement aux mod\u00e8les de v\u00e9hicules compatibles. Sa conception pr\u00e9cise garantit une excellente \u00e9tanch\u00e9it\u00e9, emp\u00eachant efficacement les fuites d&#039;huile susceptibles d&#039;endommager le moteur ou de r\u00e9duire ses performances. Son \u00e9tanch\u00e9it\u00e9 fiable contribue \u00e0 pr\u00e9server l&#039;int\u00e9grit\u00e9 du moteur et r\u00e9duit le risque de r\u00e9parations co\u00fbteuses.<\/p>\n<p>Fabriqu\u00e9 \u00e0 partir de mat\u00e9riaux durables et r\u00e9sistants \u00e0 la chaleur, le GHVCG0007 r\u00e9siste aux temp\u00e9ratures extr\u00eames et aux vibrations du moteur, garantissant des performances durables m\u00eame dans des conditions exigeantes. Sa construction de haute qualit\u00e9 offre une excellente r\u00e9sistance \u00e0 l&#039;usure, aux produits chimiques et aux contraintes thermiques, ce qui le rend id\u00e9al aussi bien pour les ateliers de r\u00e9paration professionnels que pour les propri\u00e9taires de v\u00e9hicules \u00e0 la recherche de pi\u00e8ces d&#039;origine fiables.<\/p>\n<p>Id\u00e9al pour l&#039;entretien, les r\u00e9parations et les remplacements, ce joint offre une solution \u00e9conomique sans compromis sur la qualit\u00e9. Que ce soit pour un entretien courant ou une r\u00e9vision compl\u00e8te, le joint GHVCG0007 de Guanghua est id\u00e9al. <a href=\"https:\/\/rubberautoparts.com\/fr\/un-guide-complet-sur-les-pieces-en-caoutchouc-pour-automobiles-comprendre-le-caoutchouc-naturel-et-les-alternatives-synthetiques\/\">Caoutchouc<\/a> assure une relation de confiance, <a href=\"https:\/\/rubberautoparts.com\/fr\/enquete\/\">OEM<\/a>Solution d&#039;\u00e9tanch\u00e9it\u00e9 conforme aux normes. C&#039;est un excellent choix pour les distributeurs de pi\u00e8ces automobiles, les ateliers de r\u00e9paration et les passionn\u00e9s d&#039;automobile qui privil\u00e9gient la qualit\u00e9 et la performance de leurs stocks de pi\u00e8ces.<\/div>\n<p><!-- .vgblk-rw-wrapper --><\/p>","protected":false},"excerpt":{"rendered":"<p>The GHVCG0007 Valve Cover Gasket, manufactured by Xingtai Guanghua Rubber Products Co., Ltd., is a premium OEM-grade sealing component designed to ensure optimal engine performance and reliability. Crafted with precision and care, this gasket meets the highest standards for quality and durability, making it an essential part for engine maintenance and repair. With OEM number&#8230;<\/p>","protected":false},"featured_media":989980,"template":"","meta":[],"product_brand":[],"product_cat":[65],"product_tag":[75],"class_list":{"0":"post-989979","1":"product","2":"type-product","3":"status-publish","4":"has-post-thumbnail","6":"product_cat-valve-cover-gasket","7":"product_tag-toyota","9":"first","10":"instock","11":"shipping-taxable","12":"purchasable","13":"product-type-simple"},"aioseo_notices":[],"_links":{"self":[{"href":"https:\/\/rubberautoparts.com\/fr\/wp-json\/wp\/v2\/product\/989979","targetHints":{"allow":["GET"]}}],"collection":[{"href":"https:\/\/rubberautoparts.com\/fr\/wp-json\/wp\/v2\/product"}],"about":[{"href":"https:\/\/rubberautoparts.com\/fr\/wp-json\/wp\/v2\/types\/product"}],"wp:featuredmedia":[{"embeddable":true,"href":"https:\/\/rubberautoparts.com\/fr\/wp-json\/wp\/v2\/media\/989980"}],"wp:attachment":[{"href":"https:\/\/rubberautoparts.com\/fr\/wp-json\/wp\/v2\/media?parent=989979"}],"wp:term":[{"taxonomy":"product_brand","embeddable":true,"href":"https:\/\/rubberautoparts.com\/fr\/wp-json\/wp\/v2\/product_brand?post=989979"},{"taxonomy":"product_cat","embeddable":true,"href":"https:\/\/rubberautoparts.com\/fr\/wp-json\/wp\/v2\/product_cat?post=989979"},{"taxonomy":"product_tag","embeddable":true,"href":"https:\/\/rubberautoparts.com\/fr\/wp-json\/wp\/v2\/product_tag?post=989979"}],"curies":[{"name":"wp","href":"https:\/\/api.w.org\/{rel}","templated":true}]}}