{"id":16389,"date":"2021-09-03T14:30:16","date_gmt":"2021-09-03T14:30:16","guid":{"rendered":"https:\/\/macchina.vamtam.com\/?page_id=16389"},"modified":"2025-01-10T06:45:28","modified_gmt":"2025-01-10T06:45:28","slug":"privacy_policy","status":"publish","type":"page","link":"https:\/\/rubberautoparts.com\/pt\/politica-de-privacidade\/","title":{"rendered":"pol\u00edtica de Privacidade"},"content":{"rendered":"<div data-elementor-type=\"wp-page\" data-elementor-id=\"16389\" class=\"elementor elementor-16389\" data-elementor-post-type=\"page\">\n\t\t\t\t\t\t\t\t\t<section class=\"elementor-section elementor-top-section elementor-element elementor-element-2fecd0d elementor-section-boxed elementor-section-height-default elementor-section-height-default\" data-id=\"2fecd0d\" data-element_type=\"section\">\n\t\t\t\t\t\t<div class=\"elementor-container elementor-column-gap-no\">\n\t\t\t\t\t<div class=\"elementor-column elementor-col-100 elementor-top-column elementor-element elementor-element-68b9acf\" data-id=\"68b9acf\" data-element_type=\"column\">\n\t\t\t<div class=\"elementor-widget-wrap elementor-element-populated\">\n\t\t\t\t\t\t\t\t<div class=\"elementor-element elementor-element-d96c633 elementor-widget elementor-widget-spacer\" data-id=\"d96c633\" data-element_type=\"widget\" data-widget_type=\"spacer.default\">\n\t\t\t\t<div class=\"elementor-widget-container\">\n\t\t\t<style>\/*! elementor - v3.17.0 - 25-10-2023 *\/\n.elementor-column .elementor-spacer-inner{height:var(--spacer-size)}.e-con{--container-widget-width:100%}.e-con-inner>.elementor-widget-spacer,.e-con>.elementor-widget-spacer{width:var(--container-widget-width,var(--spacer-size));--align-self:var(--container-widget-align-self,initial);--flex-shrink:0}.e-con-inner>.elementor-widget-spacer>.elementor-widget-container,.e-con>.elementor-widget-spacer>.elementor-widget-container{height:100%;width:100%}.e-con-inner>.elementor-widget-spacer>.elementor-widget-container>.elementor-spacer,.e-con>.elementor-widget-spacer>.elementor-widget-container>.elementor-spacer{height:100%}.e-con-inner>.elementor-widget-spacer>.elementor-widget-container>.elementor-spacer>.elementor-spacer-inner,.e-con>.elementor-widget-spacer>.elementor-widget-container>.elementor-spacer>.elementor-spacer-inner{height:var(--container-widget-height,var(--spacer-size))}.e-con-inner>.elementor-widget-spacer.elementor-widget-empty,.e-con>.elementor-widget-spacer.elementor-widget-empty{position:relative;min-height:22px;min-width:22px}.e-con-inner>.elementor-widget-spacer.elementor-widget-empty .elementor-widget-empty-icon,.e-con>.elementor-widget-spacer.elementor-widget-empty .elementor-widget-empty-icon{position:absolute;top:0;bottom:0;left:0;right:0;margin:auto;padding:0;width:22px;height:22px}<\/style>\t\t<div class=\"elementor-spacer\">\n\t\t\t<div class=\"elementor-spacer-inner\"><\/div>\n\t\t<\/div>\n\t\t\t\t<\/div>\n\t\t\t\t<\/div>\n\t\t\t\t<div class=\"elementor-element elementor-element-a10fc05 elementor-widget elementor-widget-spacer\" data-id=\"a10fc05\" data-element_type=\"widget\" data-widget_type=\"spacer.default\">\n\t\t\t\t<div class=\"elementor-widget-container\">\n\t\t\t\t\t<div class=\"elementor-spacer\">\n\t\t\t<div class=\"elementor-spacer-inner\"><\/div>\n\t\t<\/div>\n\t\t\t\t<\/div>\n\t\t\t\t<\/div>\n\t\t\t\t\t<\/div>\n\t\t<\/div>\n\t\t\t\t\t\t\t<\/div>\n\t\t<\/section>\n\t\t\t\t<section class=\"elementor-section elementor-top-section elementor-element elementor-element-472114e5 elementor-section-boxed elementor-section-height-default elementor-section-height-default\" data-id=\"472114e5\" data-element_type=\"section\">\n\t\t\t\t\t\t<div class=\"elementor-container elementor-column-gap-no\">\n\t\t\t\t\t<div class=\"elementor-column elementor-col-100 elementor-top-column elementor-element elementor-element-2f88687b\" data-id=\"2f88687b\" data-element_type=\"column\">\n\t\t\t<div class=\"elementor-widget-wrap elementor-element-populated\">\n\t\t\t\t\t\t\t\t<div class=\"elementor-element elementor-element-19fb9ffd elementor-widget elementor-widget-text-editor\" data-id=\"19fb9ffd\" data-element_type=\"widget\" data-widget_type=\"text-editor.default\">\n\t\t\t\t<div class=\"elementor-widget-container\">\n\t\t\t<style>\/*! elementor - v3.17.0 - 25-10-2023 *\/\n.elementor-widget-text-editor.elementor-drop-cap-view-stacked .elementor-drop-cap{background-color:#69727d;color:#fff}.elementor-widget-text-editor.elementor-drop-cap-view-framed .elementor-drop-cap{color:#69727d;border:3px solid;background-color:transparent}.elementor-widget-text-editor:not(.elementor-drop-cap-view-default) .elementor-drop-cap{margin-top:8px}.elementor-widget-text-editor:not(.elementor-drop-cap-view-default) .elementor-drop-cap-letter{width:1em;height:1em}.elementor-widget-text-editor .elementor-drop-cap{float:left;text-align:center;line-height:1;font-size:50px}.elementor-widget-text-editor .elementor-drop-cap-letter{display:inline-block}<\/style>\t\t\t\t<!-- wp:paragraph --><!-- \/wp:paragraph --><!-- wp:paragraph -->\n<h3>Vis\u00e3o geral<\/h3>\n<!-- \/wp:paragraph --><!-- wp:paragraph -->\n<p>Esta Pol\u00edtica de Privacidade explica como <strong>F\u00e1brica de produtos de borracha de Hebei Guanghua<\/strong> (\u201cn\u00f3s\u201d, \u201cnosso\u201d ou \u201cnos\u201d) coleta, usa e protege as informa\u00e7\u00f5es pessoais fornecidas por visitantes e clientes em nosso site B2B (<a href=\"https:\/\/rubberautoparts.com\/pt\/\">www.rubberautoparts.com<\/a>).<\/p>\n<p>Ao acessar ou utilizar nosso Site, voc\u00ea concorda com os termos descritos nesta Pol\u00edtica de Privacidade. Caso n\u00e3o concorde com estes termos, por favor, abstenha-se de utilizar nosso Site.<\/p>\n<!-- \/wp:list --><!-- wp:paragraph -->\n<h3>1. <strong>Informa\u00e7\u00f5es que coletamos<\/strong><\/h3>\n<p>Coletamos os seguintes tipos de informa\u00e7\u00f5es:<\/p>\n<h4>um. <strong>Informa\u00e7\u00f5es que voc\u00ea fornece<\/strong><\/h4>\n<ul>\n<li><strong>Detalhes do contato<\/strong>:Quando voc\u00ea envia uma consulta ou solicita um or\u00e7amento, podemos coletar seu nome, endere\u00e7o de e-mail, n\u00famero de telefone, nome da empresa e outras informa\u00e7\u00f5es que voc\u00ea fornecer voluntariamente.<\/li>\n<li><strong>Conte\u00fado da mensagem<\/strong>: Qualquer informa\u00e7\u00e3o adicional que voc\u00ea incluir em sua consulta ou comunica\u00e7\u00e3o conosco.<\/li>\n<\/ul>\n<h4>b. <strong>Informa\u00e7\u00f5es coletadas automaticamente<\/strong><\/h4>\n<ul>\n<li><strong>Biscoitos<\/strong>: Nosso Site usa cookies para aprimorar sua experi\u00eancia de navega\u00e7\u00e3o. Cookies s\u00e3o pequenos arquivos de dados armazenados em seu dispositivo que nos ajudam a analisar o uso do Site e melhorar sua funcionalidade.<\/li>\n<li><strong>Dados anal\u00edticos<\/strong>:Podemos coletar informa\u00e7\u00f5es como seu endere\u00e7o IP, tipo de navegador, sistema operacional e p\u00e1ginas visitadas em nosso Site para fins anal\u00edticos.<\/li>\n<\/ul>\n<hr \/>\n<h3>2. <strong>Como usamos suas informa\u00e7\u00f5es<\/strong><\/h3>\n<p>Utilizamos as informa\u00e7\u00f5es coletadas para os seguintes prop\u00f3sitos:<\/p>\n<ol>\n<li><strong>Respondendo a perguntas<\/strong>:Para responder \u00e0s suas perguntas ou fornecer or\u00e7amentos com base em suas solicita\u00e7\u00f5es.<\/li>\n<li><strong>Melhorando Nossos Servi\u00e7os<\/strong>: Para analisar e melhorar a funcionalidade, a experi\u00eancia do usu\u00e1rio e o desempenho geral do nosso Site.<\/li>\n<li><strong>Marketing<\/strong>:Com seu consentimento expl\u00edcito, podemos enviar materiais promocionais ou atualiza\u00e7\u00f5es relacionadas aos nossos produtos e servi\u00e7os.<\/li>\n<\/ol>\n<hr \/>\n<h3>3. <strong>Compartilhando suas informa\u00e7\u00f5es<\/strong><\/h3>\n<p>N\u00e3o vendemos, comercializamos ou alugamos suas informa\u00e7\u00f5es pessoais a terceiros. No entanto, podemos compartilhar suas informa\u00e7\u00f5es nos seguintes casos:<\/p>\n<ul>\n<li><strong>Prestadores de servi\u00e7os<\/strong>:Com fornecedores terceirizados confi\u00e1veis que nos auxiliam na opera\u00e7\u00e3o do Site, desde que eles concordem em manter suas informa\u00e7\u00f5es confidenciais.<\/li>\n<li><strong>Conformidade legal<\/strong>:Quando necess\u00e1rio para cumprir leis, regulamentos ou procedimentos legais aplic\u00e1veis.<\/li>\n<\/ul>\n<hr \/>\n<h3>4. <strong>Pol\u00edtica de Cookies<\/strong><\/h3>\n<p>Os cookies nos ajudam a melhorar sua experi\u00eancia em nosso Site, lembrando suas prefer\u00eancias e rastreando como voc\u00ea usa nosso Site.<\/p>\n<ul>\n<li>Voc\u00ea pode desabilitar os cookies por meio das configura\u00e7\u00f5es do seu navegador, mas isso pode limitar certas funcionalidades do Site.<\/li>\n<\/ul>\n<hr \/>\n<h3>5. <strong>Reten\u00e7\u00e3o de dados<\/strong><\/h3>\n<p>Reteremos suas informa\u00e7\u00f5es pessoais somente pelo tempo necess\u00e1rio para cumprir os prop\u00f3sitos descritos nesta Pol\u00edtica de Privacidade, cumprir obriga\u00e7\u00f5es legais ou resolver disputas.<\/p>\n<hr \/>\n<h3>6. <strong>Seguran\u00e7a de Dados<\/strong><\/h3>\n<p>Implementamos medidas t\u00e9cnicas e organizacionais adequadas para proteger suas informa\u00e7\u00f5es pessoais contra acesso n\u00e3o autorizado, divulga\u00e7\u00e3o ou uso indevido. No entanto, nenhum sistema \u00e9 totalmente seguro e n\u00e3o podemos garantir a seguran\u00e7a absoluta das suas informa\u00e7\u00f5es.<\/p>\n<hr \/>\n<h3>7. <strong>Seus direitos<\/strong><\/h3>\n<p>Dependendo da sua jurisdi\u00e7\u00e3o, voc\u00ea pode ter o direito de:<\/p>\n<ul>\n<li>Acesse, atualize ou exclua suas informa\u00e7\u00f5es pessoais.<\/li>\n<li>Cancelar o recebimento de comunica\u00e7\u00f5es de marketing.<\/li>\n<li>Retirar o consentimento para determinadas atividades de processamento de dados.<\/li>\n<\/ul>\n<p>Para exercer esses direitos, entre em contato conosco em <strong>[<a href=\"mailto:info@rubberautoparts.com\">info@rubberautoparts.com<\/a>]<\/strong>.<\/p>\n<hr \/>\n<h3>8. <strong>Links de terceiros<\/strong><\/h3>\n<p>Nosso Site pode incluir links para sites de terceiros. N\u00e3o nos responsabilizamos pelas pr\u00e1ticas de privacidade ou pelo conte\u00fado desses sites. Revise as pol\u00edticas de privacidade deles antes de fornecer qualquer informa\u00e7\u00e3o pessoal.<\/p>\n<p>Parte das nossas postagens no blog vem de fontes de not\u00edcias RSS razo\u00e1veis, geradas pelo RSS.APP FEED. O link da fonte est\u00e1 marcado de acordo com o <a href=\"https:\/\/support.google.com\/news\/publisher-center\/answer\/9545245?sjid=8128762984613436225-AP\">requisitos do Google News RSS<\/a>. Caso tenha algum problema com direitos de uso, entre em contato conosco.<\/p>\n<hr \/>\n<h3>9. <strong>Altera\u00e7\u00f5es a esta Pol\u00edtica de Privacidade<\/strong><\/h3>\n<p>Podemos atualizar esta Pol\u00edtica de Privacidade periodicamente. As altera\u00e7\u00f5es ser\u00e3o publicadas nesta p\u00e1gina com uma &quot;Data de Vig\u00eancia&quot; atualizada. O uso cont\u00ednuo do Site constitui a aceita\u00e7\u00e3o da pol\u00edtica revisada.<\/p>\n<hr \/>\n<h3>10. <strong>Contate-nos<\/strong><\/h3>\n<p>Caso tenha alguma d\u00favida ou preocupa\u00e7\u00e3o em rela\u00e7\u00e3o a esta Pol\u00edtica de Privacidade, entre em contato conosco em:<\/p>\n<p><strong>F\u00e1brica de produtos de borracha de Hebei Guanghua<\/strong><br \/>Cidade de Tiankou, condado de Renxian, cidade de Xingtai, prov\u00edncia de Hebei, China<br \/><strong>E-mail<\/strong>: [<a href=\"mailto:info@rubberautoparts.com\">info@rubberautoparts.com<\/a>]<br \/><strong>Whatsapp<\/strong>: [<a href=\"https:\/\/wa.me\/+8615075956365\"><span class=\"elementor-icon-list-text\">+86 150 7595 6365<\/span><\/a>]<\/p>\n<!-- \/wp:paragraph -->\t\t\t\t\t\t<\/div>\n\t\t\t\t<\/div>\n\t\t\t\t\t<\/div>\n\t\t<\/div>\n\t\t\t\t\t\t\t<\/div>\n\t\t<\/section>\n\t\t\t\t\t\t\t<\/div>","protected":false},"excerpt":{"rendered":"<p>Overview This Privacy Policy explains how Hebei Guanghua Rubber Products Factory (&#8220;we,&#8221; &#8220;our,&#8221; or &#8220;us&#8221;) collects, uses, and protects the personal information provided by visitors and customers on our B2B website (www.rubberautoparts.com). By accessing or using our Site, you agree to the terms outlined in this Privacy Policy. If you do not agree with these&#8230;<\/p>","protected":false},"author":2,"featured_media":0,"parent":0,"menu_order":0,"comment_status":"closed","ping_status":"closed","template":"","meta":{"footnotes":""},"class_list":["post-16389","page","type-page","status-publish","hentry"],"aioseo_notices":[],"_links":{"self":[{"href":"https:\/\/rubberautoparts.com\/pt\/wp-json\/wp\/v2\/pages\/16389","targetHints":{"allow":["GET"]}}],"collection":[{"href":"https:\/\/rubberautoparts.com\/pt\/wp-json\/wp\/v2\/pages"}],"about":[{"href":"https:\/\/rubberautoparts.com\/pt\/wp-json\/wp\/v2\/types\/page"}],"author":[{"embeddable":true,"href":"https:\/\/rubberautoparts.com\/pt\/wp-json\/wp\/v2\/users\/2"}],"replies":[{"embeddable":true,"href":"https:\/\/rubberautoparts.com\/pt\/wp-json\/wp\/v2\/comments?post=16389"}],"version-history":[{"count":22,"href":"https:\/\/rubberautoparts.com\/pt\/wp-json\/wp\/v2\/pages\/16389\/revisions"}],"predecessor-version":[{"id":989204,"href":"https:\/\/rubberautoparts.com\/pt\/wp-json\/wp\/v2\/pages\/16389\/revisions\/989204"}],"wp:attachment":[{"href":"https:\/\/rubberautoparts.com\/pt\/wp-json\/wp\/v2\/media?parent=16389"}],"curies":[{"name":"wp","href":"https:\/\/api.w.org\/{rel}","templated":true}]}}