{"id":988732,"date":"2024-09-23T09:14:22","date_gmt":"2024-09-23T09:14:22","guid":{"rendered":"https:\/\/rubberautoparts.com\/?post_type=product&#038;p=988732"},"modified":"2025-01-29T15:12:23","modified_gmt":"2025-01-29T15:12:23","slug":"shock-absorber-boot-ghsab0005","status":"publish","type":"product","link":"https:\/\/rubberautoparts.com\/pt\/produto\/bota-amortecedora-ghsab0005\/","title":{"rendered":"Coifa do amortecedor GHSAB0005 \/ OEM: 48157-30250"},"content":{"rendered":"<div class=\"vgblk-rw-wrapper limit-wrapper\"><strong>Bota amortecedora resistente \u00e0 vibra\u00e7\u00e3o<\/strong>: Projetada para reduzir vibra\u00e7\u00e3o e ru\u00eddo, esta bota com amortecedor melhora o conforto ao dirigir e contribui para a estabilidade geral do ve\u00edculo.<\/p>\n<section class=\"elementor-section elementor-top-section elementor-element elementor-element-bff7193 elementor-section-boxed elementor-section-height-default elementor-section-height-default\" data-id=\"bff7193\" data-element_type=\"section\" data-settings=\"{&quot;background_background&quot;:&quot;classic&quot;}\">\n<div class=\"elementor-container elementor-column-gap-no\">\n<div class=\"elementor-column elementor-col-100 elementor-top-column elementor-element elementor-element-86cd526\" data-id=\"86cd526\" data-element_type=\"column\">\n<div class=\"elementor-widget-wrap elementor-element-populated\">\n<div class=\"elementor-element elementor-element-da4209c elementor-widget elementor-widget-heading animated fadeIn\" data-id=\"da4209c\" data-element_type=\"widget\" data-settings=\"{&quot;_animation&quot;:&quot;fadeIn&quot;,&quot;_animation_tablet&quot;:&quot;none&quot;,&quot;_animation_mobile&quot;:&quot;none&quot;}\" data-widget_type=\"heading.default\">\n<div class=\"elementor-widget-container\">\n<h2 class=\"elementor-heading-title elementor-size-default\">F\u00e1brica profissional de pe\u00e7as de borracha para autom\u00f3veis<\/h2>\n<\/div>\n<\/div>\n<\/div>\n<\/div>\n<\/div>\n<\/section>\n<section class=\"elementor-section elementor-top-section elementor-element elementor-element-080a80a white-link elementor-section-boxed elementor-section-height-default elementor-section-height-default\" data-id=\"080a80a\" data-element_type=\"section\" data-settings=\"{&quot;background_background&quot;:&quot;classic&quot;}\">\n<div class=\"elementor-container elementor-column-gap-no\">\n<div class=\"elementor-column elementor-col-33 elementor-top-column elementor-element elementor-element-6c16cf5\" data-id=\"6c16cf5\" data-element_type=\"column\">\n<div class=\"elementor-widget-wrap elementor-element-populated\">\n<div class=\"elementor-element elementor-element-1096d9c elementor-widget elementor-widget-text-editor animated fadeIn\" data-id=\"1096d9c\" data-element_type=\"widget\" data-settings=\"{&quot;_animation&quot;:&quot;fadeIn&quot;,&quot;_animation_tablet&quot;:&quot;none&quot;,&quot;_animation_mobile&quot;:&quot;none&quot;,&quot;_animation_delay&quot;:200}\" data-widget_type=\"text-editor.default\">\n<div class=\"elementor-widget-container\">\n<p><strong><a href=\"https:\/\/rubberautoparts.com\/pt\/\">F\u00e1brica de produtos de borracha Hebei Xingtai Renxian Guanghua (abrevia\u00e7\u00e3o de F\u00e1brica de produtos de borracha Guanghua).<\/a><\/strong>Uma f\u00e1brica profissional de pe\u00e7as de borracha automotiva fundada em 2013, especializada na produ\u00e7\u00e3o de pe\u00e7as de borracha automotiva de alta qualidade. Localizada na cidade de Tiankou, Condado de Renxian, Cidade de Xingtai, Prov\u00edncia de Hebei.<\/p>\n<p>Nossa f\u00e1brica est\u00e1 equipada com m\u00e1quinas de produ\u00e7\u00e3o avan\u00e7adas, como injetoras de borracha, vulcanizadoras e injetoras. Contamos tamb\u00e9m com uma equipe t\u00e9cnica e de produ\u00e7\u00e3o est\u00e1vel e experiente.<\/p>\n<p>Nossos principais produtos incluem\u00a0<strong><a href=\"https:\/\/rubberautoparts.com\/pt\/product-category\/CV-joint-boot\/\">Bota para junta homocin\u00e9tica<\/a>,<a href=\"https:\/\/rubberautoparts.com\/pt\/product-category\/steering-rack-boot\/\">Bota da cremalheira da dire\u00e7\u00e3o<\/a>,<a href=\"https:\/\/rubberautoparts.com\/pt\/product-category\/Shock-absorber-boot\/\">Bota amortecedora<\/a>,<a href=\"https:\/\/rubberautoparts.com\/pt\/product-category\/Stabilizer-bar-bushing\/\">Bucha da barra estabilizadora<\/a>,<a href=\"https:\/\/rubberautoparts.com\/pt\/product-category\/Valve-cover-gasket\/\">Junta da tampa da v\u00e1lvula<\/a>,<a href=\"https:\/\/rubberautoparts.com\/pt\/product-category\/O-Ring\/\">An\u00e9is de veda\u00e7\u00e3o<\/a>.<\/strong>\u00a0Al\u00e9m disso, oferecemos produtos de borracha personalizados, adaptados \u00e0s especifica\u00e7\u00f5es do cliente e fornecemos produtos prontos e servi\u00e7os OEM para o mercado global.<\/p>\n<\/div>\n<\/div>\n<\/div>\n<\/div>\n<div class=\"elementor-column elementor-col-33 elementor-top-column elementor-element elementor-element-75e1a3f elementor-hidden-phone\" data-id=\"75e1a3f\" data-element_type=\"column\">\n<div class=\"elementor-widget-wrap\"><\/div>\n<\/div>\n<div class=\"elementor-column elementor-col-33 elementor-top-column elementor-element elementor-element-d2c34b6\" data-id=\"d2c34b6\" data-element_type=\"column\">\n<div class=\"elementor-widget-wrap elementor-element-populated\">\n<div class=\"elementor-element elementor-element-326278b elementor-widget elementor-widget-text-editor animated fadeIn\" data-id=\"326278b\" data-element_type=\"widget\" data-settings=\"{&quot;_animation&quot;:&quot;fadeIn&quot;,&quot;_animation_tablet&quot;:&quot;none&quot;,&quot;_animation_mobile&quot;:&quot;none&quot;,&quot;_animation_delay&quot;:400}\" data-widget_type=\"text-editor.default\">\n<div class=\"elementor-widget-container\">\n<p>Com ampla experi\u00eancia no setor e um rigoroso sistema de controle de qualidade, nossos produtos s\u00e3o exportados para regi\u00f5es como\u00a0<strong>\u00c1m\u00e9rica do Sul<\/strong>,\u00a0<strong>\u00c1sia Ocidental<\/strong>,\u00a0<strong>Sudeste Asi\u00e1tico<\/strong>, e\u00a0<strong>\u00c1frica<\/strong>, conquistando amplo reconhecimento de nossos clientes.<\/p>\n<p>Para expandir ainda mais nossa presen\u00e7a no mercado internacional, estabelecemos\u00a0<strong>Empresa comercial Co. de Yiwu Changlu, Ltd<\/strong>. em Yiwu em 2021 como nossa filial de vendas internacional.<\/p>\n<p>Estamos comprometidos em atender \u00e0s expectativas e demandas de nossos clientes entregando produtos e servi\u00e7os com garantia de qualidade.<\/p>\n<\/div>\n<\/div>\n<\/div>\n<\/div>\n<\/div>\n<\/section>\n<\/div>\n<p><!-- .vgblk-rw-wrapper --><\/p>","protected":false},"excerpt":{"rendered":"<p>Vibration-Resistant Shock Absorber Boot: Engineered to reduce vibration and noise, this shock absorber boot enhances ride comfort and contributes to overall vehicle stability. Professional Auto Rubber Parts Factory Hebei Xingtai Renxian Guanghua Rubber Products Factory(short for Guanghua Rubber Products Factory).A Professional Auto Rubber Parts Factory established in 2013, specializes in producing high-quality automotive rubber parts&#8230;.<\/p>","protected":false},"featured_media":989344,"template":"","meta":[],"product_brand":[],"product_cat":[62],"product_tag":[75],"class_list":{"0":"post-988732","1":"product","2":"type-product","3":"status-publish","4":"has-post-thumbnail","6":"product_cat-shock-absorber-boot","7":"product_tag-toyota","9":"first","10":"instock","11":"shipping-taxable","12":"purchasable","13":"product-type-simple"},"aioseo_notices":[],"_links":{"self":[{"href":"https:\/\/rubberautoparts.com\/pt\/wp-json\/wp\/v2\/product\/988732","targetHints":{"allow":["GET"]}}],"collection":[{"href":"https:\/\/rubberautoparts.com\/pt\/wp-json\/wp\/v2\/product"}],"about":[{"href":"https:\/\/rubberautoparts.com\/pt\/wp-json\/wp\/v2\/types\/product"}],"wp:featuredmedia":[{"embeddable":true,"href":"https:\/\/rubberautoparts.com\/pt\/wp-json\/wp\/v2\/media\/989344"}],"wp:attachment":[{"href":"https:\/\/rubberautoparts.com\/pt\/wp-json\/wp\/v2\/media?parent=988732"}],"wp:term":[{"taxonomy":"product_brand","embeddable":true,"href":"https:\/\/rubberautoparts.com\/pt\/wp-json\/wp\/v2\/product_brand?post=988732"},{"taxonomy":"product_cat","embeddable":true,"href":"https:\/\/rubberautoparts.com\/pt\/wp-json\/wp\/v2\/product_cat?post=988732"},{"taxonomy":"product_tag","embeddable":true,"href":"https:\/\/rubberautoparts.com\/pt\/wp-json\/wp\/v2\/product_tag?post=988732"}],"curies":[{"name":"wp","href":"https:\/\/api.w.org\/{rel}","templated":true}]}}