{"id":988748,"date":"2024-09-23T11:06:37","date_gmt":"2024-09-23T11:06:37","guid":{"rendered":"https:\/\/rubberautoparts.com\/?post_type=product&#038;p=988748"},"modified":"2025-02-13T13:09:40","modified_gmt":"2025-02-13T13:09:40","slug":"steering-rack-boot-ghsrb0009","status":"publish","type":"product","link":"https:\/\/rubberautoparts.com\/pt\/produto\/coifa-da-cremalheira-de-direcao-ghsrb0009\/","title":{"rendered":"Coifa da cremalheira de dire\u00e7\u00e3o GHSRB0009 \/ OEM: 45535-12100\/45535-24030\/45535-14070"},"content":{"rendered":"<div class=\"vgblk-rw-wrapper limit-wrapper\"><strong>Bota de cremalheira de dire\u00e7\u00e3o com absor\u00e7\u00e3o de choque<\/strong>: Projetada para absorver choques e vibra\u00e7\u00f5es, esta bota melhora a sensa\u00e7\u00e3o e o desempenho da dire\u00e7\u00e3o, contribuindo para uma melhor experi\u00eancia geral de dire\u00e7\u00e3o.<\/div>\n<p><!-- .vgblk-rw-wrapper --><\/p>","protected":false},"excerpt":{"rendered":"<p>Coifa de cremalheira de dire\u00e7\u00e3o com absor\u00e7\u00e3o de choque: projetada para absorver choques e vibra\u00e7\u00f5es, esta coifa melhora a sensa\u00e7\u00e3o e o desempenho da dire\u00e7\u00e3o, contribuindo para uma melhor experi\u00eancia geral de dire\u00e7\u00e3o.<\/p>","protected":false},"featured_media":989002,"template":"","meta":[],"product_brand":[],"product_cat":[61],"product_tag":[82,81,75],"class_list":{"0":"post-988748","1":"product","2":"type-product","3":"status-publish","4":"has-post-thumbnail","6":"product_cat-steering-rack-boot","7":"product_tag-general-motors","8":"product_tag-lexus","9":"product_tag-toyota","11":"first","12":"instock","13":"shipping-taxable","14":"purchasable","15":"product-type-simple"},"aioseo_notices":[],"_links":{"self":[{"href":"https:\/\/rubberautoparts.com\/pt\/wp-json\/wp\/v2\/product\/988748","targetHints":{"allow":["GET"]}}],"collection":[{"href":"https:\/\/rubberautoparts.com\/pt\/wp-json\/wp\/v2\/product"}],"about":[{"href":"https:\/\/rubberautoparts.com\/pt\/wp-json\/wp\/v2\/types\/product"}],"wp:featuredmedia":[{"embeddable":true,"href":"https:\/\/rubberautoparts.com\/pt\/wp-json\/wp\/v2\/media\/989002"}],"wp:attachment":[{"href":"https:\/\/rubberautoparts.com\/pt\/wp-json\/wp\/v2\/media?parent=988748"}],"wp:term":[{"taxonomy":"product_brand","embeddable":true,"href":"https:\/\/rubberautoparts.com\/pt\/wp-json\/wp\/v2\/product_brand?post=988748"},{"taxonomy":"product_cat","embeddable":true,"href":"https:\/\/rubberautoparts.com\/pt\/wp-json\/wp\/v2\/product_cat?post=988748"},{"taxonomy":"product_tag","embeddable":true,"href":"https:\/\/rubberautoparts.com\/pt\/wp-json\/wp\/v2\/product_tag?post=988748"}],"curies":[{"name":"wp","href":"https:\/\/api.w.org\/{rel}","templated":true}]}}