{"id":988752,"date":"2024-09-23T11:06:41","date_gmt":"2024-09-23T11:06:41","guid":{"rendered":"https:\/\/rubberautoparts.com\/?post_type=product&#038;p=988752"},"modified":"2025-01-27T04:00:27","modified_gmt":"2025-01-27T04:00:27","slug":"steering-rack-boot-ghsrb0013","status":"publish","type":"product","link":"https:\/\/rubberautoparts.com\/pt\/produto\/coifa-da-cremalheira-de-direcao-ghsrb0013\/","title":{"rendered":"Coifa da cremalheira de dire\u00e7\u00e3o GHSRB0013 \/ OEM: 48203-4M525"},"content":{"rendered":"<div class=\"vgblk-rw-wrapper limit-wrapper\"><strong>Capa de reposi\u00e7\u00e3o OEM para cremalheira de dire\u00e7\u00e3o<\/strong>: Esta capa de cremalheira de dire\u00e7\u00e3o de alta qualidade serve como substitui\u00e7\u00e3o direta da pe\u00e7a original do seu ve\u00edculo, proporcionando um ajuste perfeito e desempenho confi\u00e1vel.<\/div>\n<p><!-- .vgblk-rw-wrapper --><\/p>","protected":false},"excerpt":{"rendered":"<p>Coifa de cremalheira de dire\u00e7\u00e3o de substitui\u00e7\u00e3o OEM: esta coifa de cremalheira de dire\u00e7\u00e3o de alta qualidade serve como uma substitui\u00e7\u00e3o direta para a pe\u00e7a original do seu ve\u00edculo, proporcionando um ajuste perfeito e desempenho confi\u00e1vel.<\/p>","protected":false},"featured_media":988690,"template":"","meta":[],"product_brand":[],"product_cat":[61],"product_tag":[79],"class_list":{"0":"post-988752","1":"product","2":"type-product","3":"status-publish","4":"has-post-thumbnail","6":"product_cat-steering-rack-boot","7":"product_tag-nissan","9":"first","10":"instock","11":"shipping-taxable","12":"purchasable","13":"product-type-simple"},"aioseo_notices":[],"_links":{"self":[{"href":"https:\/\/rubberautoparts.com\/pt\/wp-json\/wp\/v2\/product\/988752","targetHints":{"allow":["GET"]}}],"collection":[{"href":"https:\/\/rubberautoparts.com\/pt\/wp-json\/wp\/v2\/product"}],"about":[{"href":"https:\/\/rubberautoparts.com\/pt\/wp-json\/wp\/v2\/types\/product"}],"wp:featuredmedia":[{"embeddable":true,"href":"https:\/\/rubberautoparts.com\/pt\/wp-json\/wp\/v2\/media\/988690"}],"wp:attachment":[{"href":"https:\/\/rubberautoparts.com\/pt\/wp-json\/wp\/v2\/media?parent=988752"}],"wp:term":[{"taxonomy":"product_brand","embeddable":true,"href":"https:\/\/rubberautoparts.com\/pt\/wp-json\/wp\/v2\/product_brand?post=988752"},{"taxonomy":"product_cat","embeddable":true,"href":"https:\/\/rubberautoparts.com\/pt\/wp-json\/wp\/v2\/product_cat?post=988752"},{"taxonomy":"product_tag","embeddable":true,"href":"https:\/\/rubberautoparts.com\/pt\/wp-json\/wp\/v2\/product_tag?post=988752"}],"curies":[{"name":"wp","href":"https:\/\/api.w.org\/{rel}","templated":true}]}}