{"id":988753,"date":"2024-09-23T11:06:41","date_gmt":"2024-09-23T11:06:41","guid":{"rendered":"https:\/\/rubberautoparts.com\/?post_type=product&#038;p=988753"},"modified":"2025-01-27T04:00:44","modified_gmt":"2025-01-27T04:00:44","slug":"steering-rack-boot-ghsrb0014","status":"publish","type":"product","link":"https:\/\/rubberautoparts.com\/pt\/produto\/coifa-da-cremalheira-de-direcao-ghsrb0014\/","title":{"rendered":"Coifa da cremalheira de dire\u00e7\u00e3o GHSRB0014\/OEM:45535-B2010"},"content":{"rendered":"<div class=\"vgblk-rw-wrapper limit-wrapper\"><strong>Bota de cremalheira de dire\u00e7\u00e3o flex\u00edvel<\/strong>:Feita de materiais flex\u00edveis, esta bota acomoda movimentos de dire\u00e7\u00e3o ao mesmo tempo em que cria uma veda\u00e7\u00e3o firme contra contaminantes.<\/div>\n<p><!-- .vgblk-rw-wrapper --><\/p>","protected":false},"excerpt":{"rendered":"<p>Coifa de cremalheira de dire\u00e7\u00e3o flex\u00edvel: feita de materiais flex\u00edveis, esta coifa acomoda os movimentos de dire\u00e7\u00e3o ao mesmo tempo em que cria uma veda\u00e7\u00e3o firme contra contaminantes.<\/p>","protected":false},"featured_media":988692,"template":"","meta":[],"product_brand":[],"product_cat":[61],"product_tag":[80],"class_list":{"0":"post-988753","1":"product","2":"type-product","3":"status-publish","4":"has-post-thumbnail","6":"product_cat-steering-rack-boot","7":"product_tag-daihatsu","9":"first","10":"instock","11":"shipping-taxable","12":"purchasable","13":"product-type-simple"},"aioseo_notices":[],"_links":{"self":[{"href":"https:\/\/rubberautoparts.com\/pt\/wp-json\/wp\/v2\/product\/988753","targetHints":{"allow":["GET"]}}],"collection":[{"href":"https:\/\/rubberautoparts.com\/pt\/wp-json\/wp\/v2\/product"}],"about":[{"href":"https:\/\/rubberautoparts.com\/pt\/wp-json\/wp\/v2\/types\/product"}],"wp:featuredmedia":[{"embeddable":true,"href":"https:\/\/rubberautoparts.com\/pt\/wp-json\/wp\/v2\/media\/988692"}],"wp:attachment":[{"href":"https:\/\/rubberautoparts.com\/pt\/wp-json\/wp\/v2\/media?parent=988753"}],"wp:term":[{"taxonomy":"product_brand","embeddable":true,"href":"https:\/\/rubberautoparts.com\/pt\/wp-json\/wp\/v2\/product_brand?post=988753"},{"taxonomy":"product_cat","embeddable":true,"href":"https:\/\/rubberautoparts.com\/pt\/wp-json\/wp\/v2\/product_cat?post=988753"},{"taxonomy":"product_tag","embeddable":true,"href":"https:\/\/rubberautoparts.com\/pt\/wp-json\/wp\/v2\/product_tag?post=988753"}],"curies":[{"name":"wp","href":"https:\/\/api.w.org\/{rel}","templated":true}]}}