{"id":988754,"date":"2024-09-23T11:06:42","date_gmt":"2024-09-23T11:06:42","guid":{"rendered":"https:\/\/rubberautoparts.com\/?post_type=product&#038;p=988754"},"modified":"2025-01-27T03:59:56","modified_gmt":"2025-01-27T03:59:56","slug":"steering-rack-boot-ghsrb0015","status":"publish","type":"product","link":"https:\/\/rubberautoparts.com\/pt\/produto\/coifa-da-cremalheira-de-direcao-ghsrb0015\/","title":{"rendered":"Coifa da cremalheira de dire\u00e7\u00e3o GHSRB0015 \/ OEM: 57740-1H000"},"content":{"rendered":"<div class=\"vgblk-rw-wrapper limit-wrapper\"><strong>Bota de cremalheira de dire\u00e7\u00e3o dur\u00e1vel<\/strong>:Projetado para proteger sua cremalheira de dire\u00e7\u00e3o contra sujeira, umidade e detritos, garantindo um desempenho de dire\u00e7\u00e3o suave e longevidade.<\/div>\n<p><!-- .vgblk-rw-wrapper --><\/p>","protected":false},"excerpt":{"rendered":"<p>Capa de cremalheira de dire\u00e7\u00e3o dur\u00e1vel: projetada para proteger sua cremalheira de dire\u00e7\u00e3o contra sujeira, umidade e detritos, garantindo um desempenho de dire\u00e7\u00e3o suave e longevidade.<\/p>","protected":false},"featured_media":988694,"template":"","meta":[],"product_brand":[],"product_cat":[61],"product_tag":[78],"class_list":{"0":"post-988754","1":"product","2":"type-product","3":"status-publish","4":"has-post-thumbnail","6":"product_cat-steering-rack-boot","7":"product_tag-hyundai-kia","9":"first","10":"instock","11":"shipping-taxable","12":"purchasable","13":"product-type-simple"},"aioseo_notices":[],"_links":{"self":[{"href":"https:\/\/rubberautoparts.com\/pt\/wp-json\/wp\/v2\/product\/988754","targetHints":{"allow":["GET"]}}],"collection":[{"href":"https:\/\/rubberautoparts.com\/pt\/wp-json\/wp\/v2\/product"}],"about":[{"href":"https:\/\/rubberautoparts.com\/pt\/wp-json\/wp\/v2\/types\/product"}],"wp:featuredmedia":[{"embeddable":true,"href":"https:\/\/rubberautoparts.com\/pt\/wp-json\/wp\/v2\/media\/988694"}],"wp:attachment":[{"href":"https:\/\/rubberautoparts.com\/pt\/wp-json\/wp\/v2\/media?parent=988754"}],"wp:term":[{"taxonomy":"product_brand","embeddable":true,"href":"https:\/\/rubberautoparts.com\/pt\/wp-json\/wp\/v2\/product_brand?post=988754"},{"taxonomy":"product_cat","embeddable":true,"href":"https:\/\/rubberautoparts.com\/pt\/wp-json\/wp\/v2\/product_cat?post=988754"},{"taxonomy":"product_tag","embeddable":true,"href":"https:\/\/rubberautoparts.com\/pt\/wp-json\/wp\/v2\/product_tag?post=988754"}],"curies":[{"name":"wp","href":"https:\/\/api.w.org\/{rel}","templated":true}]}}