{"id":989003,"date":"2024-10-31T00:59:58","date_gmt":"2024-10-31T00:59:58","guid":{"rendered":"https:\/\/rubberautoparts.com\/?post_type=product&#038;p=989003"},"modified":"2025-02-28T10:08:21","modified_gmt":"2025-02-28T10:08:21","slug":"cv-joint-boot-ghcvjb000-oem-43448-06120","status":"publish","type":"product","link":"https:\/\/rubberautoparts.com\/pt\/produto\/coifa-de-junta-homocinetica-ghcvjb000-oem-43448-06120\/","title":{"rendered":"Coifa de junta homocin\u00e9tica GHCVJB0003 \/ OEM: 43448-06120\/43448-06350\/04438-42090\/YB02-1033"},"content":{"rendered":"<div class=\"vgblk-rw-wrapper limit-wrapper\"><strong>Bota de prote\u00e7\u00e3o de junta homocin\u00e9tica de engenharia de precis\u00e3o<\/strong><\/p>\n<p>&nbsp;<\/p>\n<p>Nosso <a href=\"https:\/\/rubberautoparts.com\/pt\/product-category\/CV-joint-boot\/\">Botas para juntas homocin\u00e9ticas<\/a> s\u00e3o projetados com precis\u00e3o para proporcionar um ajuste perfeito e m\u00e1xima prote\u00e7\u00e3o para suas juntas homocin\u00e9ticas. Na F\u00e1brica de Produtos de Borracha Guanghua, priorizamos qualidade e confiabilidade, garantindo que nossos produtos aumentem a vida \u00fatil e a experi\u00eancia de dire\u00e7\u00e3o do seu ve\u00edculo.<\/p>\n<p>Projetada para proteger as juntas homocin\u00e9ticas contra sujeira e desgaste, esta bota ajuda a manter o desempenho ideal do ve\u00edculo.<\/p><\/div>\n<p><!-- .vgblk-rw-wrapper --><\/p>","protected":false},"excerpt":{"rendered":"<p>Precision Engineered Protection CV joint Boot &nbsp; Our CV joint boots are precisely engineered to provide a perfect fit and maximum protection for your CV joints. At Guanghua Rubber Products Factory, we prioritize quality and reliability, ensuring that our products enhance your vehicle&#8217;s lifespan and driving experience. Engineered to safeguard CV joints from dirt and&#8230;<\/p>","protected":false},"featured_media":989395,"template":"","meta":[],"product_brand":[],"product_cat":[63],"product_tag":[75],"class_list":{"0":"post-989003","1":"product","2":"type-product","3":"status-publish","4":"has-post-thumbnail","6":"product_cat-cv-joint-boot","7":"product_tag-toyota","9":"first","10":"instock","11":"shipping-taxable","12":"purchasable","13":"product-type-simple"},"aioseo_notices":[],"_links":{"self":[{"href":"https:\/\/rubberautoparts.com\/pt\/wp-json\/wp\/v2\/product\/989003","targetHints":{"allow":["GET"]}}],"collection":[{"href":"https:\/\/rubberautoparts.com\/pt\/wp-json\/wp\/v2\/product"}],"about":[{"href":"https:\/\/rubberautoparts.com\/pt\/wp-json\/wp\/v2\/types\/product"}],"wp:featuredmedia":[{"embeddable":true,"href":"https:\/\/rubberautoparts.com\/pt\/wp-json\/wp\/v2\/media\/989395"}],"wp:attachment":[{"href":"https:\/\/rubberautoparts.com\/pt\/wp-json\/wp\/v2\/media?parent=989003"}],"wp:term":[{"taxonomy":"product_brand","embeddable":true,"href":"https:\/\/rubberautoparts.com\/pt\/wp-json\/wp\/v2\/product_brand?post=989003"},{"taxonomy":"product_cat","embeddable":true,"href":"https:\/\/rubberautoparts.com\/pt\/wp-json\/wp\/v2\/product_cat?post=989003"},{"taxonomy":"product_tag","embeddable":true,"href":"https:\/\/rubberautoparts.com\/pt\/wp-json\/wp\/v2\/product_tag?post=989003"}],"curies":[{"name":"wp","href":"https:\/\/api.w.org\/{rel}","templated":true}]}}