{"id":989070,"date":"2024-11-17T14:30:35","date_gmt":"2024-11-17T14:30:35","guid":{"rendered":"https:\/\/rubberautoparts.com\/?post_type=product&#038;p=989070"},"modified":"2025-01-27T03:17:25","modified_gmt":"2025-01-27T03:17:25","slug":"cv-joint-boot-ghcvjb0004-oem-43447-06120","status":"publish","type":"product","link":"https:\/\/rubberautoparts.com\/pt\/produto\/coifa-de-junta-homocinetica-ghcvjb0004-oem-43447-06120\/","title":{"rendered":"Coifa de junta homocin\u00e9tica GHCVJB0004 \/ OEM: 43447-06120"},"content":{"rendered":"<div class=\"vgblk-rw-wrapper limit-wrapper\"><strong>Bota dur\u00e1vel para junta homocin\u00e9tica<\/strong><\/p>\n<p>Proteja as juntas homocin\u00e9ticas do seu ve\u00edculo com a alta qualidade da Guanghua Rubber Products Factory <a href=\"https:\/\/rubberautoparts.com\/pt\/product-category\/CV-joint-boot\/\">Bota para junta homocin\u00e9tica<\/a>. Feita de borracha premium, nossa bota oferece durabilidade superior e prote\u00e7\u00e3o contra sujeira, \u00e1gua e detritos, garantindo desempenho ideal para sua transmiss\u00e3o.<\/p>\n<p>Projetada para proteger as juntas homocin\u00e9ticas contra sujeira e desgaste, esta bota ajuda a manter o desempenho ideal do ve\u00edculo.<\/p><\/div>\n<p><!-- .vgblk-rw-wrapper --><\/p>","protected":false},"excerpt":{"rendered":"<p>Durable CV Joint Boot Protect your vehicle&#8217;s CV joints with Guanghua Rubber Products Factory&#8217;s high-quality CV joint boot. Crafted from premium rubber, our boot provides superior durability and shield against dirt, water, and debris, ensuring optimal performance for your drivetrain. Engineered to safeguard CV joints from dirt and wear, this boot helps maintain optimal vehicle&#8230;<\/p>","protected":false},"featured_media":989072,"template":"","meta":[],"product_brand":[],"product_cat":[63],"product_tag":[75],"class_list":{"0":"post-989070","1":"product","2":"type-product","3":"status-publish","4":"has-post-thumbnail","6":"product_cat-cv-joint-boot","7":"product_tag-toyota","9":"first","10":"instock","11":"shipping-taxable","12":"purchasable","13":"product-type-simple"},"aioseo_notices":[],"_links":{"self":[{"href":"https:\/\/rubberautoparts.com\/pt\/wp-json\/wp\/v2\/product\/989070","targetHints":{"allow":["GET"]}}],"collection":[{"href":"https:\/\/rubberautoparts.com\/pt\/wp-json\/wp\/v2\/product"}],"about":[{"href":"https:\/\/rubberautoparts.com\/pt\/wp-json\/wp\/v2\/types\/product"}],"wp:featuredmedia":[{"embeddable":true,"href":"https:\/\/rubberautoparts.com\/pt\/wp-json\/wp\/v2\/media\/989072"}],"wp:attachment":[{"href":"https:\/\/rubberautoparts.com\/pt\/wp-json\/wp\/v2\/media?parent=989070"}],"wp:term":[{"taxonomy":"product_brand","embeddable":true,"href":"https:\/\/rubberautoparts.com\/pt\/wp-json\/wp\/v2\/product_brand?post=989070"},{"taxonomy":"product_cat","embeddable":true,"href":"https:\/\/rubberautoparts.com\/pt\/wp-json\/wp\/v2\/product_cat?post=989070"},{"taxonomy":"product_tag","embeddable":true,"href":"https:\/\/rubberautoparts.com\/pt\/wp-json\/wp\/v2\/product_tag?post=989070"}],"curies":[{"name":"wp","href":"https:\/\/api.w.org\/{rel}","templated":true}]}}