{"id":989331,"date":"2025-01-27T12:52:33","date_gmt":"2025-01-27T12:52:33","guid":{"rendered":"https:\/\/rubberautoparts.com\/?post_type=product&#038;p=989331"},"modified":"2025-05-06T09:25:12","modified_gmt":"2025-05-06T09:25:12","slug":"toyota-cv-joint-boot-ghcvjb0005-oem-43448","status":"publish","type":"product","link":"https:\/\/rubberautoparts.com\/pt\/produto\/coifa-da-junta-homocinetica-toyota-ghcvjb0005-oem-43448\/","title":{"rendered":"Coifa da junta homocin\u00e9tica Toyota GHCVJB0005\/Coifa homocin\u00e9tica OEM: 43448-OK020\/43448-OK010\/43448-OK0B0\/04437-OK022"},"content":{"rendered":"<div class=\"vgblk-rw-wrapper limit-wrapper\"><strong>Bota para junta homocin\u00e9tica Toyota \u2013 Prote\u00e7\u00e3o premium para desempenho ideal do sistema de transmiss\u00e3o<\/strong><\/p>\n<p>Garanta uma transfer\u00eancia de pot\u00eancia perfeita e uma vida \u00fatil prolongada da junta homocin\u00e9tica com nosso\u00a0<a href=\"https:\/\/rubberautoparts.com\/pt\/toyota\/\"><strong>Bota de junta homocin\u00e9tica Toyota<\/strong><\/a>, projetado com precis\u00e3o por\u00a0<strong>F\u00e1brica de produtos de borracha de Guangzhou<\/strong>. Projetada para modelos Toyota, incluindo Corolla, Camry, RAV4 e Hilux, esta bota \u00e9 feita de materiais avan\u00e7ados\u00a0<strong>borracha termopl\u00e1stica (TPR)<\/strong>\u00a0Oferecendo resist\u00eancia incompar\u00e1vel contra rachaduras, abras\u00e3o e temperaturas extremas (-40 \u00b0C a 120 \u00b0C). Suas nervuras refor\u00e7adas e veda\u00e7\u00e3o \u00e0 prova de vazamentos evitam o vazamento de graxa, al\u00e9m de bloquear sujeira, umidade e detritos, garantindo uma opera\u00e7\u00e3o suave e silenciosa, mesmo em condi\u00e7\u00f5es adversas de dire\u00e7\u00e3o.<\/p>\n<p><strong>Principais vantagens:<\/strong><\/p>\n<ul>\n<li><strong>Design compat\u00edvel com OEM<\/strong>: Moldado com precis\u00e3o para encaixe perfeito nas juntas homocin\u00e9ticas da Toyota.<\/li>\n<li><strong>Material TPR dur\u00e1vel<\/strong>: Resiste \u00e0 exposi\u00e7\u00e3o aos raios UV, a produtos qu\u00edmicos e \u00e0 corros\u00e3o causada pelo sal da estrada.<\/li>\n<li><strong>Confiabilidade em todas as condi\u00e7\u00f5es clim\u00e1ticas<\/strong>: Mant\u00e9m a flexibilidade no frio congelante ou no calor escaldante.<\/li>\n<li><strong>Controle de Qualidade Rigoroso<\/strong>: : 100% testado quanto \u00e0 precis\u00e3o dimensional e integridade do material.<\/li>\n<\/ul>\n<hr \/>\n<p><strong>Sobre a F\u00e1brica de Produtos de Borracha Guangzhou<\/strong><br \/>\nFundada em 2013 na cidade de Tiankou, Condado de Renxian (Cidade de Xingtai, Prov\u00edncia de Hebei), somos um fabricante confi\u00e1vel de componentes de borracha automotiva. Equipados com\u00a0<strong>linhas de produ\u00e7\u00e3o avan\u00e7adas<\/strong>\u2014incluindo moldagem por inje\u00e7\u00e3o de borracha, sistemas de vulcaniza\u00e7\u00e3o e moldes usinados em CNC \u2014 combinamos tecnologia e experi\u00eancia para atender aos padr\u00f5es globais de desempenho e durabilidade.<\/p>\n<p><strong>Por que fazer parceria conosco?<\/strong><\/p>\n<ul>\n<li><strong>Especializa\u00e7\u00e3o principal<\/strong>: Especializada em coifas para juntas homocin\u00e9ticas, coifas para cremalheiras de dire\u00e7\u00e3o, buchas estabilizadoras e solu\u00e7\u00f5es personalizadas de borracha automotiva.<\/li>\n<li><strong>Valida\u00e7\u00e3o Global<\/strong>: Produtos exportados para a Am\u00e9rica do Sul, Sudeste Asi\u00e1tico, \u00c1frica e outros lugares, confi\u00e1veis por sua confiabilidade.<\/li>\n<li><strong>Controle de ponta a ponta<\/strong>: Da obten\u00e7\u00e3o da mat\u00e9ria-prima at\u00e9 a inspe\u00e7\u00e3o final, garantindo qualidade consistente.<\/li>\n<li><strong>Solu\u00e7\u00f5es Personalizadas<\/strong>: Servi\u00e7os OEM e designs personalizados para atender aos requisitos espec\u00edficos do ve\u00edculo.<\/li>\n<\/ul>\n<p><strong>Garantia de qualidade sem compromisso<\/strong><br \/>\nEnquanto priorizamos\u00a0<strong>alto custo-benef\u00edcio em rela\u00e7\u00e3o \u00e0s garantias formais<\/strong>, cada coifa de junta homocin\u00e9tica passa por verifica\u00e7\u00f5es rigorosas:<\/p>\n<ol start=\"1\">\n<li><strong>Teste de materiais<\/strong>: Dureza TPR, resist\u00eancia \u00e0 tra\u00e7\u00e3o e taxa de alongamento verificadas.<\/li>\n<li><strong>Valida\u00e7\u00e3o de Desempenho<\/strong>: Simula\u00e7\u00e3o de testes de rota\u00e7\u00e3o de alta velocidade e ciclo de temperatura.<\/li>\n<li><strong>Garantia de montagem<\/strong>:Testado em bancada contra <a href=\"https:\/\/rubberautoparts.com\/pt\/investigacao\/\">Fabricante de equipamento original (OEM)<\/a> Especifica\u00e7\u00f5es da junta homocin\u00e9tica da Toyota.<\/li>\n<\/ol>\n<hr \/>\n<p><strong>Alcance global, suporte local<\/strong><br \/>\nPor meio de nossa divis\u00e3o internacional,\u00a0<strong>Empresa comercial Co. de Yiwu Changlu, Ltd.<\/strong>\u00a0(fundada em 2021), oferecemos log\u00edstica eficiente, pre\u00e7os competitivos e servi\u00e7o \u00e1gil para clientes globais.<\/p>\n<hr \/>\n<p><strong>Dirija com confian\u00e7a. Confie na Guangzhou Precision.<\/strong><\/div>\n<p><!-- .vgblk-rw-wrapper --><\/p>","protected":false},"excerpt":{"rendered":"<p>Toyota CV Joint Boot \u2013 Premium Protection for Optimal Drivetrain Performance Ensure seamless power transfer and extended CV joint lifespan with our\u00a0Toyota CV Joint Boot, precision-engineered by\u00a0Guanghua Rubber Products Factory. Designed for Toyota models including Corolla, Camry, RAV4, and Hilux, this boot is crafted from advanced\u00a0thermoplastic rubber (TPR)\u00a0to deliver unmatched resistance against cracks, abrasion, and&#8230;<\/p>","protected":false},"featured_media":989332,"template":"","meta":[],"product_brand":[],"product_cat":[63],"product_tag":[75],"class_list":{"0":"post-989331","1":"product","2":"type-product","3":"status-publish","4":"has-post-thumbnail","6":"product_cat-cv-joint-boot","7":"product_tag-toyota","9":"first","10":"instock","11":"shipping-taxable","12":"purchasable","13":"product-type-simple"},"aioseo_notices":[],"_links":{"self":[{"href":"https:\/\/rubberautoparts.com\/pt\/wp-json\/wp\/v2\/product\/989331","targetHints":{"allow":["GET"]}}],"collection":[{"href":"https:\/\/rubberautoparts.com\/pt\/wp-json\/wp\/v2\/product"}],"about":[{"href":"https:\/\/rubberautoparts.com\/pt\/wp-json\/wp\/v2\/types\/product"}],"wp:featuredmedia":[{"embeddable":true,"href":"https:\/\/rubberautoparts.com\/pt\/wp-json\/wp\/v2\/media\/989332"}],"wp:attachment":[{"href":"https:\/\/rubberautoparts.com\/pt\/wp-json\/wp\/v2\/media?parent=989331"}],"wp:term":[{"taxonomy":"product_brand","embeddable":true,"href":"https:\/\/rubberautoparts.com\/pt\/wp-json\/wp\/v2\/product_brand?post=989331"},{"taxonomy":"product_cat","embeddable":true,"href":"https:\/\/rubberautoparts.com\/pt\/wp-json\/wp\/v2\/product_cat?post=989331"},{"taxonomy":"product_tag","embeddable":true,"href":"https:\/\/rubberautoparts.com\/pt\/wp-json\/wp\/v2\/product_tag?post=989331"}],"curies":[{"name":"wp","href":"https:\/\/api.w.org\/{rel}","templated":true}]}}