{"id":989364,"date":"2025-02-09T13:09:41","date_gmt":"2025-02-09T13:09:41","guid":{"rendered":"https:\/\/rubberautoparts.com\/?post_type=product&#038;p=989364"},"modified":"2025-03-29T07:36:21","modified_gmt":"2025-03-29T07:36:21","slug":"valve-cover-gasket-ghvcg0005-oem-md-050312","status":"publish","type":"product","link":"https:\/\/rubberautoparts.com\/pt\/produto\/junta-da-tampa-de-valvula-ghvcg0005-oem-md-050312\/","title":{"rendered":"JUNTA DA TAMPA DE V\u00c1LVULA GHVCG0005 \/ OEM: MD 050312"},"content":{"rendered":"<div class=\"vgblk-rw-wrapper limit-wrapper\"><strong>Caracter\u00edsticas do produto:<\/strong><\/p>\n<p>A Junta de Tampa de V\u00e1lvula de alto desempenho produzida pela F\u00e1brica de Produtos de Borracha Guanghua foi projetada especificamente para atender aos rigorosos requisitos de diversas marcas automotivas, oferecendo desempenho de veda\u00e7\u00e3o e durabilidade excepcionais. Feita com materiais de borracha premium, ela previne eficazmente vazamentos de \u00f3leo e garante que o motor opere suavemente em condi\u00e7\u00f5es de alta temperatura e press\u00e3o.<\/p>\n<p><strong>Modelos compat\u00edveis:<\/strong><\/p>\n<p>Esta junta da tampa da v\u00e1lvula \u00e9 amplamente compat\u00edvel com v\u00e1rios ve\u00edculos de <a href=\"https:\/\/rubberautoparts.com\/pt\/product-tag\/toyota\/\">Toyota<\/a>, Kia, Daewoo, Chevrolet, Ford e muito mais, adaptando-se perfeitamente a v\u00e1rios modelos de motores.<\/p>\n<p><strong>Vantagens do produto:<\/strong><\/p>\n<ol>\n<li><strong>Alta capacidade de veda\u00e7\u00e3o:<\/strong>\u00a0O design otimizado garante uma veda\u00e7\u00e3o segura entre a tampa da v\u00e1lvula e o motor, evitando vazamento de \u00f3leo.<\/li>\n<li><strong>Resistente ao calor e \u00e0 corros\u00e3o:<\/strong>\u00a0Materiais de alta qualidade garantem que a junta mantenha durabilidade e confiabilidade em ambientes corrosivos e de alta temperatura.<\/li>\n<li><strong>F\u00e1cil instala\u00e7\u00e3o:<\/strong>\u00a0Projetado cuidadosamente para encaixe preciso, permitindo instala\u00e7\u00e3o f\u00e1cil e r\u00e1pida, economizando tempo de reparo.<\/li>\n<li><strong>Materiais ecol\u00f3gicos:<\/strong>\u00a0Todos os materiais atendem aos padr\u00f5es ambientais, o que os torna seguros para o meio ambiente.<\/li>\n<\/ol>\n<p><strong>Aplica\u00e7\u00f5es:<\/strong><\/p>\n<p>Esta junta da tampa de v\u00e1lvula \u00e9 amplamente utilizada em reparos, manuten\u00e7\u00e3o e atualiza\u00e7\u00f5es automotivas, adequada para v\u00e1rios sed\u00e3s, SUVs e ve\u00edculos comerciais, ajudando os usu\u00e1rios a melhorar o desempenho geral do ve\u00edculo.<\/p>\n<p><strong>Armazenamento e Manuten\u00e7\u00e3o:<\/strong><\/p>\n<p>Recomenda-se armazenar a junta da tampa de v\u00e1lvulas em local seco e fresco, evitando exposi\u00e7\u00e3o direta ao sol ou altas temperaturas para manter seu \u00f3timo desempenho.<\/p>\n<p>Escolha a junta da tampa de v\u00e1lvula de alto desempenho da Guangzhou Rubber Products Factory para garantir que seu ve\u00edculo funcione sem problemas e proporcione uma experi\u00eancia de dire\u00e7\u00e3o mais segura e confort\u00e1vel.<\/p><\/div>\n<p><!-- .vgblk-rw-wrapper --><\/p>","protected":false},"excerpt":{"rendered":"<p>Product Features: The high-performance Valve Cover Gasket produced by Guanghua Rubber Products Factory is specifically designed to meet the stringent requirements of various automotive brands, offering exceptional sealing performance and durability. Made from premium rubber materials, it effectively prevents oil leaks and ensures the engine operates smoothly under high temperature and pressure conditions. Compatible Models:&#8230;<\/p>","protected":false},"featured_media":989366,"template":"","meta":[],"product_brand":[],"product_cat":[65],"product_tag":[96,95],"class_list":{"0":"post-989364","1":"product","2":"type-product","3":"status-publish","4":"has-post-thumbnail","6":"product_cat-valve-cover-gasket","7":"product_tag-hyundai","8":"product_tag-mitsubishi","10":"first","11":"instock","12":"shipping-taxable","13":"purchasable","14":"product-type-simple"},"aioseo_notices":[],"_links":{"self":[{"href":"https:\/\/rubberautoparts.com\/pt\/wp-json\/wp\/v2\/product\/989364","targetHints":{"allow":["GET"]}}],"collection":[{"href":"https:\/\/rubberautoparts.com\/pt\/wp-json\/wp\/v2\/product"}],"about":[{"href":"https:\/\/rubberautoparts.com\/pt\/wp-json\/wp\/v2\/types\/product"}],"wp:featuredmedia":[{"embeddable":true,"href":"https:\/\/rubberautoparts.com\/pt\/wp-json\/wp\/v2\/media\/989366"}],"wp:attachment":[{"href":"https:\/\/rubberautoparts.com\/pt\/wp-json\/wp\/v2\/media?parent=989364"}],"wp:term":[{"taxonomy":"product_brand","embeddable":true,"href":"https:\/\/rubberautoparts.com\/pt\/wp-json\/wp\/v2\/product_brand?post=989364"},{"taxonomy":"product_cat","embeddable":true,"href":"https:\/\/rubberautoparts.com\/pt\/wp-json\/wp\/v2\/product_cat?post=989364"},{"taxonomy":"product_tag","embeddable":true,"href":"https:\/\/rubberautoparts.com\/pt\/wp-json\/wp\/v2\/product_tag?post=989364"}],"curies":[{"name":"wp","href":"https:\/\/api.w.org\/{rel}","templated":true}]}}