{"id":989406,"date":"2025-03-18T12:29:55","date_gmt":"2025-03-18T12:29:55","guid":{"rendered":"https:\/\/rubberautoparts.com\/?post_type=product&#038;p=989406"},"modified":"2025-06-23T07:27:27","modified_gmt":"2025-06-23T07:27:27","slug":"cv-joint-boot-ghcvjb0016-oem-43448-06090-c1715t","status":"publish","type":"product","link":"https:\/\/rubberautoparts.com\/pt\/produto\/coifa-de-junta-homocinetica-ghcvjb0016-oem-43448-06090-c1715t\/","title":{"rendered":"BOTA DE JUNTA HOMOCIN\u00c9TICA GHCVJB0016\/OEM: 43448-06090\/C1715T"},"content":{"rendered":"<div class=\"vgblk-rw-wrapper limit-wrapper\">O <strong>Bota de junta homocin\u00e9tica personalizada GHCVJB0016<\/strong>, fabricada de acordo com rigorosos padr\u00f5es OEM (OEM: 43448-06090, C1715T), \u00e9 uma capa protetora premium projetada para proteger as juntas homocin\u00e9ticas do seu ve\u00edculo contra os efeitos nocivos de sujeira, \u00e1gua, detritos e outros contaminantes ambientais. Esta capa de alta qualidade \u00e9 fabricada pela Guanghua Rubber, uma marca confi\u00e1vel em componentes de borracha automotiva, garantindo encaixe preciso e durabilidade superior para atender \u00e0s demandas da dire\u00e7\u00e3o di\u00e1ria e de condi\u00e7\u00f5es off-road desafiadoras.<\/p>\n<p>Constru\u00edda com materiais avan\u00e7ados, flex\u00edveis e resistentes ao calor, a GHCVJB0016 oferece excelente resist\u00eancia a rachaduras, rasgos e envelhecimento, mesmo sob altas temperaturas e tens\u00f5es mec\u00e2nicas. Seu design garante uma veda\u00e7\u00e3o firme que previne eficazmente vazamentos de graxa e contamina\u00e7\u00e3o, causas comuns de desgaste e falha da junta homocin\u00e9tica. Ao manter a lubrifica\u00e7\u00e3o adequada e proteger contra elementos externos, esta capa prolonga a vida \u00fatil da sua junta homocin\u00e9tica, ajudando a evitar reparos e substitui\u00e7\u00f5es dispendiosos.<\/p>\n<p>A instala\u00e7\u00e3o <a href=\"https:\/\/rubberautoparts.com\/pt\/processo-de-producao\/\">processo<\/a> \u00e9 simples, tornando-o adequado para oficinas profissionais de reparo de autom\u00f3veis, distribuidores de pe\u00e7as e propriet\u00e1rios de ve\u00edculos que buscam uma solu\u00e7\u00e3o confi\u00e1vel e compat\u00edvel com OEM. Sua constru\u00e7\u00e3o robusta garante desempenho duradouro, mesmo em ambientes de dire\u00e7\u00e3o adversos. Seja para realizar manuten\u00e7\u00e3o de rotina ou reparar juntas homocin\u00e9ticas danificadas, o <a href=\"https:\/\/www.linkedin.com\/feed\/update\/urn:li:activity:7342814506458206209\/?actorCompanyId=107554455\"><strong>GHCVJB0016<\/strong><\/a> oferece a confian\u00e7a e a garantia de qualidade que voc\u00ea precisa para manter seu ve\u00edculo funcionando sem problemas e com seguran\u00e7a.<\/p>\n<p>Escolha a experi\u00eancia e o compromisso da Guanghua Rubber com a qualidade com esta <strong>Bota de junta homocin\u00e9tica personalizada<\/strong>, que combina ajuste perfeito, durabilidade e conformidade com o OEM, tornando-o um componente ideal para garantir o desempenho ideal do ve\u00edculo e a prote\u00e7\u00e3o do sistema de transmiss\u00e3o.<\/div>\n<p><!-- .vgblk-rw-wrapper --><\/p>","protected":false},"excerpt":{"rendered":"<p>The Custom CV Joint Boot GHCVJB0016, manufactured to strict OEM standards (OEM: 43448-06090, C1715T), is a premium protective boot designed to safeguard your vehicle\u2019s CV joints from the damaging effects of dirt, water, debris, and other environmental contaminants. This high-quality boot is manufactured by Guanghua Rubber, a trusted name in automotive rubber components, ensuring precise&#8230;<\/p>","protected":false},"featured_media":989408,"template":"","meta":[],"product_brand":[],"product_cat":[63],"product_tag":[75],"class_list":{"0":"post-989406","1":"product","2":"type-product","3":"status-publish","4":"has-post-thumbnail","6":"product_cat-cv-joint-boot","7":"product_tag-toyota","9":"first","10":"instock","11":"shipping-taxable","12":"purchasable","13":"product-type-simple"},"aioseo_notices":[],"_links":{"self":[{"href":"https:\/\/rubberautoparts.com\/pt\/wp-json\/wp\/v2\/product\/989406","targetHints":{"allow":["GET"]}}],"collection":[{"href":"https:\/\/rubberautoparts.com\/pt\/wp-json\/wp\/v2\/product"}],"about":[{"href":"https:\/\/rubberautoparts.com\/pt\/wp-json\/wp\/v2\/types\/product"}],"wp:featuredmedia":[{"embeddable":true,"href":"https:\/\/rubberautoparts.com\/pt\/wp-json\/wp\/v2\/media\/989408"}],"wp:attachment":[{"href":"https:\/\/rubberautoparts.com\/pt\/wp-json\/wp\/v2\/media?parent=989406"}],"wp:term":[{"taxonomy":"product_brand","embeddable":true,"href":"https:\/\/rubberautoparts.com\/pt\/wp-json\/wp\/v2\/product_brand?post=989406"},{"taxonomy":"product_cat","embeddable":true,"href":"https:\/\/rubberautoparts.com\/pt\/wp-json\/wp\/v2\/product_cat?post=989406"},{"taxonomy":"product_tag","embeddable":true,"href":"https:\/\/rubberautoparts.com\/pt\/wp-json\/wp\/v2\/product_tag?post=989406"}],"curies":[{"name":"wp","href":"https:\/\/api.w.org\/{rel}","templated":true}]}}