{"id":989423,"date":"2025-03-27T02:26:40","date_gmt":"2025-03-27T02:26:40","guid":{"rendered":"https:\/\/rubberautoparts.com\/?post_type=product&#038;p=989423"},"modified":"2025-03-30T11:36:49","modified_gmt":"2025-03-30T11:36:49","slug":"cv-joint-boot-ghcvjb0020-oem-43448-20020-yb02-1011","status":"publish","type":"product","link":"https:\/\/rubberautoparts.com\/pt\/produto\/bota-de-junta-homocinetica-ghcvjb0020-oem-43448-20020-yb02-1011\/","title":{"rendered":"Coifa da junta homocin\u00e9tica - Coifa do eixo de transmiss\u00e3o interno - GHCVJB0020\/OEM: 43448-20020\/YB02-1011 Toyota \u2013 Camry SXV10, SXV20"},"content":{"rendered":"<div class=\"vgblk-rw-wrapper limit-wrapper\">\n<h2 id=\"heading-0-introduction\"><strong>Introdu\u00e7\u00e3o da bota de junta homocin\u00e9tica<\/strong><\/h2>\n<p>A capa da junta homocin\u00e9tica, ou capa do eixo de transmiss\u00e3o interno, \u00e9 uma parte importante do sistema de transmiss\u00e3o do seu ve\u00edculo. Sua principal fun\u00e7\u00e3o \u00e9 proteger as juntas homocin\u00e9ticas (CV) contra sujeira, umidade e outras subst\u00e2ncias nocivas. Dessa forma, ela garante que a pot\u00eancia do motor seja transmitida suavemente \u00e0s rodas, o que \u00e9 crucial para o desempenho geral e a vida \u00fatil do seu ve\u00edculo.<\/p>\n<figure id=\"attachment_989424\" aria-describedby=\"caption-attachment-989424\" style=\"width: 300px\" class=\"wp-caption alignnone\"><img fetchpriority=\"high\" decoding=\"async\" class=\"size-medium wp-image-989424\" src=\"https:\/\/rubberautoparts.com\/wp-content\/uploads\/2025\/03\/CV-JOINT-BOOT-GHCVJB0020OEM-43448-20020-300x300.png\" alt=\"F\u00e1brica de produtos de borracha de Hebei Guanghua, junta homocin\u00e9tica GHCVJB0020 OEM: 43448-20020\" width=\"300\" height=\"300\" srcset=\"https:\/\/rubberautoparts.com\/wp-content\/uploads\/2025\/03\/CV-JOINT-BOOT-GHCVJB0020OEM-43448-20020-300x300.png 300w, https:\/\/rubberautoparts.com\/wp-content\/uploads\/2025\/03\/CV-JOINT-BOOT-GHCVJB0020OEM-43448-20020-150x150.png 150w, https:\/\/rubberautoparts.com\/wp-content\/uploads\/2025\/03\/CV-JOINT-BOOT-GHCVJB0020OEM-43448-20020-12x12.png 12w, https:\/\/rubberautoparts.com\/wp-content\/uploads\/2025\/03\/CV-JOINT-BOOT-GHCVJB0020OEM-43448-20020-315x315.png 315w, https:\/\/rubberautoparts.com\/wp-content\/uploads\/2025\/03\/CV-JOINT-BOOT-GHCVJB0020OEM-43448-20020.png 500w\" sizes=\"(max-width: 300px) 100vw, 300px\" \/><figcaption id=\"caption-attachment-989424\" class=\"wp-caption-text\">GHCVJB0020<\/figcaption><\/figure>\n<p>O <a href=\"https:\/\/autoparts.toyota.com\/products\/product\/boot-kit-fr-drive-shaft-044380c010\" target=\"_blank\" rel=\"noopener noreferrer\"><strong>Toyota Camry SXV10 e SXV20<\/strong><\/a> Os modelos s\u00e3o amplamente reconhecidos como lendas automotivas. Eles s\u00e3o conhecidos por:<\/p>\n<ul>\n<li>Confiabilidade excepcional<\/li>\n<li>Experi\u00eancia de condu\u00e7\u00e3o suave<\/li>\n<li>Forte valor de revenda<\/li>\n<li>Baixos custos de manuten\u00e7\u00e3o<\/li>\n<\/ul>\n<figure style=\"width: 500px\" class=\"wp-caption alignnone\"><a href=\"https:\/\/en.wikipedia.org\/wiki\/Toyota_Camry_(XV10)\"><img decoding=\"async\" src=\"https:\/\/upload.wikimedia.org\/wikipedia\/commons\/thumb\/4\/4d\/1992-1994_Toyota_Camry_Sedan.jpg\/500px-1992-1994_Toyota_Camry_Sedan.jpg\" alt=\"Toyota Camry SXV10\/SXV20\" width=\"500\" height=\"276\" \/><\/a><figcaption class=\"wp-caption-text\">Toyota Camry SXV10\/SXV20<\/figcaption><\/figure>\n<p>Esses modelos populares de sed\u00e3s exigem pe\u00e7as de reposi\u00e7\u00e3o de alta qualidade para manter seus renomados padr\u00f5es de desempenho. <strong>GHCVJB0020 Bota para junta homocin\u00e9tica<\/strong> (OEM: 43448-20020\/YB02-1011) serve como substitui\u00e7\u00e3o direta para componentes do eixo de transmiss\u00e3o do Toyota Camry, projetado especificamente para as variantes SXV10 e SXV20.<\/p>\n<p>Este guia explora as especifica\u00e7\u00f5es e os benef\u00edcios da capa para junta homocin\u00e9tica GHCVJB0020, fabricada pela Guanghua Rubber Products. Voc\u00ea descobrir\u00e1 por que este componente atende aos padr\u00f5es de qualidade OEM, ao mesmo tempo em que oferece solu\u00e7\u00f5es econ\u00f4micas para as suas necessidades de manuten\u00e7\u00e3o do Toyota Camry. Como fabricante confi\u00e1vel em Hebei, China, a Guanghua traz d\u00e9cadas de experi\u00eancia na produ\u00e7\u00e3o de componentes de borracha automotiva premium, garantindo que seu ve\u00edculo mantenha o desempenho ideal com pe\u00e7as de reposi\u00e7\u00e3o confi\u00e1veis.<\/p>\n<h2 id=\"heading-1-understanding-cv-joint-boots\"><strong><a href=\"https:\/\/rubberautoparts.com\/pt\/product-category\/CV-joint-boot\/\" target=\"_blank\" rel=\"noopener noreferrer\">Compreendendo as botas de junta homocin\u00e9tica<\/a><\/strong><\/h2>\n<p>As capas para juntas homocin\u00e9ticas s\u00e3o revestimentos protetores para as juntas homocin\u00e9ticas (CV) do seu ve\u00edculo. Elas desempenham um papel crucial na prote\u00e7\u00e3o dessas juntas contra sujeira, \u00e1gua, detritos e outras subst\u00e2ncias nocivas que podem danific\u00e1-las.<\/p>\n<h3 id=\"heading-2-how-cv-joint-boots-work\"><strong><a href=\"https:\/\/www.instructables.com\/How-to-replace-a-CV-boot\/\" target=\"_blank\" rel=\"noopener noreferrer\">Como funcionam as botas com junta homocin\u00e9tica<\/a><\/strong><\/h3>\n<p>Essas pe\u00e7as de borracha especializadas criam um espa\u00e7o selado ao redor da junta homocin\u00e9tica, impedindo a entrada de contaminantes externos. Veja como elas conseguem isso:<\/p>\n<ul>\n<li><strong>Constru\u00e7\u00e3o Flex\u00edvel<\/strong>:As botas s\u00e3o projetadas para dobrar e esticar conforme as rodas se movem, permitindo diferentes \u00e2ngulos de movimento sem rasgar.<\/li>\n<li><strong>Extremidades seladas<\/strong>: Grampos firmes em ambas as extremidades das botas garantem que nenhuma \u00e1gua ou outros l\u00edquidos possam entrar.<\/li>\n<li><strong>Reten\u00e7\u00e3o de gordura<\/strong>:Dentro do conjunto da junta, as botas mant\u00eam a graxa lubrificante no lugar.<\/li>\n<li><strong>Resist\u00eancia \u00e0 temperatura<\/strong>:A borracha de alta qualidade usada nas botas pode suportar temperaturas extremas de calor e frio.<\/li>\n<\/ul>\n<h3 id=\"heading-3-why-rubber-composition-matters\"><strong><a href=\"https:\/\/www.reddit.com\/r\/MechanicAdvice\/comments\/awxam8\/cv_joint_boot_materialrubber_or_plastic\/\" target=\"_blank\" rel=\"noopener noreferrer\">Por que a composi\u00e7\u00e3o da borracha \u00e9 importante<\/a><\/strong><\/h3>\n<p>O tipo de borracha usada nas capas para juntas homocin\u00e9ticas \u00e9 essencial para o seu desempenho. Veja o porqu\u00ea:<\/p>\n<ul>\n<li><strong>Resist\u00eancia a \u00f3leo e produtos qu\u00edmicos<\/strong>: Materiais de borracha de alta qualidade podem resistir a danos causados por \u00f3leo e produtos qu\u00edmicos que podem entrar em contato com eles.<\/li>\n<li><strong>Durabilidade sob estresse<\/strong>:As botas precisam ser fortes o suficiente para suportar condi\u00e7\u00f5es de alto estresse, como superf\u00edcies de estrada irregulares ou dire\u00e7\u00e3o agressiva.<\/li>\n<li><strong>Elasticidade para Movimento<\/strong>: A elasticidade superior garante que as botas possam esticar e contrair conforme necess\u00e1rio, permitindo um movimento suave da articula\u00e7\u00e3o homocin\u00e9tica.<\/li>\n<li><strong>Prote\u00e7\u00e3o de longo prazo<\/strong>: Borracha de qualidade oferece prote\u00e7\u00e3o duradoura contra rachaduras e deteriora\u00e7\u00e3o ao longo do tempo.<\/li>\n<\/ul>\n<h3 id=\"heading-4-maintaining-protection-during-vehicle-operation\"><strong>Mantendo a prote\u00e7\u00e3o durante a opera\u00e7\u00e3o do ve\u00edculo<\/strong><\/h3>\n<p>Mesmo quando voc\u00ea estiver dirigindo, as capas para juntas homocin\u00e9ticas continuam protegendo as articula\u00e7\u00f5es. Veja como:<\/p>\n<ol>\n<li>Flex\u00e3o cont\u00ednua com movimentos de roda<\/li>\n<li>Absor\u00e7\u00e3o de vibra\u00e7\u00f5es da estrada<\/li>\n<li>Adapta\u00e7\u00e3o aos \u00e2ngulos de dire\u00e7\u00e3o<\/li>\n<li>Preven\u00e7\u00e3o de vazamento de graxa<\/li>\n<\/ol>\n<p>A capacidade das coifas de permanecerem flex\u00edveis e, ao mesmo tempo, oferecerem prote\u00e7\u00e3o robusta afeta diretamente a durabilidade das juntas homocin\u00e9ticas e o desempenho do sistema de transmiss\u00e3o do seu ve\u00edculo. Quando a coifa est\u00e1 funcionando corretamente, a pot\u00eancia da transmiss\u00e3o flui suavemente para as rodas, garantindo uma din\u00e2mica de dire\u00e7\u00e3o ideal.<\/p>\n<h2 id=\"heading-5-overview-of-the-ghcvjb0020-model\"><strong>Vis\u00e3o geral do modelo GHCVJB0020<\/strong><\/h2>\n<p>A coifa para junta homocin\u00e9tica GHCVJB0020 \u00e9 uma substitui\u00e7\u00e3o direta para a pe\u00e7a original do fabricante (OEM) da Toyota, n\u00famero 43448-20020. Ela foi projetada especificamente para os modelos Camry SXV10 e SXV20.<\/p>\n<p>Este componente fabricado com precis\u00e3o oferece os seguintes recursos:<\/p>\n<h3 id=\"heading-6-key-specifications\"><strong>Chave S<\/strong><strong>especifica\u00e7\u00f5es:<\/strong><\/h3>\n<ul>\n<li>Material:<\/li>\n<li>Di\u00e2metro interno: 22,5 mm<\/li>\n<li>Di\u00e2metro externo: 85 mm<\/li>\n<li>Comprimento: 95 mm<\/li>\n<li>Faixa de temperatura operacional: -40\u00b0C a 120\u00b0C<\/li>\n<li><a href=\"https:\/\/standardprintco.com\/tpr-filament-info\" target=\"_blank\" rel=\"noopener noreferrer\">Dureza do dur\u00f4metro<\/a>: 65\u00b15 Shore A<\/li>\n<\/ul>\n<h3 id=\"heading-7-design-features\"><strong>Caracter\u00edsticas de design:<\/strong><\/h3>\n<ul>\n<li>Estrutura de fole refor\u00e7ada para maior flexibilidade<\/li>\n<li><a href=\"https:\/\/www.simtec-silicone.com\/blogs\/thermoplastic-elastomers-tpe-vs-liquid-silicone-rubber-lsr\/\" target=\"_blank\" rel=\"noopener noreferrer\">Composto resistente a UV<\/a> para evitar a degrada\u00e7\u00e3o do material<\/li>\n<li>Ranhuras projetadas com precis\u00e3o para compress\u00e3o ideal<\/li>\n<li>Design de grampo autofixante para instala\u00e7\u00e3o confi\u00e1vel<\/li>\n<\/ul>\n<p>O GHCVJB0020 atende \u00e0s especifica\u00e7\u00f5es de f\u00e1brica em todas as dimens\u00f5es cr\u00edticas, garantindo integra\u00e7\u00e3o perfeita com os componentes originais do sistema de transmiss\u00e3o da Toyota. A composi\u00e7\u00e3o do material desta pe\u00e7a incorpora elast\u00f4meros avan\u00e7ados que resistem a \u00f3leo, graxa e contaminantes da estrada \u2013 atendendo aos padr\u00f5es de durabilidade estabelecidos pelas pe\u00e7as originais da Toyota.<\/p>\n<p>O design da bota inclui padr\u00f5es de nervuras especializados que permitem m\u00e1xima articula\u00e7\u00e3o, mantendo a integridade estrutural. Esses recursos de engenharia permitem que a GHCVJB0020 ofere\u00e7a desempenho id\u00eantico ao 43448-20020 instalado de f\u00e1brica, tornando-a a escolha ideal tanto para oficinas mec\u00e2nicas quanto para mec\u00e2nicos que trabalham com os modelos Toyota Camry SXV10 e SXV20.<\/p>\n<h2 id=\"heading-8-benefits-of-choosing-guanghuas-cv-joint-boots-for-your-toyota-camry\">Benef\u00edcios de escolher as botas de junta homocin\u00e9tica da Guanghua para o seu Toyota Camry<\/h2>\n<p>A Guanghua Rubber Products oferece valor excepcional com suas capas para juntas homocin\u00e9ticas GHCVJB0020 para os modelos Toyota Camry SXV10 e SXV20. Veja o que nos diferencia:<\/p>\n<h3 id=\"heading-9-1-cost-effective-solutions\"><strong>1. Solu\u00e7\u00f5es econ\u00f4micas<\/strong><\/h3>\n<ul>\n<li>A precifica\u00e7\u00e3o direta de f\u00e1brica elimina as margens de lucro dos intermedi\u00e1rios<\/li>\n<\/ul>\n<p>Descontos para pedidos em grandes quantidades para clientes atacadistasSele\u00e7\u00e3o de mat\u00e9ria-prima<\/p>\n<p>Nossas botas para junta homocin\u00e9tica s\u00e3o fabricadas usando compostos de borracha de alta qualidade, cuidadosamente selecionados para atender a requisitos espec\u00edficos de desempenho:<\/p>\n<ul>\n<li>Borracha Natural (NR): Oferece excelente elasticidade e resist\u00eancia ao rasgo<\/li>\n<li>Borracha de silicone (HTV): Oferece resist\u00eancia superior ao calor e durabilidade<\/li>\n<li>Borracha de nitrila butadieno (NBR): Oferece excelente resist\u00eancia a \u00f3leo e combust\u00edvel<\/li>\n<li>Mon\u00f4mero de etileno propileno dieno (EPDM): garante excelente resist\u00eancia \u00e0s intemp\u00e9ries e ao oz\u00f4nio<\/li>\n<li>Borracha de cloropreno (CR): Oferece desempenho equilibrado em v\u00e1rios ambientes<\/li>\n<li>Esses materiais s\u00e3o provenientes de fornecedores certificados e passam por rigorosos testes de qualidade antes de entrarem em nosso processo de produ\u00e7\u00e3o. Cada composto \u00e9 selecionado especificamente com base na aplica\u00e7\u00e3o pretendida e nas condi\u00e7\u00f5es operacionais do produto final.<\/li>\n<li>Tarifas de envio competitivas por meio de parceiros log\u00edsticos estabelecidos<\/li>\n<\/ul>\n<h3 id=\"heading-10-2-rapid-order-fulfillment\"><strong>2. Atendimento r\u00e1pido de pedidos<\/strong><\/h3>\n<ul>\n<li>Prazo de produ\u00e7\u00e3o padr\u00e3o de 15 a 20 dias<\/li>\n<li>Op\u00e7\u00f5es de fabrica\u00e7\u00e3o expressa dispon\u00edveis<\/li>\n<li>Sistema de rastreamento de pedidos em tempo real<\/li>\n<li>Locais estrat\u00e9gicos de dep\u00f3sito para entrega mais r\u00e1pida<\/li>\n<\/ul>\n<h3 id=\"heading-11-3-customer-centric-support\"><strong>3. Suporte centrado no cliente<\/strong><\/h3>\n<ul>\n<li>Equipe de suporte t\u00e9cnico dedicada<\/li>\n<li>Atendimento ao cliente multil\u00edngue<\/li>\n<li>Assist\u00eancia online 24 horas por dia, 7 dias por semana<\/li>\n<li>Documenta\u00e7\u00e3o abrangente do produto<\/li>\n<\/ul>\n<h3 id=\"heading-12-4-customization-capabilities\"><strong>4. Capacidades de personaliza\u00e7\u00e3o<\/strong><\/h3>\n<ul>\n<li>Ajustes de composi\u00e7\u00e3o de materiais para condi\u00e7\u00f5es clim\u00e1ticas espec\u00edficas<\/li>\n<li>Dimens\u00f5es personalizadas para corresponder \u00e0s especifica\u00e7\u00f5es exatas do ve\u00edculo<\/li>\n<li>Op\u00e7\u00f5es de relevo do logotipo da marca<\/li>\n<li>Varia\u00e7\u00f5es de cores dispon\u00edveis<\/li>\n<li>Requisitos especiais de embalagem atendidos<\/li>\n<\/ul>\n<h3 id=\"heading-13-5-quality-assurance\"><strong>5. Garantia de Qualidade<\/strong><\/h3>\n<ul>\n<li>Inspe\u00e7\u00e3o de qualidade 100% antes do envio<\/li>\n<li>Documenta\u00e7\u00e3o de teste em lote fornecida<\/li>\n<li>Op\u00e7\u00f5es de garantia estendida<\/li>\n<\/ul>\n<p>A coifa para junta homocin\u00e9tica GHCVJB0020 passa por rigorosos testes para atender \u00e0s especifica\u00e7\u00f5es do fabricante original (43448-20020\/YB02-1011), garantindo a instala\u00e7\u00e3o perfeita no seu Toyota Camry. Nossa equipe de engenharia trabalha em estreita colabora\u00e7\u00e3o com os clientes para desenvolver produtos de borracha personalizados que atendam a requisitos espec\u00edficos de desempenho, mantendo a rela\u00e7\u00e3o custo-benef\u00edcio.<\/p>\n<h2 id=\"heading-14-the-manufacturing-process-at-guanghua-ensuring-quality-and-reliability\">O processo de fabrica\u00e7\u00e3o em Guanghua: garantindo qualidade e confiabilidade<\/h2>\n<p>O processo de fabrica\u00e7\u00e3o da Guanghua segue um protocolo rigoroso para criar botas com junta homocin\u00e9tica que atendem aos rigorosos padr\u00f5es da ind\u00fastria. Veja aqui uma an\u00e1lise detalhada da nossa jornada de produ\u00e7\u00e3o:<\/p>\n<h3 id=\"heading-15-1-raw-material-selection\"><strong>1. <\/strong><a href=\"https:\/\/rubberautoparts.com\/pt\/as-materias-primas-essenciais-para-pecas-automotivas-de-borracha\/\" target=\"_blank\" rel=\"noopener noreferrer\"><strong>Sele\u00e7\u00e3o de mat\u00e9ria-prima<\/strong><\/a><\/h3>\n<p>Selecionamos criteriosamente nossas mat\u00e9rias-primas para garantir a mais alta qualidade para nossas capas para juntas homocin\u00e9ticas. Nosso processo de sele\u00e7\u00e3o inclui:<\/p>\n<ul>\n<li>Usando compostos de borracha de qualidade premium para maior durabilidade<\/li>\n<li>Incorporando misturas avan\u00e7adas de pol\u00edmeros para flexibilidade<\/li>\n<li>Obten\u00e7\u00e3o de materiais de qualidade testada de fornecedores certificados<\/li>\n<\/ul>\n<h3 id=\"heading-16-2-production-phases\"><strong>2. Fases de Produ\u00e7\u00e3o<\/strong><\/h3>\n<p>Nosso processo de produ\u00e7\u00e3o consiste em v\u00e1rias fases principais, cada uma projetada para otimizar o desempenho de nossos produtos:<\/p>\n<ul>\n<li><em>Mistura e Composi\u00e7\u00e3o<\/em>:Usamos propor\u00e7\u00f5es de mistura precisas durante o processo de mistura para alcan\u00e7ar flexibilidade ideal em nossas capas de junta homocin\u00e9tica.<\/li>\n<li><em>Processo de moldagem<\/em>:A moldagem por inje\u00e7\u00e3o de alta press\u00e3o \u00e9 empregada em temperaturas controladas para moldar os componentes de borracha.<\/li>\n<li><em>Est\u00e1gio de cura<\/em>:A vulcaniza\u00e7\u00e3o \u00e9 realizada sob condi\u00e7\u00f5es de temperatura monitorada para aumentar a resist\u00eancia e a resili\u00eancia dos materiais.<\/li>\n<li><em>Tratamento de superf\u00edcie<\/em>:Um revestimento antienvelhecimento \u00e9 aplicado como parte da etapa de tratamento de superf\u00edcie para prote\u00e7\u00e3o contra fatores ambientais.<\/li>\n<\/ul>\n<h3 id=\"heading-17-3-quality-control-checkpoints\"><strong>3. Pontos de verifica\u00e7\u00e3o de controle de qualidade<\/strong><\/h3>\n<p>Para manter uma qualidade consistente durante toda a produ\u00e7\u00e3o, estabelecemos v\u00e1rios pontos de verifica\u00e7\u00e3o de controle de qualidade:<\/p>\n<ul>\n<li>Os testes de precis\u00e3o dimensional garantem que cada bota atenda \u00e0s medidas especificadas.<\/li>\n<li>As medi\u00e7\u00f5es de dureza do dur\u00f4metro avaliam o n\u00edvel de dureza da borracha.<\/li>\n<li>As verifica\u00e7\u00f5es de flexibilidade e resist\u00eancia ao estresse avaliam o qu\u00e3o bem o produto pode suportar for\u00e7as de flex\u00e3o e alongamento.<\/li>\n<li>A inspe\u00e7\u00e3o visual de defeitos superficiais ajuda a identificar quaisquer imperfei\u00e7\u00f5es ou falhas na apar\u00eancia.<\/li>\n<\/ul>\n<p>Nossas instala\u00e7\u00f5es de \u00faltima gera\u00e7\u00e3o implementam sistemas automatizados de monitoramento de qualidade em cada etapa da produ\u00e7\u00e3o. Cada lote passa por:<\/p>\n<ul>\n<li>Teste de resist\u00eancia \u00e0 tra\u00e7\u00e3o para determinar quanta for\u00e7a o material pode suportar antes de quebrar.<\/li>\n<li>Verifica\u00e7\u00e3o de resist\u00eancia ao calor para garantir que nossos produtos possam suportar altas temperaturas sem perder desempenho.<\/li>\n<li>An\u00e1lise da composi\u00e7\u00e3o qu\u00edmica para confirmar que os materiais utilizados est\u00e3o de acordo com os padr\u00f5es da ind\u00fastria.<\/li>\n<li>Testes de estresse de durabilidade para simular condi\u00e7\u00f5es do mundo real e avaliar o desempenho das botas ao longo do tempo.<\/li>\n<\/ul>\n<p>A fase final de embalagem inclui a inspe\u00e7\u00e3o individual do produto e a embalagem protetora para evitar danos durante o transporte. Nosso sistema de gest\u00e3o da qualidade mant\u00e9m registros detalhados de cada lote de produ\u00e7\u00e3o, permitindo rastreabilidade completa e qualidade consistente do produto.<\/p>\n<p>O compromisso da Guanghua com a excel\u00eancia na fabrica\u00e7\u00e3o se reflete em nossa certifica\u00e7\u00e3o ISO e na conformidade com os padr\u00f5es automotivos internacionais. Cada coifa de junta homocin\u00e9tica passa por um m\u00ednimo de 12 verifica\u00e7\u00f5es de qualidade antes de receber aprova\u00e7\u00e3o para distribui\u00e7\u00e3o.<\/p>\n<h3 id=\"heading-19-success-metrics-from-b2b-partnerships\"><strong>M\u00e9tricas de sucesso de parcerias B2B:<\/strong><\/h3>\n<ul>\n<li>Dura\u00e7\u00e3o m\u00e9dia da parceria: 7+ anos<\/li>\n<li>Taxa de reten\u00e7\u00e3o de clientes: 94%<\/li>\n<li>Pontua\u00e7\u00e3o de satisfa\u00e7\u00e3o do produto: 4,8\/5<\/li>\n<li>Taxa de entrega pontual: 99,3%<\/li>\n<\/ul>\n<p>Essas parcerias demonstram o comprometimento da Guanghua em fornecer botas de junta homocin\u00e9tica de alto desempenho que atendem aos rigorosos padr\u00f5es da ind\u00fastria, ao mesmo tempo em que oferecem benef\u00edcios de custo substanciais aos nossos parceiros.<\/p>\n<h2 id=\"heading-20-conclusion\">Conclus\u00e3o<\/h2>\n<p>A coifa para junta homocin\u00e9tica GHCVJB0020 \u00e9 uma excelente escolha para propriet\u00e1rios de Toyota Camry SXV10 e SXV20. Esta pe\u00e7a de reposi\u00e7\u00e3o OEM direta (43448-20020\/YB02-1011) oferece durabilidade e desempenho excepcionais a pre\u00e7os competitivos.<\/p>\n<p>Ofertas de produtos de borracha da Guanghua <strong>tr\u00eas benef\u00edcios principais<\/strong> para a manuten\u00e7\u00e3o do seu ve\u00edculo:<\/p>\n<ul>\n<li>Materiais de alta qualidade para desempenho mais duradouro<\/li>\n<li>Compatibilidade direta com OEM para f\u00e1cil instala\u00e7\u00e3o<\/li>\n<li>Pre\u00e7os acess\u00edveis sem sacrificar a qualidade<\/li>\n<\/ul>\n<p>Seu Toyota Camry merece pe\u00e7as confi\u00e1veis que o mantenham funcionando perfeitamente e com seguran\u00e7a. Com o hist\u00f3rico comprovado e o compromisso da Guanghua com a qualidade, voc\u00ea pode confiar em nossas capas para junta homocin\u00e9tica para proteger eficazmente o sistema de eixo de transmiss\u00e3o do seu ve\u00edculo.<\/p>\n<p><em>Pronto para atualizar seu Toyota Camry com pe\u00e7as de qualidade? Entre em contato com a Guanghua Rubber Products hoje mesmo para suas necessidades de coifa para junta homocin\u00e9tica.<\/em><\/p>\n<h3 id=\"heading-21-faqs-frequently-asked-questions\"><strong>FAQs (Perguntas Frequentes)<\/strong><\/h3>\n<h4 id=\"heading-22-what-is-a-cv-joint-boot-and-why-is-it-important-for-vehicle-performance\"><strong>O que \u00e9 uma coifa de junta homocin\u00e9tica e por que ela \u00e9 importante para o desempenho do ve\u00edculo?<\/strong><\/h4>\n<p>A capa protetora da junta homocin\u00e9tica \u00e9 uma capa protetora que reveste as juntas homocin\u00e9ticas (CV) do eixo de transmiss\u00e3o de um ve\u00edculo. Sua principal fun\u00e7\u00e3o \u00e9 evitar que sujeira, umidade e detritos entrem na junta homocin\u00e9tica, o que pode causar desgaste. Ao manter um ambiente limpo, a capa protetora da junta homocin\u00e9tica garante uma transfer\u00eancia de pot\u00eancia suave e melhora o desempenho geral do ve\u00edculo.<\/p>\n<h4 id=\"heading-23-which-toyota-camry-models-are-compatible-with-the-ghcvjb0020-cv-joint-boot\"><strong>Quais modelos do Toyota Camry s\u00e3o compat\u00edveis com a coifa da junta homocin\u00e9tica GHCVJB0020?<\/strong><\/h4>\n<p>A capa para junta homocin\u00e9tica GHCVJB0020 foi projetada especificamente para uso com os modelos Toyota Camry SXV10 e SXV20. Essa compatibilidade a torna uma excelente escolha para propriet\u00e1rios desses populares ve\u00edculos Toyota que buscam pe\u00e7as de reposi\u00e7\u00e3o confi\u00e1veis no mercado de reposi\u00e7\u00e3o.<\/p>\n<h4 id=\"heading-24-what-are-the-specifications-of-the-ghcvjb0020-cv-joint-boot\"><strong>Quais s\u00e3o as especifica\u00e7\u00f5es da capa para junta homocin\u00e9tica GHCVJB0020?<\/strong><\/h4>\n<p>A coifa para junta homocin\u00e9tica GHCVJB0020 apresenta dimens\u00f5es e composi\u00e7\u00e3o de material espec\u00edficas que aumentam sua durabilidade e confiabilidade de desempenho. \u00c9 uma pe\u00e7a compat\u00edvel com OEM, correspondendo ao n\u00famero de pe\u00e7a OEM 43448-20020, garantindo um encaixe perfeito nos componentes instalados de f\u00e1brica dos modelos Toyota Camry SXV10 e SXV20.<\/p>\n<h4 id=\"heading-25-why-should-i-choose-guanghua-rubber-products-for-my-cv-joint-boots\"><strong>Por que devo escolher a Guanghua Rubber Products para minhas botas de junta homocin\u00e9tica?<\/strong><\/h4>\n<p>Escolher a Guanghua Rubber Products para suas botas de junta homocin\u00e9tica oferece diversas vantagens, incluindo pre\u00e7os competitivos, entrega pontual e suporte ao cliente excepcional. Al\u00e9m disso, a Guanghua oferece op\u00e7\u00f5es de personaliza\u00e7\u00e3o para atender \u00e0s necessidades espec\u00edficas do cliente ou da marca, garantindo que voc\u00ea receba um produto sob medida para suas prefer\u00eancias.<\/p>\n<h4 id=\"heading-26-how-does-guanghua-ensure-the-quality-of-its-cv-joint-boots-during-manufacturing\"><strong>Como a Guanghua garante a qualidade de suas botas de junta homocin\u00e9tica durante a fabrica\u00e7\u00e3o?<\/strong><\/h4>\n<p>A Guanghua implementa rigorosos controles de qualidade em todo o seu processo de fabrica\u00e7\u00e3o. Da obten\u00e7\u00e3o da mat\u00e9ria-prima \u00e0 embalagem final, cada etapa \u00e9 monitorada para garantir que cada coifa de junta homocin\u00e9tica atenda aos padr\u00f5es da ind\u00fastria em termos de durabilidade e desempenho, garantindo um produto de alta qualidade.<\/p>\n<h4 id=\"heading-27-can-you-provide-examples-of-successful-partnerships-involving-guanghua-products\"><strong>Voc\u00ea pode fornecer exemplos de parcerias bem-sucedidas envolvendo produtos Guanghua?<\/strong><\/h4>\n<p>Sim! Diversas empresas automotivas firmaram parcerias de sucesso com a Guanghua, beneficiando-se de suas capas de junta homocin\u00e9tica de alta qualidade. Essas parcerias resultaram em maior satisfa\u00e7\u00e3o do cliente e redu\u00e7\u00e3o de reclama\u00e7\u00f5es de garantia, com depoimentos destacando a qualidade superior e a rela\u00e7\u00e3o custo-benef\u00edcio dos produtos da Guanghua em compara\u00e7\u00e3o aos concorrentes.<\/p><\/div>\n<p><!-- .vgblk-rw-wrapper --><\/p>","protected":false},"excerpt":{"rendered":"<p>Introduction of Cv Joint Boot The CV joint boot,inner drive shaft boot is an important part of your vehicle&#8217;s drivetrain system. Its main job is to protect the constant velocity (CV) joints from dirt, moisture, and other harmful substances. By doing so, it ensures that power from the engine is smoothly transmitted to the wheels,&#8230;<\/p>","protected":false},"featured_media":989424,"template":"","meta":[],"product_brand":[],"product_cat":[63],"product_tag":[75],"class_list":{"0":"post-989423","1":"product","2":"type-product","3":"status-publish","4":"has-post-thumbnail","6":"product_cat-cv-joint-boot","7":"product_tag-toyota","9":"first","10":"instock","11":"shipping-taxable","12":"purchasable","13":"product-type-simple"},"aioseo_notices":[],"_links":{"self":[{"href":"https:\/\/rubberautoparts.com\/pt\/wp-json\/wp\/v2\/product\/989423","targetHints":{"allow":["GET"]}}],"collection":[{"href":"https:\/\/rubberautoparts.com\/pt\/wp-json\/wp\/v2\/product"}],"about":[{"href":"https:\/\/rubberautoparts.com\/pt\/wp-json\/wp\/v2\/types\/product"}],"wp:featuredmedia":[{"embeddable":true,"href":"https:\/\/rubberautoparts.com\/pt\/wp-json\/wp\/v2\/media\/989424"}],"wp:attachment":[{"href":"https:\/\/rubberautoparts.com\/pt\/wp-json\/wp\/v2\/media?parent=989423"}],"wp:term":[{"taxonomy":"product_brand","embeddable":true,"href":"https:\/\/rubberautoparts.com\/pt\/wp-json\/wp\/v2\/product_brand?post=989423"},{"taxonomy":"product_cat","embeddable":true,"href":"https:\/\/rubberautoparts.com\/pt\/wp-json\/wp\/v2\/product_cat?post=989423"},{"taxonomy":"product_tag","embeddable":true,"href":"https:\/\/rubberautoparts.com\/pt\/wp-json\/wp\/v2\/product_tag?post=989423"}],"curies":[{"name":"wp","href":"https:\/\/api.w.org\/{rel}","templated":true}]}}